{"id":962,"date":"2024-07-15T15:37:57","date_gmt":"2024-07-15T15:37:57","guid":{"rendered":"https:\/\/www.metrolondres.es\/?page_id=962"},"modified":"2024-08-29T18:29:07","modified_gmt":"2024-08-29T18:29:07","slug":"ligne-waterloo-city","status":"publish","type":"page","link":"https:\/\/www.metrolondres.es\/fr\/lignes\/ligne-waterloo-city\/","title":{"rendered":"Ligne Waterloo &#038; City"},"content":{"rendered":"<p><strong>La ligne Waterloo &amp; City<\/strong> est l&rsquo;une des lignes les plus particuli\u00e8res du <strong>m\u00e9tro de Londres<\/strong>, facilement identifiable par sa couleur bleu-vert sur le plan du m\u00e9tro.<\/p><div id=\"metro-475802040\" class=\"metro-contenido metro-entity-placement\"><script async src=\"\/\/pagead2.googlesyndication.com\/pagead\/js\/adsbygoogle.js?client=ca-pub-3426171902310072\" crossorigin=\"anonymous\"><\/script><ins class=\"adsbygoogle\" style=\"display:block;\" data-ad-client=\"ca-pub-3426171902310072\" \ndata-ad-slot=\"2301483529\" \ndata-ad-format=\"auto\" data-full-width-responsive=\"true\"><\/ins>\n<script> \n(adsbygoogle = window.adsbygoogle || []).push({}); \n<\/script>\n<\/div>\n<figure id=\"attachment_268\" aria-describedby=\"caption-attachment-268\" style=\"width: 700px\" class=\"wp-caption aligncenter\"><img decoding=\"async\" class=\"responsive-img wp-image-268 size-full lazyload\" data-src=\"https:\/\/www.metrolondres.es\/wp-content\/uploads\/2014\/06\/Waterloo-and-city-metro-de-londres.png\" alt=\"ligne Waterloo et City\" width=\"700\" height=\"125\" data-srcset=\"https:\/\/www.metrolondres.es\/wp-content\/uploads\/2014\/06\/Waterloo-and-city-metro-de-londres.png 700w, https:\/\/www.metrolondres.es\/wp-content\/uploads\/2014\/06\/Waterloo-and-city-metro-de-londres-300x53.png 300w, https:\/\/www.metrolondres.es\/wp-content\/uploads\/2014\/06\/Waterloo-and-city-metro-de-londres-624x111.png 624w\" data-sizes=\"(max-width: 700px) 100vw, 700px\" src=\"data:image\/svg+xml;base64,PHN2ZyB3aWR0aD0iMSIgaGVpZ2h0PSIxIiB4bWxucz0iaHR0cDovL3d3dy53My5vcmcvMjAwMC9zdmciPjwvc3ZnPg==\" style=\"--smush-placeholder-width: 700px; --smush-placeholder-aspect-ratio: 700\/125;\" \/><figcaption id=\"caption-attachment-268\" class=\"wp-caption-text\">Waterloo et City<\/figcaption><\/figure>\n<h3>Qu&rsquo;est-ce qui rend la ligne Waterloo &amp; City sp\u00e9ciale ?<\/h3>\n<p>La <strong>ligne Waterloo &amp; City<\/strong> est la plus courte de tout le r\u00e9seau du m\u00e9tro de Londres, avec une longueur totale de seulement 2,5 kilom\u00e8tres. Malgr\u00e9 sa petite taille, cette ligne joue un r\u00f4le crucial en connectant deux importants centres de transport : <strong>Waterloo<\/strong> et <strong>Bank<\/strong>. Le plus int\u00e9ressant \u00e0 propos de cette ligne est que tout son parcours est souterrain, passant sous la Tamise \u00e0 grande profondeur. Le trajet entre ces deux stations ne dure que 3 minutes, offrant une connexion rapide et efficace pour les voyageurs se d\u00e9pla\u00e7ant entre le sud de Londres et la City.<\/p>\n<p>Bien que cette ligne ne compte que deux stations, elle transporte environ 15 millions de passagers chaque ann\u00e9e. Cela refl\u00e8te son importance pour les travailleurs qui se d\u00e9placent entre les bureaux et les centres financiers de la City et les zones r\u00e9sidentielles et de transport du sud de Londres.<\/p>\n<figure id=\"attachment_1533\" aria-describedby=\"caption-attachment-1533\" style=\"width: 580px\" class=\"wp-caption alignnone\"><a href=\"https:\/\/www.metrolondres.es\/wp-content\/uploads\/2024\/08\/waterloo_and_city-1024x768.webp\"><img decoding=\"async\" class=\"size-large wp-image-1533 lazyload\" data-src=\"https:\/\/www.metrolondres.es\/wp-content\/uploads\/2024\/08\/waterloo_and_city-1024x768.webp\" alt=\"Waterloo station\" width=\"580\" height=\"435\" data-srcset=\"https:\/\/www.metrolondres.es\/wp-content\/uploads\/2024\/08\/waterloo_and_city-1024x768.webp 1024w, https:\/\/www.metrolondres.es\/wp-content\/uploads\/2024\/08\/waterloo_and_city-300x225.webp 300w, https:\/\/www.metrolondres.es\/wp-content\/uploads\/2024\/08\/waterloo_and_city-768x576.webp 768w, https:\/\/www.metrolondres.es\/wp-content\/uploads\/2024\/08\/waterloo_and_city-1200x900.webp 1200w, https:\/\/www.metrolondres.es\/wp-content\/uploads\/2024\/08\/waterloo_and_city.webp 1280w\" data-sizes=\"(max-width: 580px) 100vw, 580px\" src=\"data:image\/svg+xml;base64,PHN2ZyB3aWR0aD0iMSIgaGVpZ2h0PSIxIiB4bWxucz0iaHR0cDovL3d3dy53My5vcmcvMjAwMC9zdmciPjwvc3ZnPg==\" style=\"--smush-placeholder-width: 580px; --smush-placeholder-aspect-ratio: 580\/435;\" \/><\/a><figcaption id=\"caption-attachment-1533\" class=\"wp-caption-text\">Sunil060902, CC BY-SA 3.0 &lt;https:\/\/creativecommons.org\/licenses\/by-sa\/3.0&gt;, via Wikimedia Commons<\/figcaption><\/figure>\n<h3>Stations de la ligne Waterloo &amp; City<\/h3>\n<p>Comme mentionn\u00e9, la ligne Waterloo &amp; City ne poss\u00e8de que deux stations :<\/p><div id=\"metro-2294960203\" class=\"metro-contenido_2 metro-entity-placement\"><script async src=\"\/\/pagead2.googlesyndication.com\/pagead\/js\/adsbygoogle.js?client=ca-pub-3426171902310072\" crossorigin=\"anonymous\"><\/script><ins class=\"adsbygoogle\" style=\"display:block;\" data-ad-client=\"ca-pub-3426171902310072\" \ndata-ad-slot=\"8483748498\" \ndata-ad-format=\"auto\" data-full-width-responsive=\"true\"><\/ins>\n<script> \n(adsbygoogle = window.adsbygoogle || []).push({}); \n<\/script>\n<\/div>\n<ul>\n<li><strong>Station Waterloo :<\/strong> Un important centre de transport qui connecte plusieurs lignes de m\u00e9tro et de trains nationaux.<\/li>\n<li><strong>Station Bank :<\/strong> (Initialement appel\u00e9e &lsquo;City&rsquo;) est situ\u00e9e au c\u0153ur du quartier financier de Londres et est un point de correspondance cl\u00e9 avec plusieurs lignes de m\u00e9tro et le DLR (Docklands Light Railway).<\/li>\n<\/ul>\n<h3>Plan et itin\u00e9raire de la ligne Waterloo &amp; City<\/h3>\n<figure id=\"attachment_276\" aria-describedby=\"caption-attachment-276\" style=\"width: 625px\" class=\"wp-caption aligncenter\"><img decoding=\"async\" class=\"size-large wp-image-276 lazyload\" data-src=\"https:\/\/www.metrolondres.es\/wp-content\/uploads\/2014\/06\/mapa-linea-waterloo-metro-londres-1024x352.png\" alt=\"plan du m\u00e9tro de Londres. Ligne Waterloo et City\" width=\"625\" height=\"214\" data-srcset=\"https:\/\/www.metrolondres.es\/wp-content\/uploads\/2014\/06\/mapa-linea-waterloo-metro-londres-1024x352.png 1024w, https:\/\/www.metrolondres.es\/wp-content\/uploads\/2014\/06\/mapa-linea-waterloo-metro-londres-300x103.png 300w, https:\/\/www.metrolondres.es\/wp-content\/uploads\/2014\/06\/mapa-linea-waterloo-metro-londres-624x214.png 624w\" data-sizes=\"(max-width: 625px) 100vw, 625px\" src=\"data:image\/svg+xml;base64,PHN2ZyB3aWR0aD0iMSIgaGVpZ2h0PSIxIiB4bWxucz0iaHR0cDovL3d3dy53My5vcmcvMjAwMC9zdmciPjwvc3ZnPg==\" style=\"--smush-placeholder-width: 625px; --smush-placeholder-aspect-ratio: 625\/214;\" \/><figcaption id=\"caption-attachment-276\" class=\"wp-caption-text\">M\u00e9tro de Londres : Plan de la ligne Waterloo &amp; City<\/figcaption><\/figure>\n<h3>Horaires de fonctionnement de la ligne Waterloo &amp; City<\/h3>\n<p>La ligne Waterloo &amp; City fonctionne du lundi au vendredi de <strong>6h15 \u00e0 00h30<\/strong>. C&rsquo;est la seule ligne du m\u00e9tro de Londres qui n&rsquo;offre pas un service complet pendant les week-ends : le samedi, les trains circulent de <strong>8h00 \u00e0 00h30<\/strong>, et le dimanche et les jours f\u00e9ri\u00e9s, la ligne est ferm\u00e9e. Cela s&rsquo;explique en partie par le fait que la ligne sert principalement aux travailleurs de la City, qui n&rsquo;ont pas besoin de service les week-ends. Pour consulter les horaires mis \u00e0 jour : <a title=\"Horaires des premiers et derniers trains de la ligne Waterloo et City\" href=\"https:\/\/www.tfl.gov.uk\/cdn\/static\/cms\/documents\/first-and-last-waterloo-city.pdf\" target=\"_blank\" rel=\"noopener\">m\u00e9tro de Londres<\/a>.<\/p>\n<h3>Anecdotes sur la ligne Waterloo &amp; City<\/h3>\n<p>Saviez-vous que la ligne Waterloo &amp; City est \u00e9galement connue sous le nom de \u00ab\u00a0The Drain\u00a0\u00bb (Le Drain) ? Ce surnom vient de son tunnel profond et enti\u00e8rement souterrain qui \u00ab\u00a0draine\u00a0\u00bb les passagers entre les stations Waterloo et Bank. Bien que l&rsquo;origine exacte de ce surnom ne soit pas claire, de nombreux utilisateurs affirment qu&rsquo;il convient parfaitement, \u00e9tant donn\u00e9 la sensation de se faire \u00ab\u00a0drainer\u00a0\u00bb d&rsquo;un c\u00f4t\u00e9 \u00e0 l&rsquo;autre de la ville.<\/p>\n<p>Une autre anecdote int\u00e9ressante concerne le changement de nom de la station Bank. Initialement nomm\u00e9e \u00ab\u00a0City\u00a0\u00bb en raison de son emplacement dans le quartier financier de Londres, la station a \u00e9t\u00e9 renomm\u00e9e en 1940 \u00ab\u00a0Bank\u00a0\u00bb pour refl\u00e9ter sa proximit\u00e9 avec la Banque d&rsquo;Angleterre.<\/p>\n<p>De plus, la ligne Waterloo &amp; City est unique parce qu&rsquo;elle est la seule ligne du m\u00e9tro de Londres \u00e0 \u00eatre enti\u00e8rement souterraine sur tout son parcours. Bien que cela soit d\u00fb \u00e0 sa courte longueur de 2,5 kilom\u00e8tres, elle offre une exp\u00e9rience de voyage diff\u00e9rente de toute autre ligne du r\u00e9seau du m\u00e9tro de Londres.<\/p><div id=\"metro-2298288637\" class=\"metro-contenido_2-2 metro-entity-placement\"><script async src=\"\/\/pagead2.googlesyndication.com\/pagead\/js\/adsbygoogle.js?client=ca-pub-3426171902310072\" crossorigin=\"anonymous\"><\/script><ins class=\"adsbygoogle\" style=\"display:block;\" data-ad-client=\"ca-pub-3426171902310072\" \ndata-ad-slot=\"8483748498\" \ndata-ad-format=\"auto\" data-full-width-responsive=\"true\"><\/ins>\n<script> \n(adsbygoogle = window.adsbygoogle || []).push({}); \n<\/script>\n<\/div>\n<p>Avec seulement deux stations et un parcours souterrain court mais vital, la ligne Waterloo &amp; City reste un \u00e9l\u00e9ment essentiel du m\u00e9tro de Londres, reliant efficacement le sud de Londres au c\u0153ur financier de la ville.<\/p>\n","protected":false},"excerpt":{"rendered":"<p>La ligne Waterloo &amp; City est l&rsquo;une des lignes les plus particuli\u00e8res du m\u00e9tro de Londres, facilement identifiable par sa couleur bleu-vert sur le plan du m\u00e9tro. Qu&rsquo;est-ce qui rend la ligne Waterloo &amp; City sp\u00e9ciale ? La ligne Waterloo &amp; City est la plus courte de tout le r\u00e9seau du m\u00e9tro de Londres, avec [&hellip;]<\/p>\n","protected":false},"author":1,"featured_media":1640,"parent":825,"menu_order":11,"comment_status":"open","ping_status":"open","template":"","meta":{"footnotes":""},"class_list":["post-962","page","type-page","status-publish","has-post-thumbnail","hentry"],"yoast_head":"<!-- This site is optimized with the Yoast SEO plugin v24.6 - https:\/\/yoast.com\/wordpress\/plugins\/seo\/ -->\n<title>Ligne Waterloo &amp; City - M\u00e9tro de Londres<\/title>\n<meta name=\"description\" content=\"La ligne Waterloo &amp; City est la ligne bleu vert du m\u00e9tro de Londres, reliant les stations Waterloo et Bank. D\u00e9couvrez ses horaires, son itin\u00e9raire et d&#039;autres informations utiles pour les voyageurs.\" \/>\n<meta name=\"robots\" content=\"index, follow, max-snippet:-1, max-image-preview:large, max-video-preview:-1\" \/>\n<link rel=\"canonical\" href=\"https:\/\/www.metrolondres.es\/fr\/lignes\/ligne-waterloo-city\/\" \/>\n<meta property=\"og:locale\" content=\"fr_FR\" \/>\n<meta property=\"og:type\" content=\"article\" \/>\n<meta property=\"og:title\" content=\"Ligne Waterloo &amp; City - M\u00e9tro de Londres\" \/>\n<meta property=\"og:description\" content=\"La ligne Waterloo &amp; City est la ligne bleu vert du m\u00e9tro de Londres, reliant les stations Waterloo et Bank. D\u00e9couvrez ses horaires, son itin\u00e9raire et d&#039;autres informations utiles pour les voyageurs.\" \/>\n<meta property=\"og:url\" content=\"https:\/\/www.metrolondres.es\/fr\/lignes\/ligne-waterloo-city\/\" \/>\n<meta property=\"og:site_name\" content=\"M\u00e9tro de Londres\" \/>\n<meta property=\"article:publisher\" content=\"https:\/\/www.facebook.com\/metrodelondres\/\" \/>\n<meta property=\"article:modified_time\" content=\"2024-08-29T18:29:07+00:00\" \/>\n<meta property=\"og:image\" content=\"https:\/\/www.metrolondres.es\/wp-content\/uploads\/2024\/08\/waterloo_and_city_logo.jpg\" \/>\n\t<meta property=\"og:image:width\" content=\"1200\" \/>\n\t<meta property=\"og:image:height\" content=\"675\" \/>\n\t<meta property=\"og:image:type\" content=\"image\/jpeg\" \/>\n<meta name=\"twitter:card\" content=\"summary_large_image\" \/>\n<meta name=\"twitter:site\" content=\"@metrolondres\" \/>\n<script type=\"application\/ld+json\" class=\"yoast-schema-graph\">{\"@context\":\"https:\/\/schema.org\",\"@graph\":[{\"@type\":\"WebPage\",\"@id\":\"https:\/\/www.metrolondres.es\/fr\/lignes\/ligne-waterloo-city\/\",\"url\":\"https:\/\/www.metrolondres.es\/fr\/lignes\/ligne-waterloo-city\/\",\"name\":\"Ligne Waterloo & City - M\u00e9tro de Londres\",\"isPartOf\":{\"@id\":\"https:\/\/www.metrolondres.es\/#website\"},\"primaryImageOfPage\":{\"@id\":\"https:\/\/www.metrolondres.es\/fr\/lignes\/ligne-waterloo-city\/#primaryimage\"},\"image\":{\"@id\":\"https:\/\/www.metrolondres.es\/fr\/lignes\/ligne-waterloo-city\/#primaryimage\"},\"thumbnailUrl\":\"https:\/\/www.metrolondres.es\/wp-content\/uploads\/2024\/08\/waterloo_city_line_logo.jpg\",\"datePublished\":\"2024-07-15T15:37:57+00:00\",\"dateModified\":\"2024-08-29T18:29:07+00:00\",\"description\":\"La ligne Waterloo & City est la ligne bleu vert du m\u00e9tro de Londres, reliant les stations Waterloo et Bank. D\u00e9couvrez ses horaires, son itin\u00e9raire et d'autres informations utiles pour les voyageurs.\",\"breadcrumb\":{\"@id\":\"https:\/\/www.metrolondres.es\/fr\/lignes\/ligne-waterloo-city\/#breadcrumb\"},\"inLanguage\":\"fr-FR\",\"potentialAction\":[{\"@type\":\"ReadAction\",\"target\":[\"https:\/\/www.metrolondres.es\/fr\/lignes\/ligne-waterloo-city\/\"]}]},{\"@type\":\"ImageObject\",\"inLanguage\":\"fr-FR\",\"@id\":\"https:\/\/www.metrolondres.es\/fr\/lignes\/ligne-waterloo-city\/#primaryimage\",\"url\":\"https:\/\/www.metrolondres.es\/wp-content\/uploads\/2024\/08\/waterloo_city_line_logo.jpg\",\"contentUrl\":\"https:\/\/www.metrolondres.es\/wp-content\/uploads\/2024\/08\/waterloo_city_line_logo.jpg\",\"width\":1200,\"height\":675,\"caption\":\"Waterloo and City\"},{\"@type\":\"BreadcrumbList\",\"@id\":\"https:\/\/www.metrolondres.es\/fr\/lignes\/ligne-waterloo-city\/#breadcrumb\",\"itemListElement\":[{\"@type\":\"ListItem\",\"position\":1,\"name\":\"Home\",\"item\":\"https:\/\/www.metrolondres.es\/fr\/\"},{\"@type\":\"ListItem\",\"position\":2,\"name\":\"Lignes de m\u00e9tro\",\"item\":\"https:\/\/www.metrolondres.es\/fr\/lignes\/\"},{\"@type\":\"ListItem\",\"position\":3,\"name\":\"Ligne Waterloo &#038; City\"}]},{\"@type\":\"WebSite\",\"@id\":\"https:\/\/www.metrolondres.es\/#website\",\"url\":\"https:\/\/www.metrolondres.es\/\",\"name\":\"M\u00e9tro de Londres\",\"description\":\"mapa, horario, im\u00e1genes, tarifas, estaciones y zonas, historia y todo la informaci\u00f3n del metro de Londres\",\"publisher\":{\"@id\":\"https:\/\/www.metrolondres.es\/#organization\"},\"potentialAction\":[{\"@type\":\"SearchAction\",\"target\":{\"@type\":\"EntryPoint\",\"urlTemplate\":\"https:\/\/www.metrolondres.es\/?s={search_term_string}\"},\"query-input\":{\"@type\":\"PropertyValueSpecification\",\"valueRequired\":true,\"valueName\":\"search_term_string\"}}],\"inLanguage\":\"fr-FR\"},{\"@type\":\"Organization\",\"@id\":\"https:\/\/www.metrolondres.es\/#organization\",\"name\":\"MetroLondresEs\",\"url\":\"https:\/\/www.metrolondres.es\/\",\"logo\":{\"@type\":\"ImageObject\",\"inLanguage\":\"fr-FR\",\"@id\":\"https:\/\/www.metrolondres.es\/#\/schema\/logo\/image\/\",\"url\":\"https:\/\/www.metrolondres.es\/wp-content\/uploads\/2024\/07\/cropped-android-chrome-512x512-1.jpg\",\"contentUrl\":\"https:\/\/www.metrolondres.es\/wp-content\/uploads\/2024\/07\/cropped-android-chrome-512x512-1.jpg\",\"width\":512,\"height\":512,\"caption\":\"MetroLondresEs\"},\"image\":{\"@id\":\"https:\/\/www.metrolondres.es\/#\/schema\/logo\/image\/\"},\"sameAs\":[\"https:\/\/www.facebook.com\/metrodelondres\/\",\"https:\/\/x.com\/metrolondres\"]}]}<\/script>\n<!-- \/ Yoast SEO plugin. -->","yoast_head_json":{"title":"Ligne Waterloo & City - M\u00e9tro de Londres","description":"La ligne Waterloo & City est la ligne bleu vert du m\u00e9tro de Londres, reliant les stations Waterloo et Bank. D\u00e9couvrez ses horaires, son itin\u00e9raire et d'autres informations utiles pour les voyageurs.","robots":{"index":"index","follow":"follow","max-snippet":"max-snippet:-1","max-image-preview":"max-image-preview:large","max-video-preview":"max-video-preview:-1"},"canonical":"https:\/\/www.metrolondres.es\/fr\/lignes\/ligne-waterloo-city\/","og_locale":"fr_FR","og_type":"article","og_title":"Ligne Waterloo & City - M\u00e9tro de Londres","og_description":"La ligne Waterloo & City est la ligne bleu vert du m\u00e9tro de Londres, reliant les stations Waterloo et Bank. D\u00e9couvrez ses horaires, son itin\u00e9raire et d'autres informations utiles pour les voyageurs.","og_url":"https:\/\/www.metrolondres.es\/fr\/lignes\/ligne-waterloo-city\/","og_site_name":"M\u00e9tro de Londres","article_publisher":"https:\/\/www.facebook.com\/metrodelondres\/","article_modified_time":"2024-08-29T18:29:07+00:00","og_image":[{"width":1200,"height":675,"url":"https:\/\/www.metrolondres.es\/wp-content\/uploads\/2024\/08\/waterloo_and_city_logo.jpg","type":"image\/jpeg"}],"twitter_card":"summary_large_image","twitter_site":"@metrolondres","schema":{"@context":"https:\/\/schema.org","@graph":[{"@type":"WebPage","@id":"https:\/\/www.metrolondres.es\/fr\/lignes\/ligne-waterloo-city\/","url":"https:\/\/www.metrolondres.es\/fr\/lignes\/ligne-waterloo-city\/","name":"Ligne Waterloo & City - M\u00e9tro de Londres","isPartOf":{"@id":"https:\/\/www.metrolondres.es\/#website"},"primaryImageOfPage":{"@id":"https:\/\/www.metrolondres.es\/fr\/lignes\/ligne-waterloo-city\/#primaryimage"},"image":{"@id":"https:\/\/www.metrolondres.es\/fr\/lignes\/ligne-waterloo-city\/#primaryimage"},"thumbnailUrl":"https:\/\/www.metrolondres.es\/wp-content\/uploads\/2024\/08\/waterloo_city_line_logo.jpg","datePublished":"2024-07-15T15:37:57+00:00","dateModified":"2024-08-29T18:29:07+00:00","description":"La ligne Waterloo & City est la ligne bleu vert du m\u00e9tro de Londres, reliant les stations Waterloo et Bank. D\u00e9couvrez ses horaires, son itin\u00e9raire et d'autres informations utiles pour les voyageurs.","breadcrumb":{"@id":"https:\/\/www.metrolondres.es\/fr\/lignes\/ligne-waterloo-city\/#breadcrumb"},"inLanguage":"fr-FR","potentialAction":[{"@type":"ReadAction","target":["https:\/\/www.metrolondres.es\/fr\/lignes\/ligne-waterloo-city\/"]}]},{"@type":"ImageObject","inLanguage":"fr-FR","@id":"https:\/\/www.metrolondres.es\/fr\/lignes\/ligne-waterloo-city\/#primaryimage","url":"https:\/\/www.metrolondres.es\/wp-content\/uploads\/2024\/08\/waterloo_city_line_logo.jpg","contentUrl":"https:\/\/www.metrolondres.es\/wp-content\/uploads\/2024\/08\/waterloo_city_line_logo.jpg","width":1200,"height":675,"caption":"Waterloo and City"},{"@type":"BreadcrumbList","@id":"https:\/\/www.metrolondres.es\/fr\/lignes\/ligne-waterloo-city\/#breadcrumb","itemListElement":[{"@type":"ListItem","position":1,"name":"Home","item":"https:\/\/www.metrolondres.es\/fr\/"},{"@type":"ListItem","position":2,"name":"Lignes de m\u00e9tro","item":"https:\/\/www.metrolondres.es\/fr\/lignes\/"},{"@type":"ListItem","position":3,"name":"Ligne Waterloo &#038; City"}]},{"@type":"WebSite","@id":"https:\/\/www.metrolondres.es\/#website","url":"https:\/\/www.metrolondres.es\/","name":"M\u00e9tro de Londres","description":"mapa, horario, im\u00e1genes, tarifas, estaciones y zonas, historia y todo la informaci\u00f3n del metro de Londres","publisher":{"@id":"https:\/\/www.metrolondres.es\/#organization"},"potentialAction":[{"@type":"SearchAction","target":{"@type":"EntryPoint","urlTemplate":"https:\/\/www.metrolondres.es\/?s={search_term_string}"},"query-input":{"@type":"PropertyValueSpecification","valueRequired":true,"valueName":"search_term_string"}}],"inLanguage":"fr-FR"},{"@type":"Organization","@id":"https:\/\/www.metrolondres.es\/#organization","name":"MetroLondresEs","url":"https:\/\/www.metrolondres.es\/","logo":{"@type":"ImageObject","inLanguage":"fr-FR","@id":"https:\/\/www.metrolondres.es\/#\/schema\/logo\/image\/","url":"https:\/\/www.metrolondres.es\/wp-content\/uploads\/2024\/07\/cropped-android-chrome-512x512-1.jpg","contentUrl":"https:\/\/www.metrolondres.es\/wp-content\/uploads\/2024\/07\/cropped-android-chrome-512x512-1.jpg","width":512,"height":512,"caption":"MetroLondresEs"},"image":{"@id":"https:\/\/www.metrolondres.es\/#\/schema\/logo\/image\/"},"sameAs":["https:\/\/www.facebook.com\/metrodelondres\/","https:\/\/x.com\/metrolondres"]}]}},"_links":{"self":[{"href":"https:\/\/www.metrolondres.es\/fr\/wp-json\/wp\/v2\/pages\/962","targetHints":{"allow":["GET"]}}],"collection":[{"href":"https:\/\/www.metrolondres.es\/fr\/wp-json\/wp\/v2\/pages"}],"about":[{"href":"https:\/\/www.metrolondres.es\/fr\/wp-json\/wp\/v2\/types\/page"}],"author":[{"embeddable":true,"href":"https:\/\/www.metrolondres.es\/fr\/wp-json\/wp\/v2\/users\/1"}],"replies":[{"embeddable":true,"href":"https:\/\/www.metrolondres.es\/fr\/wp-json\/wp\/v2\/comments?post=962"}],"version-history":[{"count":4,"href":"https:\/\/www.metrolondres.es\/fr\/wp-json\/wp\/v2\/pages\/962\/revisions"}],"predecessor-version":[{"id":1590,"href":"https:\/\/www.metrolondres.es\/fr\/wp-json\/wp\/v2\/pages\/962\/revisions\/1590"}],"up":[{"embeddable":true,"href":"https:\/\/www.metrolondres.es\/fr\/wp-json\/wp\/v2\/pages\/825"}],"wp:featuredmedia":[{"embeddable":true,"href":"https:\/\/www.metrolondres.es\/fr\/wp-json\/wp\/v2\/media\/1640"}],"wp:attachment":[{"href":"https:\/\/www.metrolondres.es\/fr\/wp-json\/wp\/v2\/media?parent=962"}],"curies":[{"name":"wp","href":"https:\/\/api.w.org\/{rel}","templated":true}]}}