{"id":955,"date":"2024-07-15T15:32:05","date_gmt":"2024-07-15T15:32:05","guid":{"rendered":"https:\/\/www.metrolondres.es\/?page_id=955"},"modified":"2024-08-29T18:37:09","modified_gmt":"2024-08-29T18:37:09","slug":"ligne-picadilly","status":"publish","type":"page","link":"https:\/\/www.metrolondres.es\/fr\/lignes\/ligne-picadilly\/","title":{"rendered":"Ligne Picadilly"},"content":{"rendered":"<p><strong>La ligne Piccadilly<\/strong> est la ligne bleu fonc\u00e9 du <strong>m\u00e9tro de Londres<\/strong> et l&rsquo;une des plus longues et fr\u00e9quent\u00e9es de tout le r\u00e9seau.<\/p><div id=\"metro-2596944297\" class=\"metro-contenido metro-entity-placement\"><script async src=\"\/\/pagead2.googlesyndication.com\/pagead\/js\/adsbygoogle.js?client=ca-pub-3426171902310072\" crossorigin=\"anonymous\"><\/script><ins class=\"adsbygoogle\" style=\"display:block;\" data-ad-client=\"ca-pub-3426171902310072\" \ndata-ad-slot=\"2301483529\" \ndata-ad-format=\"auto\" data-full-width-responsive=\"true\"><\/ins>\n<script> \n(adsbygoogle = window.adsbygoogle || []).push({}); \n<\/script>\n<\/div>\n<p><figure id=\"attachment_242\" aria-describedby=\"caption-attachment-242\" style=\"width: 700px\" class=\"wp-caption aligncenter\"><img decoding=\"async\" class=\"size-full wp-image-242 lazyload\" data-src=\"https:\/\/www.metrolondres.es\/wp-content\/uploads\/2014\/06\/linea-picadilly-metro-londres.png\" alt=\"Ligne Piccadilly m\u00e9tro de Londres\" width=\"700\" height=\"125\" data-srcset=\"https:\/\/www.metrolondres.es\/wp-content\/uploads\/2014\/06\/linea-picadilly-metro-londres.png 700w, https:\/\/www.metrolondres.es\/wp-content\/uploads\/2014\/06\/linea-picadilly-metro-londres-300x53.png 300w, https:\/\/www.metrolondres.es\/wp-content\/uploads\/2014\/06\/linea-picadilly-metro-londres-624x111.png 624w\" data-sizes=\"(max-width: 700px) 100vw, 700px\" src=\"data:image\/svg+xml;base64,PHN2ZyB3aWR0aD0iMSIgaGVpZ2h0PSIxIiB4bWxucz0iaHR0cDovL3d3dy53My5vcmcvMjAwMC9zdmciPjwvc3ZnPg==\" style=\"--smush-placeholder-width: 700px; --smush-placeholder-aspect-ratio: 700\/125;\" \/><figcaption id=\"caption-attachment-242\" class=\"wp-caption-text\">Ligne Piccadilly, M\u00e9tro de Londres<\/figcaption><\/figure><br \/>\n<\/p>\n<p>La <strong>ligne Piccadilly<\/strong> traverse principalement des tunnels souterrains profonds dans la zone 1 du m\u00e9tro de Londres, reliant le nord au sud-ouest de la ville. \u00c0 mesure qu&rsquo;elle s&rsquo;\u00e9loigne du centre, en particulier vers l&rsquo;ouest, la ligne \u00e9merge \u00e0 la surface \u00e0 plusieurs endroits, offrant un paysage vari\u00e9 tout au long de son parcours.<\/p>\n<p>Inaugur\u00e9e en 1906, la ligne Piccadilly est l&rsquo;une des plus anciennes de Londres. Avec une longueur de 71 kilom\u00e8tres, c&rsquo;est la quatri\u00e8me ligne la plus longue du m\u00e9tro de Londres, servant une route essentielle qui relie le centre-ville aux banlieues de l&rsquo;ouest, y compris des destinations majeures comme Heathrow, l&rsquo;un des a\u00e9roports les plus fr\u00e9quent\u00e9s au monde.<\/p><div id=\"metro-3134710428\" class=\"metro-contenido_2 metro-entity-placement\"><script async src=\"\/\/pagead2.googlesyndication.com\/pagead\/js\/adsbygoogle.js?client=ca-pub-3426171902310072\" crossorigin=\"anonymous\"><\/script><ins class=\"adsbygoogle\" style=\"display:block;\" data-ad-client=\"ca-pub-3426171902310072\" \ndata-ad-slot=\"8483748498\" \ndata-ad-format=\"auto\" data-full-width-responsive=\"true\"><\/ins>\n<script> \n(adsbygoogle = window.adsbygoogle || []).push({}); \n<\/script>\n<\/div>\n<h3>Stations de la ligne Piccadilly<\/h3>\n<p>La ligne Piccadilly compte un total de 53 stations r\u00e9parties sur plusieurs branches et extensions, ce qui en fait l&rsquo;une des lignes les plus \u00e9tendues et vari\u00e9es du r\u00e9seau. Les principales branches sont d\u00e9taill\u00e9es ci-dessous :<\/p>\n<ul>\n<li><strong>Branche de Cockfosters :<\/strong> Cockfosters, Oakwood, Southgate, Arnos Grove, Bounds Green, Wood Green, Turnpike Lane, Manor House, Finsbury Park, Arsenal, Holloway Road, Caledonian Road, King&rsquo;s Cross St. Pancras, Russell Square, Holborn, Covent Garden, Leicester Square, Piccadilly Circus, Green Park, Hyde Park Corner, Knightsbridge, South Kensington, Gloucester Road, Earl&rsquo;s Court, Barons Court, Hammersmith<\/li>\n<li><strong>Branche vers Heathrow :<\/strong> Hounslow Central, Hounslow West, Hatton Cross, Heathrow Terminal 4, Heathrow Terminaux 2 &amp; 3, Heathrow Terminal 5<\/li>\n<li><strong>Branche vers Uxbridge :<\/strong> Ealing Common, North Ealing, Park Royal, Alperton, Sudbury Town, Sudbury Hill, South Harrow, Rayners Lane, Eastcote, Ruislip Manor, Ruislip, Ickenham, Hillingdon, Uxbridge<\/li>\n<\/ul>\n<h3>Plan et itin\u00e9raire de la ligne Piccadilly<\/h3>\n<figure id=\"attachment_249\" aria-describedby=\"caption-attachment-249\" style=\"width: 748px\" class=\"wp-caption aligncenter\"><a href=\"https:\/\/www.metrolondres.es\/wp-content\/uploads\/2014\/06\/mapa-linea-picadilly.png\"><img decoding=\"async\" class=\"wp-image-249 lazyload\" data-src=\"https:\/\/www.metrolondres.es\/wp-content\/uploads\/2014\/06\/mapa-linea-picadilly.png\" alt=\"Ligne Piccadilly, m\u00e9tro de Londres\" width=\"748\" height=\"119\" src=\"data:image\/svg+xml;base64,PHN2ZyB3aWR0aD0iMSIgaGVpZ2h0PSIxIiB4bWxucz0iaHR0cDovL3d3dy53My5vcmcvMjAwMC9zdmciPjwvc3ZnPg==\" style=\"--smush-placeholder-width: 748px; --smush-placeholder-aspect-ratio: 748\/119;\" \/><\/a><figcaption id=\"caption-attachment-249\" class=\"wp-caption-text\">M\u00e9tro de Londres : Ligne Piccadilly<\/figcaption><\/figure>\n<h3>Horaires de la ligne Piccadilly<\/h3>\n<p>Les horaires de la ligne Piccadilly varient selon la station et le jour de la semaine.<\/p>\n<p>Du lundi au samedi, le service commence vers <strong>4h49<\/strong> et le dernier train part \u00e0 environ <strong>1h20<\/strong>.<\/p>\n<p>Le dimanche, les horaires sont l\u00e9g\u00e8rement r\u00e9duits, d\u00e9butant \u00e0 <strong>5h32<\/strong> et se terminant \u00e0 <strong>0h33<\/strong>.<\/p><div id=\"metro-1527057590\" class=\"metro-contenido_2-2 metro-entity-placement\"><script async src=\"\/\/pagead2.googlesyndication.com\/pagead\/js\/adsbygoogle.js?client=ca-pub-3426171902310072\" crossorigin=\"anonymous\"><\/script><ins class=\"adsbygoogle\" style=\"display:block;\" data-ad-client=\"ca-pub-3426171902310072\" \ndata-ad-slot=\"8483748498\" \ndata-ad-format=\"auto\" data-full-width-responsive=\"true\"><\/ins>\n<script> \n(adsbygoogle = window.adsbygoogle || []).push({}); \n<\/script>\n<\/div>\n<p>Pour obtenir des informations d\u00e9taill\u00e9es et \u00e0 jour sur les horaires des premiers et derniers trains, veuillez consulter le site officiel du <a title=\"Horaires des premiers et derniers trains de la ligne Piccadilly\" href=\"https:\/\/www.tfl.gov.uk\/cdn\/static\/cms\/documents\/fandl-piccadilly-wtt-52.pdf\" target=\"_blank\" rel=\"noopener\">m\u00e9tro de Londres<\/a>.<\/p>\n<h3>Anecdotes sur la ligne Piccadilly<\/h3>\n<p>La ligne Piccadilly est la quatri\u00e8me ligne la plus utilis\u00e9e du m\u00e9tro de Londres, avec plus de 200 millions de trajets par an. Cela refl\u00e8te son importance pour les Londoniens et les visiteurs, surtout parce qu&rsquo;elle relie le centre-ville \u00e0 l&rsquo;a\u00e9roport de Heathrow, une route essentielle pour de nombreux voyageurs internationaux.<\/p>\n<p>La ligne Piccadilly est \u00e9galement connue pour avoir la distance la plus courte entre deux stations adjacentes sur tout le r\u00e9seau de m\u00e9tro : Leicester Square et Covent Garden, s\u00e9par\u00e9es par seulement 260 m\u00e8tres. M\u00eame si le trajet ne dure que 20 secondes, il reste populaire parmi les touristes, souvent en raison de la commodit\u00e9 d&rsquo;\u00e9viter quelques minutes de marche entre ces deux attractions embl\u00e9matiques du West End.<\/p>\n<p>De plus, la ligne Piccadilly partage plusieurs stations avec d&rsquo;autres lignes importantes telles que la <a title=\"Ligne District du m\u00e9tro de Londres\" href=\"http:\/\/www.metrolondres.es\/lineas\/district\/\" target=\"_blank\" rel=\"noopener\">ligne District<\/a> et la <a title=\"Ligne Metropolitan du Tube\" href=\"http:\/\/www.metrolondres.es\/lineas\/metropolitan\/\" target=\"_blank\" rel=\"noopener\">ligne Metropolitan<\/a>, ce qui facilite les correspondances et am\u00e9liore l&rsquo;accessibilit\u00e9 \u00e0 diff\u00e9rentes parties de Londres.<\/p>\n<p>Avec son m\u00e9lange de sections souterraines et en surface, la ligne Piccadilly offre aux passagers une exp\u00e9rience unique qui combine vitesse, efficacit\u00e9 et un voyage \u00e0 travers certaines des zones les plus vibrantes et touristiques de Londres.<\/p>\n","protected":false},"excerpt":{"rendered":"<p>La ligne Piccadilly est la ligne bleu fonc\u00e9 du m\u00e9tro de Londres et l&rsquo;une des plus longues et fr\u00e9quent\u00e9es de tout le r\u00e9seau. La ligne Piccadilly traverse principalement des tunnels souterrains profonds dans la zone 1 du m\u00e9tro de Londres, reliant le nord au sud-ouest de la ville. \u00c0 mesure qu&rsquo;elle s&rsquo;\u00e9loigne du centre, en [&hellip;]<\/p>\n","protected":false},"author":1,"featured_media":1603,"parent":825,"menu_order":9,"comment_status":"open","ping_status":"open","template":"","meta":{"footnotes":""},"class_list":["post-955","page","type-page","status-publish","has-post-thumbnail","hentry"],"yoast_head":"<!-- This site is optimized with the Yoast SEO plugin v24.6 - https:\/\/yoast.com\/wordpress\/plugins\/seo\/ -->\n<title>Ligne Picadilly - M\u00e9tro de Londres<\/title>\n<meta name=\"description\" content=\"La ligne Piccadilly est la ligne bleu fonc\u00e9 du m\u00e9tro de Londres avec 53 stations. D\u00e9couvrez ses horaires, son itin\u00e9raire et autres informations utiles pour les voyageurs.\" \/>\n<meta name=\"robots\" content=\"index, follow, max-snippet:-1, max-image-preview:large, max-video-preview:-1\" \/>\n<link rel=\"canonical\" href=\"https:\/\/www.metrolondres.es\/fr\/lignes\/ligne-picadilly\/\" \/>\n<meta property=\"og:locale\" content=\"fr_FR\" \/>\n<meta property=\"og:type\" content=\"article\" \/>\n<meta property=\"og:title\" content=\"Ligne Picadilly - M\u00e9tro de Londres\" \/>\n<meta property=\"og:description\" content=\"La ligne Piccadilly est la ligne bleu fonc\u00e9 du m\u00e9tro de Londres avec 53 stations. D\u00e9couvrez ses horaires, son itin\u00e9raire et autres informations utiles pour les voyageurs.\" \/>\n<meta property=\"og:url\" content=\"https:\/\/www.metrolondres.es\/fr\/lignes\/ligne-picadilly\/\" \/>\n<meta property=\"og:site_name\" content=\"M\u00e9tro de Londres\" \/>\n<meta property=\"article:publisher\" content=\"https:\/\/www.facebook.com\/metrodelondres\/\" \/>\n<meta property=\"article:modified_time\" content=\"2024-08-29T18:37:09+00:00\" \/>\n<meta property=\"og:image\" content=\"https:\/\/www.metrolondres.es\/wp-content\/uploads\/2024\/08\/picadilly_line_logo.png\" \/>\n\t<meta property=\"og:image:width\" content=\"1200\" \/>\n\t<meta property=\"og:image:height\" content=\"675\" \/>\n\t<meta property=\"og:image:type\" content=\"image\/png\" \/>\n<meta name=\"twitter:card\" content=\"summary_large_image\" \/>\n<meta name=\"twitter:site\" content=\"@metrolondres\" \/>\n<script type=\"application\/ld+json\" class=\"yoast-schema-graph\">{\"@context\":\"https:\/\/schema.org\",\"@graph\":[{\"@type\":\"WebPage\",\"@id\":\"https:\/\/www.metrolondres.es\/fr\/lignes\/ligne-picadilly\/\",\"url\":\"https:\/\/www.metrolondres.es\/fr\/lignes\/ligne-picadilly\/\",\"name\":\"Ligne Picadilly - M\u00e9tro de Londres\",\"isPartOf\":{\"@id\":\"https:\/\/www.metrolondres.es\/#website\"},\"primaryImageOfPage\":{\"@id\":\"https:\/\/www.metrolondres.es\/fr\/lignes\/ligne-picadilly\/#primaryimage\"},\"image\":{\"@id\":\"https:\/\/www.metrolondres.es\/fr\/lignes\/ligne-picadilly\/#primaryimage\"},\"thumbnailUrl\":\"https:\/\/www.metrolondres.es\/wp-content\/uploads\/2024\/08\/picadilly_line_logo.png\",\"datePublished\":\"2024-07-15T15:32:05+00:00\",\"dateModified\":\"2024-08-29T18:37:09+00:00\",\"description\":\"La ligne Piccadilly est la ligne bleu fonc\u00e9 du m\u00e9tro de Londres avec 53 stations. D\u00e9couvrez ses horaires, son itin\u00e9raire et autres informations utiles pour les voyageurs.\",\"breadcrumb\":{\"@id\":\"https:\/\/www.metrolondres.es\/fr\/lignes\/ligne-picadilly\/#breadcrumb\"},\"inLanguage\":\"fr-FR\",\"potentialAction\":[{\"@type\":\"ReadAction\",\"target\":[\"https:\/\/www.metrolondres.es\/fr\/lignes\/ligne-picadilly\/\"]}]},{\"@type\":\"ImageObject\",\"inLanguage\":\"fr-FR\",\"@id\":\"https:\/\/www.metrolondres.es\/fr\/lignes\/ligne-picadilly\/#primaryimage\",\"url\":\"https:\/\/www.metrolondres.es\/wp-content\/uploads\/2024\/08\/picadilly_line_logo.png\",\"contentUrl\":\"https:\/\/www.metrolondres.es\/wp-content\/uploads\/2024\/08\/picadilly_line_logo.png\",\"width\":1200,\"height\":675,\"caption\":\"Picadilly Line\"},{\"@type\":\"BreadcrumbList\",\"@id\":\"https:\/\/www.metrolondres.es\/fr\/lignes\/ligne-picadilly\/#breadcrumb\",\"itemListElement\":[{\"@type\":\"ListItem\",\"position\":1,\"name\":\"Home\",\"item\":\"https:\/\/www.metrolondres.es\/fr\/\"},{\"@type\":\"ListItem\",\"position\":2,\"name\":\"Lignes de m\u00e9tro\",\"item\":\"https:\/\/www.metrolondres.es\/fr\/lignes\/\"},{\"@type\":\"ListItem\",\"position\":3,\"name\":\"Ligne Picadilly\"}]},{\"@type\":\"WebSite\",\"@id\":\"https:\/\/www.metrolondres.es\/#website\",\"url\":\"https:\/\/www.metrolondres.es\/\",\"name\":\"M\u00e9tro de Londres\",\"description\":\"mapa, horario, im\u00e1genes, tarifas, estaciones y zonas, historia y todo la informaci\u00f3n del metro de Londres\",\"publisher\":{\"@id\":\"https:\/\/www.metrolondres.es\/#organization\"},\"potentialAction\":[{\"@type\":\"SearchAction\",\"target\":{\"@type\":\"EntryPoint\",\"urlTemplate\":\"https:\/\/www.metrolondres.es\/?s={search_term_string}\"},\"query-input\":{\"@type\":\"PropertyValueSpecification\",\"valueRequired\":true,\"valueName\":\"search_term_string\"}}],\"inLanguage\":\"fr-FR\"},{\"@type\":\"Organization\",\"@id\":\"https:\/\/www.metrolondres.es\/#organization\",\"name\":\"MetroLondresEs\",\"url\":\"https:\/\/www.metrolondres.es\/\",\"logo\":{\"@type\":\"ImageObject\",\"inLanguage\":\"fr-FR\",\"@id\":\"https:\/\/www.metrolondres.es\/#\/schema\/logo\/image\/\",\"url\":\"https:\/\/www.metrolondres.es\/wp-content\/uploads\/2024\/07\/cropped-android-chrome-512x512-1.jpg\",\"contentUrl\":\"https:\/\/www.metrolondres.es\/wp-content\/uploads\/2024\/07\/cropped-android-chrome-512x512-1.jpg\",\"width\":512,\"height\":512,\"caption\":\"MetroLondresEs\"},\"image\":{\"@id\":\"https:\/\/www.metrolondres.es\/#\/schema\/logo\/image\/\"},\"sameAs\":[\"https:\/\/www.facebook.com\/metrodelondres\/\",\"https:\/\/x.com\/metrolondres\"]}]}<\/script>\n<!-- \/ Yoast SEO plugin. -->","yoast_head_json":{"title":"Ligne Picadilly - M\u00e9tro de Londres","description":"La ligne Piccadilly est la ligne bleu fonc\u00e9 du m\u00e9tro de Londres avec 53 stations. D\u00e9couvrez ses horaires, son itin\u00e9raire et autres informations utiles pour les voyageurs.","robots":{"index":"index","follow":"follow","max-snippet":"max-snippet:-1","max-image-preview":"max-image-preview:large","max-video-preview":"max-video-preview:-1"},"canonical":"https:\/\/www.metrolondres.es\/fr\/lignes\/ligne-picadilly\/","og_locale":"fr_FR","og_type":"article","og_title":"Ligne Picadilly - M\u00e9tro de Londres","og_description":"La ligne Piccadilly est la ligne bleu fonc\u00e9 du m\u00e9tro de Londres avec 53 stations. D\u00e9couvrez ses horaires, son itin\u00e9raire et autres informations utiles pour les voyageurs.","og_url":"https:\/\/www.metrolondres.es\/fr\/lignes\/ligne-picadilly\/","og_site_name":"M\u00e9tro de Londres","article_publisher":"https:\/\/www.facebook.com\/metrodelondres\/","article_modified_time":"2024-08-29T18:37:09+00:00","og_image":[{"width":1200,"height":675,"url":"https:\/\/www.metrolondres.es\/wp-content\/uploads\/2024\/08\/picadilly_line_logo.png","type":"image\/png"}],"twitter_card":"summary_large_image","twitter_site":"@metrolondres","schema":{"@context":"https:\/\/schema.org","@graph":[{"@type":"WebPage","@id":"https:\/\/www.metrolondres.es\/fr\/lignes\/ligne-picadilly\/","url":"https:\/\/www.metrolondres.es\/fr\/lignes\/ligne-picadilly\/","name":"Ligne Picadilly - M\u00e9tro de Londres","isPartOf":{"@id":"https:\/\/www.metrolondres.es\/#website"},"primaryImageOfPage":{"@id":"https:\/\/www.metrolondres.es\/fr\/lignes\/ligne-picadilly\/#primaryimage"},"image":{"@id":"https:\/\/www.metrolondres.es\/fr\/lignes\/ligne-picadilly\/#primaryimage"},"thumbnailUrl":"https:\/\/www.metrolondres.es\/wp-content\/uploads\/2024\/08\/picadilly_line_logo.png","datePublished":"2024-07-15T15:32:05+00:00","dateModified":"2024-08-29T18:37:09+00:00","description":"La ligne Piccadilly est la ligne bleu fonc\u00e9 du m\u00e9tro de Londres avec 53 stations. D\u00e9couvrez ses horaires, son itin\u00e9raire et autres informations utiles pour les voyageurs.","breadcrumb":{"@id":"https:\/\/www.metrolondres.es\/fr\/lignes\/ligne-picadilly\/#breadcrumb"},"inLanguage":"fr-FR","potentialAction":[{"@type":"ReadAction","target":["https:\/\/www.metrolondres.es\/fr\/lignes\/ligne-picadilly\/"]}]},{"@type":"ImageObject","inLanguage":"fr-FR","@id":"https:\/\/www.metrolondres.es\/fr\/lignes\/ligne-picadilly\/#primaryimage","url":"https:\/\/www.metrolondres.es\/wp-content\/uploads\/2024\/08\/picadilly_line_logo.png","contentUrl":"https:\/\/www.metrolondres.es\/wp-content\/uploads\/2024\/08\/picadilly_line_logo.png","width":1200,"height":675,"caption":"Picadilly Line"},{"@type":"BreadcrumbList","@id":"https:\/\/www.metrolondres.es\/fr\/lignes\/ligne-picadilly\/#breadcrumb","itemListElement":[{"@type":"ListItem","position":1,"name":"Home","item":"https:\/\/www.metrolondres.es\/fr\/"},{"@type":"ListItem","position":2,"name":"Lignes de m\u00e9tro","item":"https:\/\/www.metrolondres.es\/fr\/lignes\/"},{"@type":"ListItem","position":3,"name":"Ligne Picadilly"}]},{"@type":"WebSite","@id":"https:\/\/www.metrolondres.es\/#website","url":"https:\/\/www.metrolondres.es\/","name":"M\u00e9tro de Londres","description":"mapa, horario, im\u00e1genes, tarifas, estaciones y zonas, historia y todo la informaci\u00f3n del metro de Londres","publisher":{"@id":"https:\/\/www.metrolondres.es\/#organization"},"potentialAction":[{"@type":"SearchAction","target":{"@type":"EntryPoint","urlTemplate":"https:\/\/www.metrolondres.es\/?s={search_term_string}"},"query-input":{"@type":"PropertyValueSpecification","valueRequired":true,"valueName":"search_term_string"}}],"inLanguage":"fr-FR"},{"@type":"Organization","@id":"https:\/\/www.metrolondres.es\/#organization","name":"MetroLondresEs","url":"https:\/\/www.metrolondres.es\/","logo":{"@type":"ImageObject","inLanguage":"fr-FR","@id":"https:\/\/www.metrolondres.es\/#\/schema\/logo\/image\/","url":"https:\/\/www.metrolondres.es\/wp-content\/uploads\/2024\/07\/cropped-android-chrome-512x512-1.jpg","contentUrl":"https:\/\/www.metrolondres.es\/wp-content\/uploads\/2024\/07\/cropped-android-chrome-512x512-1.jpg","width":512,"height":512,"caption":"MetroLondresEs"},"image":{"@id":"https:\/\/www.metrolondres.es\/#\/schema\/logo\/image\/"},"sameAs":["https:\/\/www.facebook.com\/metrodelondres\/","https:\/\/x.com\/metrolondres"]}]}},"_links":{"self":[{"href":"https:\/\/www.metrolondres.es\/fr\/wp-json\/wp\/v2\/pages\/955","targetHints":{"allow":["GET"]}}],"collection":[{"href":"https:\/\/www.metrolondres.es\/fr\/wp-json\/wp\/v2\/pages"}],"about":[{"href":"https:\/\/www.metrolondres.es\/fr\/wp-json\/wp\/v2\/types\/page"}],"author":[{"embeddable":true,"href":"https:\/\/www.metrolondres.es\/fr\/wp-json\/wp\/v2\/users\/1"}],"replies":[{"embeddable":true,"href":"https:\/\/www.metrolondres.es\/fr\/wp-json\/wp\/v2\/comments?post=955"}],"version-history":[{"count":5,"href":"https:\/\/www.metrolondres.es\/fr\/wp-json\/wp\/v2\/pages\/955\/revisions"}],"predecessor-version":[{"id":1606,"href":"https:\/\/www.metrolondres.es\/fr\/wp-json\/wp\/v2\/pages\/955\/revisions\/1606"}],"up":[{"embeddable":true,"href":"https:\/\/www.metrolondres.es\/fr\/wp-json\/wp\/v2\/pages\/825"}],"wp:featuredmedia":[{"embeddable":true,"href":"https:\/\/www.metrolondres.es\/fr\/wp-json\/wp\/v2\/media\/1603"}],"wp:attachment":[{"href":"https:\/\/www.metrolondres.es\/fr\/wp-json\/wp\/v2\/media?parent=955"}],"curies":[{"name":"wp","href":"https:\/\/api.w.org\/{rel}","templated":true}]}}