{"id":952,"date":"2024-07-15T15:29:54","date_gmt":"2024-07-15T15:29:54","guid":{"rendered":"https:\/\/www.metrolondres.es\/?page_id=952"},"modified":"2024-08-29T18:39:13","modified_gmt":"2024-08-29T18:39:13","slug":"ligne-northern","status":"publish","type":"page","link":"https:\/\/www.metrolondres.es\/fr\/lignes\/ligne-northern\/","title":{"rendered":"Ligne Northern"},"content":{"rendered":"<p><strong>La ligne Northern<\/strong> est la ligne noire du <strong>m\u00e9tro de Londres<\/strong>, connue pour son parcours \u00e9tendu et ramifi\u00e9 qui couvre une grande partie de la ville.<\/p><div id=\"metro-2349524339\" class=\"metro-contenido metro-entity-placement\"><script async src=\"\/\/pagead2.googlesyndication.com\/pagead\/js\/adsbygoogle.js?client=ca-pub-3426171902310072\" crossorigin=\"anonymous\"><\/script><ins class=\"adsbygoogle\" style=\"display:block;\" data-ad-client=\"ca-pub-3426171902310072\" \ndata-ad-slot=\"2301483529\" \ndata-ad-format=\"auto\" data-full-width-responsive=\"true\"><\/ins>\n<script> \n(adsbygoogle = window.adsbygoogle || []).push({}); \n<\/script>\n<\/div>\n<p><figure id=\"attachment_221\" aria-describedby=\"caption-attachment-221\" style=\"width: 700px\" class=\"wp-caption aligncenter\"><img decoding=\"async\" class=\"size-full wp-image-221 lazyload\" data-src=\"https:\/\/www.metrolondres.es\/wp-content\/uploads\/2014\/06\/linea-northern-metro-londres.png\" alt=\"ligne noire m\u00e9tro de Londres\" width=\"700\" height=\"125\" data-srcset=\"https:\/\/www.metrolondres.es\/wp-content\/uploads\/2014\/06\/linea-northern-metro-londres.png 700w, https:\/\/www.metrolondres.es\/wp-content\/uploads\/2014\/06\/linea-northern-metro-londres-300x53.png 300w, https:\/\/www.metrolondres.es\/wp-content\/uploads\/2014\/06\/linea-northern-metro-londres-624x111.png 624w\" data-sizes=\"(max-width: 700px) 100vw, 700px\" src=\"data:image\/svg+xml;base64,PHN2ZyB3aWR0aD0iMSIgaGVpZ2h0PSIxIiB4bWxucz0iaHR0cDovL3d3dy53My5vcmcvMjAwMC9zdmciPjwvc3ZnPg==\" style=\"--smush-placeholder-width: 700px; --smush-placeholder-aspect-ratio: 700\/125;\" \/><figcaption id=\"caption-attachment-221\" class=\"wp-caption-text\">Ligne Northern, m\u00e9tro de Londres<\/figcaption><\/figure><br \/>\n<\/p>\n<h3>Description de la ligne Northern<\/h3>\n<p>La <strong>ligne Northern<\/strong> relie la station de Morden, la station la plus au sud de tout le r\u00e9seau du m\u00e9tro de Londres, au centre et au nord de la ville. Son trac\u00e9 est l&rsquo;un des plus complexes en raison des multiples bifurcations et branches qui s&rsquo;\u00e9tendent \u00e0 la fois dans le centre et le nord de Londres, ainsi que de son parcours vers le sud. Cette complexit\u00e9 r\u00e9sulte de la fusion de trois compagnies ferroviaires diff\u00e9rentes dans les ann\u00e9es 1920 et 1930, qui ont donn\u00e9 naissance \u00e0 la ligne telle que nous la connaissons aujourd&rsquo;hui.<\/p>\n<p>En service depuis 1890, la ligne Northern est l&rsquo;une des plus anciennes du r\u00e9seau de m\u00e9tro de Londres. Avec ses 58 kilom\u00e8tres de longueur, dont la majorit\u00e9 traverse des tunnels profonds, c&rsquo;est l&rsquo;une des lignes les plus fr\u00e9quent\u00e9es, avec plus de 250 millions de trajets par an, soulignant son importance dans le r\u00e9seau de transport public de la ville.<\/p><div id=\"metro-1003075205\" class=\"metro-contenido_2 metro-entity-placement\"><script async src=\"\/\/pagead2.googlesyndication.com\/pagead\/js\/adsbygoogle.js?client=ca-pub-3426171902310072\" crossorigin=\"anonymous\"><\/script><ins class=\"adsbygoogle\" style=\"display:block;\" data-ad-client=\"ca-pub-3426171902310072\" \ndata-ad-slot=\"8483748498\" \ndata-ad-format=\"auto\" data-full-width-responsive=\"true\"><\/ins>\n<script> \n(adsbygoogle = window.adsbygoogle || []).push({}); \n<\/script>\n<\/div>\n<h3>Stations de la ligne Northern<\/h3>\n<p>La ligne Northern couvre un total de 50 stations r\u00e9parties sur ses six branches, couvrant le centre, le nord et le sud de Londres. Voici les stations cl\u00e9s de chaque branche :<\/p>\n<ul>\n<li><strong>Branche High Barnet :<\/strong> Zone nord : High Barnet, Totteridge &amp; Whetstone, Woodside Park, West Finchley, Mill Hill East, Finchley Central, East Finchley, Highgate, Archway, Tufnell Park, Kentish Town<\/li>\n<li><strong>Branche Edgware :<\/strong> Zone nord : Edgware, Burnt Oak, Colindale, Hendon Central, Brent Cross, Golders Green, Hampstead, Belsize Park, Chalk Farm<\/li>\n<li><strong>Station d&rsquo;\u00e9change :<\/strong> Camden Town, qui relie les branches nord et sud.<\/li>\n<li><strong>Branche Charing Cross :<\/strong> Dans le centre de Londres : Mornington Crescent, Euston, Warren Street, Goodge Street, Tottenham Court Road, Leicester Square, Charing Cross, Embankment, Waterloo<\/li>\n<li><strong>Branche Bank :<\/strong> \u00c9galement dans le centre de Londres : King&rsquo;s Cross St. Pancras, Angel, Old Street, Moorgate, Bank, London Bridge, Borough, Elephant and Castle<\/li>\n<li><strong>Branche Morden :<\/strong> Sud de Londres : Kennington, Oval, Stockwell, Clapham North, Clapham Common, Clapham South, Balham, Tooting Bec, Tooting Broadway, Colliers Wood, South Wimbledon, Morden<\/li>\n<\/ul>\n<h3>Plan et itin\u00e9raire de la ligne Northern<\/h3>\n<figure id=\"attachment_235\" aria-describedby=\"caption-attachment-235\" style=\"width: 625px\" class=\"wp-caption aligncenter\"><a href=\"https:\/\/www.metrolondres.es\/wp-content\/uploads\/2014\/06\/mapa-londres-linea-northern-1024x120.jpg\"><img decoding=\"async\" class=\"size-large wp-image-235 lazyload\" data-src=\"https:\/\/www.metrolondres.es\/wp-content\/uploads\/2014\/06\/mapa-londres-linea-northern-1024x120.jpg\" alt=\"plan de la ligne Northern, m\u00e9tro de Londres\" width=\"625\" height=\"73\" data-srcset=\"https:\/\/www.metrolondres.es\/wp-content\/uploads\/2014\/06\/mapa-londres-linea-northern-1024x120.jpg 1024w, https:\/\/www.metrolondres.es\/wp-content\/uploads\/2014\/06\/mapa-londres-linea-northern-300x35.jpg 300w, https:\/\/www.metrolondres.es\/wp-content\/uploads\/2014\/06\/mapa-londres-linea-northern-624x73.jpg 624w, https:\/\/www.metrolondres.es\/wp-content\/uploads\/2014\/06\/mapa-londres-linea-northern.jpg 1600w\" data-sizes=\"(max-width: 625px) 100vw, 625px\" src=\"data:image\/svg+xml;base64,PHN2ZyB3aWR0aD0iMSIgaGVpZ2h0PSIxIiB4bWxucz0iaHR0cDovL3d3dy53My5vcmcvMjAwMC9zdmciPjwvc3ZnPg==\" style=\"--smush-placeholder-width: 625px; --smush-placeholder-aspect-ratio: 625\/73;\" \/><\/a><figcaption id=\"caption-attachment-235\" class=\"wp-caption-text\">Plan de la ligne Northern, m\u00e9tro de Londres<\/figcaption><\/figure>\n<h3>Horaires de la ligne Northern<\/h3>\n<p>La ligne Northern fonctionne du lundi au samedi de <strong>5h00 \u00e0 1h13<\/strong>. Le dimanche, les horaires sont l\u00e9g\u00e8rement r\u00e9duits, commen\u00e7ant \u00e0 <strong>6h51<\/strong> et se terminant \u00e0 <strong>0h19<\/strong>. Pour obtenir les horaires mis \u00e0 jour du premier et du dernier train \u00e0 chaque station, vous pouvez consulter le site officiel du <a title=\"Horaires des premiers et derniers trains de la ligne Northern\" href=\"https:\/\/www.tfl.gov.uk\/cdn\/static\/cms\/documents\/first-and-last-northern.pdf\" target=\"_blank\" rel=\"noopener\">m\u00e9tro de Londres<\/a>.<\/p>\n<h3>Anecdotes sur la ligne Northern<\/h3>\n<p>Malgr\u00e9 son nom, la <strong>ligne Northern<\/strong> n&rsquo;est pas la ligne la plus au nord du m\u00e9tro de Londres, car elle s&rsquo;\u00e9tend \u00e9galement de mani\u00e8re significative vers le sud, ce qui en fait la ligne qui s&rsquo;enfonce le plus dans cette direction.<\/p>\n<p>La <strong>station Hampstead<\/strong> sur la ligne Northern est la station la plus profonde de tout le m\u00e9tro de Londres, situ\u00e9e \u00e0 58,5 m\u00e8tres sous terre.<\/p><div id=\"metro-3776965401\" class=\"metro-contenido_2-2 metro-entity-placement\"><script async src=\"\/\/pagead2.googlesyndication.com\/pagead\/js\/adsbygoogle.js?client=ca-pub-3426171902310072\" crossorigin=\"anonymous\"><\/script><ins class=\"adsbygoogle\" style=\"display:block;\" data-ad-client=\"ca-pub-3426171902310072\" \ndata-ad-slot=\"8483748498\" \ndata-ad-format=\"auto\" data-full-width-responsive=\"true\"><\/ins>\n<script> \n(adsbygoogle = window.adsbygoogle || []).push({}); \n<\/script>\n<\/div>\n<p>De plus, la ligne Northern abrite le plus long tunnel de tout le r\u00e9seau du m\u00e9tro : le tunnel allant de <strong>East Finchley \u00e0 Morden<\/strong>, via Bank, qui mesure 27,8 kilom\u00e8tres de long.<\/p>\n<p>Avec son r\u00e9seau complexe de branches et son histoire unique, la ligne Northern est essentielle pour le transport \u00e0 Londres, offrant des connexions cruciales entre le nord, le sud et le centre de la ville.<\/p>\n","protected":false},"excerpt":{"rendered":"<p>La ligne Northern est la ligne noire du m\u00e9tro de Londres, connue pour son parcours \u00e9tendu et ramifi\u00e9 qui couvre une grande partie de la ville. Description de la ligne Northern La ligne Northern relie la station de Morden, la station la plus au sud de tout le r\u00e9seau du m\u00e9tro de Londres, au centre [&hellip;]<\/p>\n","protected":false},"author":1,"featured_media":1609,"parent":825,"menu_order":8,"comment_status":"open","ping_status":"open","template":"","meta":{"footnotes":""},"class_list":["post-952","page","type-page","status-publish","has-post-thumbnail","hentry"],"yoast_head":"<!-- This site is optimized with the Yoast SEO plugin v24.6 - https:\/\/yoast.com\/wordpress\/plugins\/seo\/ -->\n<title>Ligne Northern - M\u00e9tro de Londres<\/title>\n<meta name=\"description\" content=\"La ligne Northern est la ligne noire du m\u00e9tro de Londres avec 50 stations. D\u00e9couvrez ses horaires, son itin\u00e9raire complexe et autres informations utiles pour les voyageurs.\" \/>\n<meta name=\"robots\" content=\"index, follow, max-snippet:-1, max-image-preview:large, max-video-preview:-1\" \/>\n<link rel=\"canonical\" href=\"https:\/\/www.metrolondres.es\/fr\/lignes\/ligne-northern\/\" \/>\n<meta property=\"og:locale\" content=\"fr_FR\" \/>\n<meta property=\"og:type\" content=\"article\" \/>\n<meta property=\"og:title\" content=\"Ligne Northern - M\u00e9tro de Londres\" \/>\n<meta property=\"og:description\" content=\"La ligne Northern est la ligne noire du m\u00e9tro de Londres avec 50 stations. D\u00e9couvrez ses horaires, son itin\u00e9raire complexe et autres informations utiles pour les voyageurs.\" \/>\n<meta property=\"og:url\" content=\"https:\/\/www.metrolondres.es\/fr\/lignes\/ligne-northern\/\" \/>\n<meta property=\"og:site_name\" content=\"M\u00e9tro de Londres\" \/>\n<meta property=\"article:publisher\" content=\"https:\/\/www.facebook.com\/metrodelondres\/\" \/>\n<meta property=\"article:modified_time\" content=\"2024-08-29T18:39:13+00:00\" \/>\n<meta property=\"og:image\" content=\"https:\/\/www.metrolondres.es\/wp-content\/uploads\/2024\/08\/northen_line_logo.png\" \/>\n\t<meta property=\"og:image:width\" content=\"1200\" \/>\n\t<meta property=\"og:image:height\" content=\"675\" \/>\n\t<meta property=\"og:image:type\" content=\"image\/png\" \/>\n<meta name=\"twitter:card\" content=\"summary_large_image\" \/>\n<meta name=\"twitter:site\" content=\"@metrolondres\" \/>\n<script type=\"application\/ld+json\" class=\"yoast-schema-graph\">{\"@context\":\"https:\/\/schema.org\",\"@graph\":[{\"@type\":\"WebPage\",\"@id\":\"https:\/\/www.metrolondres.es\/fr\/lignes\/ligne-northern\/\",\"url\":\"https:\/\/www.metrolondres.es\/fr\/lignes\/ligne-northern\/\",\"name\":\"Ligne Northern - M\u00e9tro de Londres\",\"isPartOf\":{\"@id\":\"https:\/\/www.metrolondres.es\/#website\"},\"primaryImageOfPage\":{\"@id\":\"https:\/\/www.metrolondres.es\/fr\/lignes\/ligne-northern\/#primaryimage\"},\"image\":{\"@id\":\"https:\/\/www.metrolondres.es\/fr\/lignes\/ligne-northern\/#primaryimage\"},\"thumbnailUrl\":\"https:\/\/www.metrolondres.es\/wp-content\/uploads\/2024\/08\/northen_line_logo.png\",\"datePublished\":\"2024-07-15T15:29:54+00:00\",\"dateModified\":\"2024-08-29T18:39:13+00:00\",\"description\":\"La ligne Northern est la ligne noire du m\u00e9tro de Londres avec 50 stations. D\u00e9couvrez ses horaires, son itin\u00e9raire complexe et autres informations utiles pour les voyageurs.\",\"breadcrumb\":{\"@id\":\"https:\/\/www.metrolondres.es\/fr\/lignes\/ligne-northern\/#breadcrumb\"},\"inLanguage\":\"fr-FR\",\"potentialAction\":[{\"@type\":\"ReadAction\",\"target\":[\"https:\/\/www.metrolondres.es\/fr\/lignes\/ligne-northern\/\"]}]},{\"@type\":\"ImageObject\",\"inLanguage\":\"fr-FR\",\"@id\":\"https:\/\/www.metrolondres.es\/fr\/lignes\/ligne-northern\/#primaryimage\",\"url\":\"https:\/\/www.metrolondres.es\/wp-content\/uploads\/2024\/08\/northen_line_logo.png\",\"contentUrl\":\"https:\/\/www.metrolondres.es\/wp-content\/uploads\/2024\/08\/northen_line_logo.png\",\"width\":1200,\"height\":675,\"caption\":\"Northen Line\"},{\"@type\":\"BreadcrumbList\",\"@id\":\"https:\/\/www.metrolondres.es\/fr\/lignes\/ligne-northern\/#breadcrumb\",\"itemListElement\":[{\"@type\":\"ListItem\",\"position\":1,\"name\":\"Home\",\"item\":\"https:\/\/www.metrolondres.es\/fr\/\"},{\"@type\":\"ListItem\",\"position\":2,\"name\":\"Lignes de m\u00e9tro\",\"item\":\"https:\/\/www.metrolondres.es\/fr\/lignes\/\"},{\"@type\":\"ListItem\",\"position\":3,\"name\":\"Ligne Northern\"}]},{\"@type\":\"WebSite\",\"@id\":\"https:\/\/www.metrolondres.es\/#website\",\"url\":\"https:\/\/www.metrolondres.es\/\",\"name\":\"M\u00e9tro de Londres\",\"description\":\"mapa, horario, im\u00e1genes, tarifas, estaciones y zonas, historia y todo la informaci\u00f3n del metro de Londres\",\"publisher\":{\"@id\":\"https:\/\/www.metrolondres.es\/#organization\"},\"potentialAction\":[{\"@type\":\"SearchAction\",\"target\":{\"@type\":\"EntryPoint\",\"urlTemplate\":\"https:\/\/www.metrolondres.es\/?s={search_term_string}\"},\"query-input\":{\"@type\":\"PropertyValueSpecification\",\"valueRequired\":true,\"valueName\":\"search_term_string\"}}],\"inLanguage\":\"fr-FR\"},{\"@type\":\"Organization\",\"@id\":\"https:\/\/www.metrolondres.es\/#organization\",\"name\":\"MetroLondresEs\",\"url\":\"https:\/\/www.metrolondres.es\/\",\"logo\":{\"@type\":\"ImageObject\",\"inLanguage\":\"fr-FR\",\"@id\":\"https:\/\/www.metrolondres.es\/#\/schema\/logo\/image\/\",\"url\":\"https:\/\/www.metrolondres.es\/wp-content\/uploads\/2024\/07\/cropped-android-chrome-512x512-1.jpg\",\"contentUrl\":\"https:\/\/www.metrolondres.es\/wp-content\/uploads\/2024\/07\/cropped-android-chrome-512x512-1.jpg\",\"width\":512,\"height\":512,\"caption\":\"MetroLondresEs\"},\"image\":{\"@id\":\"https:\/\/www.metrolondres.es\/#\/schema\/logo\/image\/\"},\"sameAs\":[\"https:\/\/www.facebook.com\/metrodelondres\/\",\"https:\/\/x.com\/metrolondres\"]}]}<\/script>\n<!-- \/ Yoast SEO plugin. -->","yoast_head_json":{"title":"Ligne Northern - M\u00e9tro de Londres","description":"La ligne Northern est la ligne noire du m\u00e9tro de Londres avec 50 stations. D\u00e9couvrez ses horaires, son itin\u00e9raire complexe et autres informations utiles pour les voyageurs.","robots":{"index":"index","follow":"follow","max-snippet":"max-snippet:-1","max-image-preview":"max-image-preview:large","max-video-preview":"max-video-preview:-1"},"canonical":"https:\/\/www.metrolondres.es\/fr\/lignes\/ligne-northern\/","og_locale":"fr_FR","og_type":"article","og_title":"Ligne Northern - M\u00e9tro de Londres","og_description":"La ligne Northern est la ligne noire du m\u00e9tro de Londres avec 50 stations. D\u00e9couvrez ses horaires, son itin\u00e9raire complexe et autres informations utiles pour les voyageurs.","og_url":"https:\/\/www.metrolondres.es\/fr\/lignes\/ligne-northern\/","og_site_name":"M\u00e9tro de Londres","article_publisher":"https:\/\/www.facebook.com\/metrodelondres\/","article_modified_time":"2024-08-29T18:39:13+00:00","og_image":[{"width":1200,"height":675,"url":"https:\/\/www.metrolondres.es\/wp-content\/uploads\/2024\/08\/northen_line_logo.png","type":"image\/png"}],"twitter_card":"summary_large_image","twitter_site":"@metrolondres","schema":{"@context":"https:\/\/schema.org","@graph":[{"@type":"WebPage","@id":"https:\/\/www.metrolondres.es\/fr\/lignes\/ligne-northern\/","url":"https:\/\/www.metrolondres.es\/fr\/lignes\/ligne-northern\/","name":"Ligne Northern - M\u00e9tro de Londres","isPartOf":{"@id":"https:\/\/www.metrolondres.es\/#website"},"primaryImageOfPage":{"@id":"https:\/\/www.metrolondres.es\/fr\/lignes\/ligne-northern\/#primaryimage"},"image":{"@id":"https:\/\/www.metrolondres.es\/fr\/lignes\/ligne-northern\/#primaryimage"},"thumbnailUrl":"https:\/\/www.metrolondres.es\/wp-content\/uploads\/2024\/08\/northen_line_logo.png","datePublished":"2024-07-15T15:29:54+00:00","dateModified":"2024-08-29T18:39:13+00:00","description":"La ligne Northern est la ligne noire du m\u00e9tro de Londres avec 50 stations. D\u00e9couvrez ses horaires, son itin\u00e9raire complexe et autres informations utiles pour les voyageurs.","breadcrumb":{"@id":"https:\/\/www.metrolondres.es\/fr\/lignes\/ligne-northern\/#breadcrumb"},"inLanguage":"fr-FR","potentialAction":[{"@type":"ReadAction","target":["https:\/\/www.metrolondres.es\/fr\/lignes\/ligne-northern\/"]}]},{"@type":"ImageObject","inLanguage":"fr-FR","@id":"https:\/\/www.metrolondres.es\/fr\/lignes\/ligne-northern\/#primaryimage","url":"https:\/\/www.metrolondres.es\/wp-content\/uploads\/2024\/08\/northen_line_logo.png","contentUrl":"https:\/\/www.metrolondres.es\/wp-content\/uploads\/2024\/08\/northen_line_logo.png","width":1200,"height":675,"caption":"Northen Line"},{"@type":"BreadcrumbList","@id":"https:\/\/www.metrolondres.es\/fr\/lignes\/ligne-northern\/#breadcrumb","itemListElement":[{"@type":"ListItem","position":1,"name":"Home","item":"https:\/\/www.metrolondres.es\/fr\/"},{"@type":"ListItem","position":2,"name":"Lignes de m\u00e9tro","item":"https:\/\/www.metrolondres.es\/fr\/lignes\/"},{"@type":"ListItem","position":3,"name":"Ligne Northern"}]},{"@type":"WebSite","@id":"https:\/\/www.metrolondres.es\/#website","url":"https:\/\/www.metrolondres.es\/","name":"M\u00e9tro de Londres","description":"mapa, horario, im\u00e1genes, tarifas, estaciones y zonas, historia y todo la informaci\u00f3n del metro de Londres","publisher":{"@id":"https:\/\/www.metrolondres.es\/#organization"},"potentialAction":[{"@type":"SearchAction","target":{"@type":"EntryPoint","urlTemplate":"https:\/\/www.metrolondres.es\/?s={search_term_string}"},"query-input":{"@type":"PropertyValueSpecification","valueRequired":true,"valueName":"search_term_string"}}],"inLanguage":"fr-FR"},{"@type":"Organization","@id":"https:\/\/www.metrolondres.es\/#organization","name":"MetroLondresEs","url":"https:\/\/www.metrolondres.es\/","logo":{"@type":"ImageObject","inLanguage":"fr-FR","@id":"https:\/\/www.metrolondres.es\/#\/schema\/logo\/image\/","url":"https:\/\/www.metrolondres.es\/wp-content\/uploads\/2024\/07\/cropped-android-chrome-512x512-1.jpg","contentUrl":"https:\/\/www.metrolondres.es\/wp-content\/uploads\/2024\/07\/cropped-android-chrome-512x512-1.jpg","width":512,"height":512,"caption":"MetroLondresEs"},"image":{"@id":"https:\/\/www.metrolondres.es\/#\/schema\/logo\/image\/"},"sameAs":["https:\/\/www.facebook.com\/metrodelondres\/","https:\/\/x.com\/metrolondres"]}]}},"_links":{"self":[{"href":"https:\/\/www.metrolondres.es\/fr\/wp-json\/wp\/v2\/pages\/952","targetHints":{"allow":["GET"]}}],"collection":[{"href":"https:\/\/www.metrolondres.es\/fr\/wp-json\/wp\/v2\/pages"}],"about":[{"href":"https:\/\/www.metrolondres.es\/fr\/wp-json\/wp\/v2\/types\/page"}],"author":[{"embeddable":true,"href":"https:\/\/www.metrolondres.es\/fr\/wp-json\/wp\/v2\/users\/1"}],"replies":[{"embeddable":true,"href":"https:\/\/www.metrolondres.es\/fr\/wp-json\/wp\/v2\/comments?post=952"}],"version-history":[{"count":5,"href":"https:\/\/www.metrolondres.es\/fr\/wp-json\/wp\/v2\/pages\/952\/revisions"}],"predecessor-version":[{"id":1612,"href":"https:\/\/www.metrolondres.es\/fr\/wp-json\/wp\/v2\/pages\/952\/revisions\/1612"}],"up":[{"embeddable":true,"href":"https:\/\/www.metrolondres.es\/fr\/wp-json\/wp\/v2\/pages\/825"}],"wp:featuredmedia":[{"embeddable":true,"href":"https:\/\/www.metrolondres.es\/fr\/wp-json\/wp\/v2\/media\/1609"}],"wp:attachment":[{"href":"https:\/\/www.metrolondres.es\/fr\/wp-json\/wp\/v2\/media?parent=952"}],"curies":[{"name":"wp","href":"https:\/\/api.w.org\/{rel}","templated":true}]}}