{"id":920,"date":"2024-07-15T15:09:43","date_gmt":"2024-07-15T15:09:43","guid":{"rendered":"https:\/\/www.metrolondres.es\/?page_id=920"},"modified":"2024-08-29T18:48:24","modified_gmt":"2024-08-29T18:48:24","slug":"ligne-district","status":"publish","type":"page","link":"https:\/\/www.metrolondres.es\/fr\/lignes\/ligne-district\/","title":{"rendered":"Ligne District"},"content":{"rendered":"<p><strong>La ligne District<\/strong> est la ligne verte du <strong>m\u00e9tro de Londres<\/strong> et est l&rsquo;une des lignes les plus historiques et \u00e9tendues du r\u00e9seau, offrant une couverture essentielle d&rsquo;est en ouest \u00e0 travers la ville.<\/p><div id=\"metro-2792817411\" class=\"metro-contenido metro-entity-placement\"><script async src=\"\/\/pagead2.googlesyndication.com\/pagead\/js\/adsbygoogle.js?client=ca-pub-3426171902310072\" crossorigin=\"anonymous\"><\/script><ins class=\"adsbygoogle\" style=\"display:block;\" data-ad-client=\"ca-pub-3426171902310072\" \ndata-ad-slot=\"2301483529\" \ndata-ad-format=\"auto\" data-full-width-responsive=\"true\"><\/ins>\n<script> \n(adsbygoogle = window.adsbygoogle || []).push({}); \n<\/script>\n<\/div>\n<p><figure id=\"attachment_156\" aria-describedby=\"caption-attachment-156\" style=\"width: 700px\" class=\"wp-caption aligncenter\"><img decoding=\"async\" class=\"size-full wp-image-156 lazyload\" data-src=\"https:\/\/www.metrolondres.es\/wp-content\/uploads\/2014\/06\/linea-district-metro-londres.png\" alt=\"Ligne District du m\u00e9tro de Londres\" width=\"700\" height=\"125\" data-srcset=\"https:\/\/www.metrolondres.es\/wp-content\/uploads\/2014\/06\/linea-district-metro-londres.png 700w, https:\/\/www.metrolondres.es\/wp-content\/uploads\/2014\/06\/linea-district-metro-londres-300x53.png 300w, https:\/\/www.metrolondres.es\/wp-content\/uploads\/2014\/06\/linea-district-metro-londres-624x111.png 624w\" data-sizes=\"(max-width: 700px) 100vw, 700px\" src=\"data:image\/svg+xml;base64,PHN2ZyB3aWR0aD0iMSIgaGVpZ2h0PSIxIiB4bWxucz0iaHR0cDovL3d3dy53My5vcmcvMjAwMC9zdmciPjwvc3ZnPg==\" style=\"--smush-placeholder-width: 700px; --smush-placeholder-aspect-ratio: 700\/125;\" \/><figcaption id=\"caption-attachment-156\" class=\"wp-caption-text\">Ligne District, London Underground<\/figcaption><\/figure><br \/>\n<\/p>\n<h3>Description de la ligne District<\/h3>\n<p>Ouverte en 1868, la <strong>ligne District<\/strong> est l&rsquo;une des plus anciennes lignes du m\u00e9tro de Londres. Elle traverse la ville d&rsquo;est en ouest, principalement juste en dessous de la surface mais pas \u00e0 grande profondeur. Tout au long de son histoire, la ligne District a subi de nombreuses modifications et extensions, refl\u00e9tant l&rsquo;\u00e9volution de Londres et la demande croissante en transports publics.<\/p>\n<p>Avec une longueur totale de 64 kilom\u00e8tres et 60 stations, la ligne District se distingue par sa capacit\u00e9 \u00e0 relier les zones r\u00e9sidentielles au centre de Londres, ainsi que par sa combinaison de stations souterraines et de surface. Chaque ann\u00e9e, plus de 200 millions de passagers utilisent cette ligne, ce qui en fait la ligne de m\u00e9tro \u00e0 faible profondeur la plus utilis\u00e9e du syst\u00e8me.<\/p><div id=\"metro-2723480968\" class=\"metro-contenido_2 metro-entity-placement\"><script async src=\"\/\/pagead2.googlesyndication.com\/pagead\/js\/adsbygoogle.js?client=ca-pub-3426171902310072\" crossorigin=\"anonymous\"><\/script><ins class=\"adsbygoogle\" style=\"display:block;\" data-ad-client=\"ca-pub-3426171902310072\" \ndata-ad-slot=\"8483748498\" \ndata-ad-format=\"auto\" data-full-width-responsive=\"true\"><\/ins>\n<script> \n(adsbygoogle = window.adsbygoogle || []).push({}); \n<\/script>\n<\/div>\n<h3>Stations de la ligne District<\/h3>\n<p>La <strong>ligne District<\/strong> comprend 60 stations r\u00e9parties sur un itin\u00e9raire principal et plusieurs branches, permettant une couverture \u00e9tendue de la ville et offrant des connexions cruciales avec d&rsquo;autres lignes de transport public \u00e0 Londres. Voici les stations r\u00e9pertori\u00e9es par itin\u00e9raire et branche :<\/p>\n<ul>\n<li><strong>Itin\u00e9raire principal :<\/strong> Earl&rsquo;s Court, Gloucester Road, South Kensington, Sloane Square, Victoria Station, St. James&rsquo;s Park, Westminster, Embankment, Temple, Blackfriars, Mansion House, Cannon Street, Monument, Tower Hill, Tower of London, Aldgate East, St. Mary&rsquo;s, Whitechapel, Stepney Green, Mile End, Bow Road, Bromley-by-Bow, West Ham, Plaistow, Upton Park, East Ham, Barking, Upney, Becontree, Dagenham Heathway, Dagenham East, Elm Park, Hornchurch, Upminster Bridge, Upminster<\/li>\n<li><strong>Branche Edgware Road :<\/strong> High Street Kensington, Notting Hill Gate, Bayswater, Paddington, Edgware Road<\/li>\n<li><strong>Branche Kensington :<\/strong> Kensington (Olympia)<\/li>\n<li><strong>Branche Wimbledon :<\/strong> Wimbledon, Wimbledon Park, Southfields, East Putney, Putney Bridge, Parsons Green, Fulham Broadway, West Brompton<\/li>\n<li><strong>Branche Ealing :<\/strong> Ealing Broadway, Ealing Common, Acton Town, South Acton, Chiswick Park, Turnham Green, Stamford Brook, Ravenscourt Park, Hammersmith, Barons Court, West Kensington<\/li>\n<li><strong>Branche Richmond :<\/strong> Richmond, Royal Botanic Gardens Kew, Gunnersbury<\/li>\n<\/ul>\n<h3>Plan et itin\u00e9raire de la ligne District<\/h3>\n<p>Le plan de la ligne District met en \u00e9vidence son vaste parcours \u00e0 travers Londres, reliant des zones cl\u00e9s d&rsquo;est en ouest. La ligne passe par certaines des destinations les plus embl\u00e9matiques de Londres, du centre-ville anim\u00e9 aux banlieues plus calmes, offrant un m\u00e9lange de trajets touristiques et de d\u00e9placements quotidiens qui en font une ligne tr\u00e8s polyvalente.<\/p>\n<figure id=\"attachment_163\" aria-describedby=\"caption-attachment-163\" style=\"width: 625px\" class=\"wp-caption aligncenter\"><a href=\"https:\/\/www.metrolondres.es\/wp-content\/uploads\/2014\/06\/district-linea-mapa-tube-1024x92.jpg\"><img decoding=\"async\" class=\"size-large wp-image-163 lazyload\" data-src=\"https:\/\/www.metrolondres.es\/wp-content\/uploads\/2014\/06\/district-linea-mapa-tube-1024x92.jpg\" alt=\"Plan de la ligne District du m\u00e9tro de Londres\" width=\"625\" height=\"56\" data-srcset=\"https:\/\/www.metrolondres.es\/wp-content\/uploads\/2014\/06\/district-linea-mapa-tube-1024x92.jpg 1024w, https:\/\/www.metrolondres.es\/wp-content\/uploads\/2014\/06\/district-linea-mapa-tube-300x27.jpg 300w, https:\/\/www.metrolondres.es\/wp-content\/uploads\/2014\/06\/district-linea-mapa-tube-624x56.jpg 624w, https:\/\/www.metrolondres.es\/wp-content\/uploads\/2014\/06\/district-linea-mapa-tube.jpg 1400w\" data-sizes=\"(max-width: 625px) 100vw, 625px\" src=\"data:image\/svg+xml;base64,PHN2ZyB3aWR0aD0iMSIgaGVpZ2h0PSIxIiB4bWxucz0iaHR0cDovL3d3dy53My5vcmcvMjAwMC9zdmciPjwvc3ZnPg==\" style=\"--smush-placeholder-width: 625px; --smush-placeholder-aspect-ratio: 625\/56;\" \/><\/a><figcaption id=\"caption-attachment-163\" class=\"wp-caption-text\">Ligne District du m\u00e9tro de Londres<\/figcaption><\/figure>\n<h3>Horaires de la ligne District<\/h3>\n<p>La ligne District offre un service fr\u00e9quent et fiable pour r\u00e9pondre aux besoins des passagers en semaine comme le week-end. Du lundi au samedi, les trains circulent de <strong>4h30 \u00e0 pr\u00e8s de 1h00<\/strong>, selon la station. Le dimanche, le service commence \u00e0 <strong>6h30<\/strong> et se termine vers <strong>00h30<\/strong>. Pour conna\u00eetre les horaires sp\u00e9cifiques du premier et du dernier train \u00e0 chaque station, vous pouvez consulter les <a title=\"Horaires actualis\u00e9s de la ligne District\" href=\"https:\/\/www.tfl.gov.uk\/cdn\/static\/cms\/documents\/fandl-district-wtt-145.pdf\" target=\"_blank\" rel=\"noopener\">horaires actualis\u00e9s<\/a>.<\/p>\n<h3>Anecdotes sur la ligne District<\/h3>\n<p>La ligne District a \u00e9t\u00e9 la deuxi\u00e8me compagnie \u00e0 exploiter des trains souterrains \u00e0 Londres, pr\u00e9c\u00e9d\u00e9e uniquement par la ligne Metropolitan. Depuis son ouverture, elle a jou\u00e9 un r\u00f4le crucial dans le d\u00e9veloppement des transports souterrains dans la ville.<\/p><div id=\"metro-2323858024\" class=\"metro-contenido_2-2 metro-entity-placement\"><script async src=\"\/\/pagead2.googlesyndication.com\/pagead\/js\/adsbygoogle.js?client=ca-pub-3426171902310072\" crossorigin=\"anonymous\"><\/script><ins class=\"adsbygoogle\" style=\"display:block;\" data-ad-client=\"ca-pub-3426171902310072\" \ndata-ad-slot=\"8483748498\" \ndata-ad-format=\"auto\" data-full-width-responsive=\"true\"><\/ins>\n<script> \n(adsbygoogle = window.adsbygoogle || []).push({}); \n<\/script>\n<\/div>\n<p>Un fait int\u00e9ressant est que la ligne District a subi plus de changements dans sa structure et les stations qu&rsquo;elle dessert que toute autre ligne du m\u00e9tro de Londres. Ces changements refl\u00e8tent l&rsquo;\u00e9volution continue de Londres et l&rsquo;adaptabilit\u00e9 du syst\u00e8me de transport pour r\u00e9pondre aux besoins changeants de la population urbaine.<\/p>\n<p>De plus, la ligne District est unique en ayant certaines des stations les plus belles et historiquement significatives, telles que Gloucester Road et South Kensington, qui pr\u00e9sentent une architecture victorienne impressionnante contrastant avec l&rsquo;agitation de la vie moderne \u00e0 Londres.<\/p>\n<p>Avec sa riche histoire, ses itin\u00e9raires \u00e9tendus et ses connexions strat\u00e9giques, la ligne District reste une partie int\u00e9grante du m\u00e9tro de Londres, s&rsquo;adaptant aux exigences d&rsquo;une ville en constante \u00e9volution et fournissant un lien vital entre diff\u00e9rentes communaut\u00e9s et destinations.<\/p>\n","protected":false},"excerpt":{"rendered":"<p>La ligne District est la ligne verte du m\u00e9tro de Londres et est l&rsquo;une des lignes les plus historiques et \u00e9tendues du r\u00e9seau, offrant une couverture essentielle d&rsquo;est en ouest \u00e0 travers la ville. Description de la ligne District Ouverte en 1868, la ligne District est l&rsquo;une des plus anciennes lignes du m\u00e9tro de Londres. [&hellip;]<\/p>\n","protected":false},"author":1,"featured_media":1624,"parent":825,"menu_order":4,"comment_status":"open","ping_status":"open","template":"","meta":{"footnotes":""},"class_list":["post-920","page","type-page","status-publish","has-post-thumbnail","hentry"],"yoast_head":"<!-- This site is optimized with the Yoast SEO plugin v24.6 - https:\/\/yoast.com\/wordpress\/plugins\/seo\/ -->\n<title>Ligne District - M\u00e9tro de Londres<\/title>\n<meta name=\"description\" content=\"Explorez la ligne District, la ligne verte du m\u00e9tro de Londres. Apprenez-en plus sur ses 60 stations, ses itin\u00e9raires et son histoire fascinante.\" \/>\n<meta name=\"robots\" content=\"index, follow, max-snippet:-1, max-image-preview:large, max-video-preview:-1\" \/>\n<link rel=\"canonical\" href=\"https:\/\/www.metrolondres.es\/fr\/lignes\/ligne-district\/\" \/>\n<meta property=\"og:locale\" content=\"fr_FR\" \/>\n<meta property=\"og:type\" content=\"article\" \/>\n<meta property=\"og:title\" content=\"Ligne District - M\u00e9tro de Londres\" \/>\n<meta property=\"og:description\" content=\"Explorez la ligne District, la ligne verte du m\u00e9tro de Londres. Apprenez-en plus sur ses 60 stations, ses itin\u00e9raires et son histoire fascinante.\" \/>\n<meta property=\"og:url\" content=\"https:\/\/www.metrolondres.es\/fr\/lignes\/ligne-district\/\" \/>\n<meta property=\"og:site_name\" content=\"M\u00e9tro de Londres\" \/>\n<meta property=\"article:publisher\" content=\"https:\/\/www.facebook.com\/metrodelondres\/\" \/>\n<meta property=\"article:modified_time\" content=\"2024-08-29T18:48:24+00:00\" \/>\n<meta property=\"og:image\" content=\"https:\/\/www.metrolondres.es\/wp-content\/uploads\/2024\/08\/district_line_logo.png\" \/>\n\t<meta property=\"og:image:width\" content=\"1200\" \/>\n\t<meta property=\"og:image:height\" content=\"675\" \/>\n\t<meta property=\"og:image:type\" content=\"image\/png\" \/>\n<meta name=\"twitter:card\" content=\"summary_large_image\" \/>\n<meta name=\"twitter:site\" content=\"@metrolondres\" \/>\n<script type=\"application\/ld+json\" class=\"yoast-schema-graph\">{\"@context\":\"https:\/\/schema.org\",\"@graph\":[{\"@type\":\"WebPage\",\"@id\":\"https:\/\/www.metrolondres.es\/fr\/lignes\/ligne-district\/\",\"url\":\"https:\/\/www.metrolondres.es\/fr\/lignes\/ligne-district\/\",\"name\":\"Ligne District - M\u00e9tro de Londres\",\"isPartOf\":{\"@id\":\"https:\/\/www.metrolondres.es\/#website\"},\"primaryImageOfPage\":{\"@id\":\"https:\/\/www.metrolondres.es\/fr\/lignes\/ligne-district\/#primaryimage\"},\"image\":{\"@id\":\"https:\/\/www.metrolondres.es\/fr\/lignes\/ligne-district\/#primaryimage\"},\"thumbnailUrl\":\"https:\/\/www.metrolondres.es\/wp-content\/uploads\/2024\/08\/district_line_logo.png\",\"datePublished\":\"2024-07-15T15:09:43+00:00\",\"dateModified\":\"2024-08-29T18:48:24+00:00\",\"description\":\"Explorez la ligne District, la ligne verte du m\u00e9tro de Londres. Apprenez-en plus sur ses 60 stations, ses itin\u00e9raires et son histoire fascinante.\",\"breadcrumb\":{\"@id\":\"https:\/\/www.metrolondres.es\/fr\/lignes\/ligne-district\/#breadcrumb\"},\"inLanguage\":\"fr-FR\",\"potentialAction\":[{\"@type\":\"ReadAction\",\"target\":[\"https:\/\/www.metrolondres.es\/fr\/lignes\/ligne-district\/\"]}]},{\"@type\":\"ImageObject\",\"inLanguage\":\"fr-FR\",\"@id\":\"https:\/\/www.metrolondres.es\/fr\/lignes\/ligne-district\/#primaryimage\",\"url\":\"https:\/\/www.metrolondres.es\/wp-content\/uploads\/2024\/08\/district_line_logo.png\",\"contentUrl\":\"https:\/\/www.metrolondres.es\/wp-content\/uploads\/2024\/08\/district_line_logo.png\",\"width\":1200,\"height\":675,\"caption\":\"District Line\"},{\"@type\":\"BreadcrumbList\",\"@id\":\"https:\/\/www.metrolondres.es\/fr\/lignes\/ligne-district\/#breadcrumb\",\"itemListElement\":[{\"@type\":\"ListItem\",\"position\":1,\"name\":\"Home\",\"item\":\"https:\/\/www.metrolondres.es\/fr\/\"},{\"@type\":\"ListItem\",\"position\":2,\"name\":\"Lignes de m\u00e9tro\",\"item\":\"https:\/\/www.metrolondres.es\/fr\/lignes\/\"},{\"@type\":\"ListItem\",\"position\":3,\"name\":\"Ligne District\"}]},{\"@type\":\"WebSite\",\"@id\":\"https:\/\/www.metrolondres.es\/#website\",\"url\":\"https:\/\/www.metrolondres.es\/\",\"name\":\"M\u00e9tro de Londres\",\"description\":\"mapa, horario, im\u00e1genes, tarifas, estaciones y zonas, historia y todo la informaci\u00f3n del metro de Londres\",\"publisher\":{\"@id\":\"https:\/\/www.metrolondres.es\/#organization\"},\"potentialAction\":[{\"@type\":\"SearchAction\",\"target\":{\"@type\":\"EntryPoint\",\"urlTemplate\":\"https:\/\/www.metrolondres.es\/?s={search_term_string}\"},\"query-input\":{\"@type\":\"PropertyValueSpecification\",\"valueRequired\":true,\"valueName\":\"search_term_string\"}}],\"inLanguage\":\"fr-FR\"},{\"@type\":\"Organization\",\"@id\":\"https:\/\/www.metrolondres.es\/#organization\",\"name\":\"MetroLondresEs\",\"url\":\"https:\/\/www.metrolondres.es\/\",\"logo\":{\"@type\":\"ImageObject\",\"inLanguage\":\"fr-FR\",\"@id\":\"https:\/\/www.metrolondres.es\/#\/schema\/logo\/image\/\",\"url\":\"https:\/\/www.metrolondres.es\/wp-content\/uploads\/2024\/07\/cropped-android-chrome-512x512-1.jpg\",\"contentUrl\":\"https:\/\/www.metrolondres.es\/wp-content\/uploads\/2024\/07\/cropped-android-chrome-512x512-1.jpg\",\"width\":512,\"height\":512,\"caption\":\"MetroLondresEs\"},\"image\":{\"@id\":\"https:\/\/www.metrolondres.es\/#\/schema\/logo\/image\/\"},\"sameAs\":[\"https:\/\/www.facebook.com\/metrodelondres\/\",\"https:\/\/x.com\/metrolondres\"]}]}<\/script>\n<!-- \/ Yoast SEO plugin. -->","yoast_head_json":{"title":"Ligne District - M\u00e9tro de Londres","description":"Explorez la ligne District, la ligne verte du m\u00e9tro de Londres. Apprenez-en plus sur ses 60 stations, ses itin\u00e9raires et son histoire fascinante.","robots":{"index":"index","follow":"follow","max-snippet":"max-snippet:-1","max-image-preview":"max-image-preview:large","max-video-preview":"max-video-preview:-1"},"canonical":"https:\/\/www.metrolondres.es\/fr\/lignes\/ligne-district\/","og_locale":"fr_FR","og_type":"article","og_title":"Ligne District - M\u00e9tro de Londres","og_description":"Explorez la ligne District, la ligne verte du m\u00e9tro de Londres. Apprenez-en plus sur ses 60 stations, ses itin\u00e9raires et son histoire fascinante.","og_url":"https:\/\/www.metrolondres.es\/fr\/lignes\/ligne-district\/","og_site_name":"M\u00e9tro de Londres","article_publisher":"https:\/\/www.facebook.com\/metrodelondres\/","article_modified_time":"2024-08-29T18:48:24+00:00","og_image":[{"width":1200,"height":675,"url":"https:\/\/www.metrolondres.es\/wp-content\/uploads\/2024\/08\/district_line_logo.png","type":"image\/png"}],"twitter_card":"summary_large_image","twitter_site":"@metrolondres","schema":{"@context":"https:\/\/schema.org","@graph":[{"@type":"WebPage","@id":"https:\/\/www.metrolondres.es\/fr\/lignes\/ligne-district\/","url":"https:\/\/www.metrolondres.es\/fr\/lignes\/ligne-district\/","name":"Ligne District - M\u00e9tro de Londres","isPartOf":{"@id":"https:\/\/www.metrolondres.es\/#website"},"primaryImageOfPage":{"@id":"https:\/\/www.metrolondres.es\/fr\/lignes\/ligne-district\/#primaryimage"},"image":{"@id":"https:\/\/www.metrolondres.es\/fr\/lignes\/ligne-district\/#primaryimage"},"thumbnailUrl":"https:\/\/www.metrolondres.es\/wp-content\/uploads\/2024\/08\/district_line_logo.png","datePublished":"2024-07-15T15:09:43+00:00","dateModified":"2024-08-29T18:48:24+00:00","description":"Explorez la ligne District, la ligne verte du m\u00e9tro de Londres. Apprenez-en plus sur ses 60 stations, ses itin\u00e9raires et son histoire fascinante.","breadcrumb":{"@id":"https:\/\/www.metrolondres.es\/fr\/lignes\/ligne-district\/#breadcrumb"},"inLanguage":"fr-FR","potentialAction":[{"@type":"ReadAction","target":["https:\/\/www.metrolondres.es\/fr\/lignes\/ligne-district\/"]}]},{"@type":"ImageObject","inLanguage":"fr-FR","@id":"https:\/\/www.metrolondres.es\/fr\/lignes\/ligne-district\/#primaryimage","url":"https:\/\/www.metrolondres.es\/wp-content\/uploads\/2024\/08\/district_line_logo.png","contentUrl":"https:\/\/www.metrolondres.es\/wp-content\/uploads\/2024\/08\/district_line_logo.png","width":1200,"height":675,"caption":"District Line"},{"@type":"BreadcrumbList","@id":"https:\/\/www.metrolondres.es\/fr\/lignes\/ligne-district\/#breadcrumb","itemListElement":[{"@type":"ListItem","position":1,"name":"Home","item":"https:\/\/www.metrolondres.es\/fr\/"},{"@type":"ListItem","position":2,"name":"Lignes de m\u00e9tro","item":"https:\/\/www.metrolondres.es\/fr\/lignes\/"},{"@type":"ListItem","position":3,"name":"Ligne District"}]},{"@type":"WebSite","@id":"https:\/\/www.metrolondres.es\/#website","url":"https:\/\/www.metrolondres.es\/","name":"M\u00e9tro de Londres","description":"mapa, horario, im\u00e1genes, tarifas, estaciones y zonas, historia y todo la informaci\u00f3n del metro de Londres","publisher":{"@id":"https:\/\/www.metrolondres.es\/#organization"},"potentialAction":[{"@type":"SearchAction","target":{"@type":"EntryPoint","urlTemplate":"https:\/\/www.metrolondres.es\/?s={search_term_string}"},"query-input":{"@type":"PropertyValueSpecification","valueRequired":true,"valueName":"search_term_string"}}],"inLanguage":"fr-FR"},{"@type":"Organization","@id":"https:\/\/www.metrolondres.es\/#organization","name":"MetroLondresEs","url":"https:\/\/www.metrolondres.es\/","logo":{"@type":"ImageObject","inLanguage":"fr-FR","@id":"https:\/\/www.metrolondres.es\/#\/schema\/logo\/image\/","url":"https:\/\/www.metrolondres.es\/wp-content\/uploads\/2024\/07\/cropped-android-chrome-512x512-1.jpg","contentUrl":"https:\/\/www.metrolondres.es\/wp-content\/uploads\/2024\/07\/cropped-android-chrome-512x512-1.jpg","width":512,"height":512,"caption":"MetroLondresEs"},"image":{"@id":"https:\/\/www.metrolondres.es\/#\/schema\/logo\/image\/"},"sameAs":["https:\/\/www.facebook.com\/metrodelondres\/","https:\/\/x.com\/metrolondres"]}]}},"_links":{"self":[{"href":"https:\/\/www.metrolondres.es\/fr\/wp-json\/wp\/v2\/pages\/920","targetHints":{"allow":["GET"]}}],"collection":[{"href":"https:\/\/www.metrolondres.es\/fr\/wp-json\/wp\/v2\/pages"}],"about":[{"href":"https:\/\/www.metrolondres.es\/fr\/wp-json\/wp\/v2\/types\/page"}],"author":[{"embeddable":true,"href":"https:\/\/www.metrolondres.es\/fr\/wp-json\/wp\/v2\/users\/1"}],"replies":[{"embeddable":true,"href":"https:\/\/www.metrolondres.es\/fr\/wp-json\/wp\/v2\/comments?post=920"}],"version-history":[{"count":3,"href":"https:\/\/www.metrolondres.es\/fr\/wp-json\/wp\/v2\/pages\/920\/revisions"}],"predecessor-version":[{"id":1627,"href":"https:\/\/www.metrolondres.es\/fr\/wp-json\/wp\/v2\/pages\/920\/revisions\/1627"}],"up":[{"embeddable":true,"href":"https:\/\/www.metrolondres.es\/fr\/wp-json\/wp\/v2\/pages\/825"}],"wp:featuredmedia":[{"embeddable":true,"href":"https:\/\/www.metrolondres.es\/fr\/wp-json\/wp\/v2\/media\/1624"}],"wp:attachment":[{"href":"https:\/\/www.metrolondres.es\/fr\/wp-json\/wp\/v2\/media?parent=920"}],"curies":[{"name":"wp","href":"https:\/\/api.w.org\/{rel}","templated":true}]}}