{"id":918,"date":"2024-07-15T15:05:05","date_gmt":"2024-07-15T15:05:05","guid":{"rendered":"https:\/\/www.metrolondres.es\/?page_id=918"},"modified":"2024-08-31T07:06:37","modified_gmt":"2024-08-31T07:06:37","slug":"ligne-circle","status":"publish","type":"page","link":"https:\/\/www.metrolondres.es\/fr\/lignes\/ligne-circle\/","title":{"rendered":"Ligne Circle"},"content":{"rendered":"<p><strong>La ligne Circle<\/strong> est la ligne jaune du <strong>m\u00e9tro de Londres<\/strong>, c\u00e9l\u00e8bre pour sa route circulaire qui relie certains des points les plus embl\u00e9matiques et touristiques de la ville.<\/p><div id=\"metro-852221250\" class=\"metro-contenido metro-entity-placement\"><script async src=\"\/\/pagead2.googlesyndication.com\/pagead\/js\/adsbygoogle.js?client=ca-pub-3426171902310072\" crossorigin=\"anonymous\"><\/script><ins class=\"adsbygoogle\" style=\"display:block;\" data-ad-client=\"ca-pub-3426171902310072\" \ndata-ad-slot=\"2301483529\" \ndata-ad-format=\"auto\" data-full-width-responsive=\"true\"><\/ins>\n<script> \n(adsbygoogle = window.adsbygoogle || []).push({}); \n<\/script>\n<\/div>\n<figure id=\"attachment_132\" aria-describedby=\"caption-attachment-132\" style=\"width: 694px\" class=\"wp-caption aligncenter\"><img decoding=\"async\" class=\"size-full wp-image-132 lazyload\" data-src=\"https:\/\/www.metrolondres.es\/wp-content\/uploads\/2014\/06\/Linea-Circle-Metro-Londres.png\" alt=\"Ligne Circle, m\u00e9tro de Londres\" width=\"694\" height=\"123\" data-srcset=\"https:\/\/www.metrolondres.es\/wp-content\/uploads\/2014\/06\/Linea-Circle-Metro-Londres.png 694w, https:\/\/www.metrolondres.es\/wp-content\/uploads\/2014\/06\/Linea-Circle-Metro-Londres-300x53.png 300w, https:\/\/www.metrolondres.es\/wp-content\/uploads\/2014\/06\/Linea-Circle-Metro-Londres-624x110.png 624w\" data-sizes=\"(max-width: 694px) 100vw, 694px\" src=\"data:image\/svg+xml;base64,PHN2ZyB3aWR0aD0iMSIgaGVpZ2h0PSIxIiB4bWxucz0iaHR0cDovL3d3dy53My5vcmcvMjAwMC9zdmciPjwvc3ZnPg==\" style=\"--smush-placeholder-width: 694px; --smush-placeholder-aspect-ratio: 694\/123;\" \/><figcaption id=\"caption-attachment-132\" class=\"wp-caption-text\">Ligne Circle, London Underground<\/figcaption><\/figure>\n\n<h3>Description de la ligne Circle<\/h3>\n<p>Inaugur\u00e9e en 1884, la <strong>ligne Circle<\/strong> est l&rsquo;une des plus anciennes du syst\u00e8me de m\u00e9tro de Londres. Initialement con\u00e7ue pour avoir un parcours circulaire complet, elle a \u00e9t\u00e9 \u00e9tendue en 2009 pour inclure une section qui s&rsquo;\u00e9tend jusqu&rsquo;\u00e0 Hammersmith, la transformant en une ligne en spirale plut\u00f4t qu&rsquo;en un cercle ferm\u00e9. Cette modification a permis d&rsquo;am\u00e9liorer l&rsquo;efficacit\u00e9 op\u00e9rationnelle et d&rsquo;augmenter la fr\u00e9quence des trains.<\/p>\n<p>La ligne Circle couvre 36 stations le long de son parcours, dont presque toutes sont partag\u00e9es avec d&rsquo;autres lignes du m\u00e9tro de Londres, telles que la <a title=\"Ligne District\" href=\"http:\/\/www.metrolondres.es\/lineas\/district\/\">District<\/a>, la <a title=\"Ligne Hammersmith &amp; City\" href=\"http:\/\/www.metrolondres.es\/lineas\/hammersmith-city\/\">Hammersmith &amp; City<\/a>, et la <a title=\"Ligne Metropolitan\" href=\"http:\/\/www.metrolondres.es\/lineas\/metropolitan\/\">Metropolitan<\/a>. En raison de cette caract\u00e9ristique, la ligne Circle est souvent appel\u00e9e une \u00ab\u00a0ligne virtuelle\u00a0\u00bb, car elle ne poss\u00e8de pas de stations exclusives.<\/p>\n<p>Un tour complet sur la ligne Circle prend environ 49 minutes. Le temps de trajet inclut des arr\u00eats \u00e0 chaque station, maintenant un intervalle r\u00e9gulier de 7 minutes entre les trains dans les deux directions, ce qui aide \u00e0 synchroniser le service et \u00e0 maintenir les 7 trains op\u00e9rationnels circulant sans encombre dans chaque direction.<\/p><div id=\"metro-2573147759\" class=\"metro-contenido_2 metro-entity-placement\"><script async src=\"\/\/pagead2.googlesyndication.com\/pagead\/js\/adsbygoogle.js?client=ca-pub-3426171902310072\" crossorigin=\"anonymous\"><\/script><ins class=\"adsbygoogle\" style=\"display:block;\" data-ad-client=\"ca-pub-3426171902310072\" \ndata-ad-slot=\"8483748498\" \ndata-ad-format=\"auto\" data-full-width-responsive=\"true\"><\/ins>\n<script> \n(adsbygoogle = window.adsbygoogle || []).push({}); \n<\/script>\n<\/div>\n<p>La ligne Circle est utilis\u00e9e par environ 115 millions de passagers chaque ann\u00e9e, servant \u00e0 la fois les r\u00e9sidents locaux et les touristes qui souhaitent se d\u00e9placer rapidement dans le centre de Londres.<\/p>\n<h3>Stations de la ligne Circle<\/h3>\n<p>La ligne Circle passe par 36 stations, dont beaucoup sont des points de connexion cl\u00e9s dans le r\u00e9seau du m\u00e9tro de Londres. Voici la liste de toutes les stations de la ligne Circle, en commen\u00e7ant par l&rsquo;extr\u00e9mit\u00e9 ouest :<\/p>\n<ul>\n<li>Hammersmith, Goldhawk Road, Shepherd&rsquo;s Bush Market, Wood Lane, Latimer Road, Ladbroke Grove, Westbourne Park, Royal Oak, Paddington, Edgware Road, Baker Street, Great Portland Street, Euston Square, King&rsquo;s Cross St Pancras, Farringdon, Barbican, Moorgate, Liverpool Street, Aldgate, Tower Hill, Monument, Cannon Street, Mansion House, Blackfriars, Temple, Embankment, Westminster, St James&rsquo;s Park, Victoria, Sloane Square, South Kensington, Gloucester Road, High Street Kensington, Notting Hill Gate, Bayswater, Paddington<\/li>\n<\/ul>\n<h3>Plan et itin\u00e9raire de la ligne Circle<\/h3>\n<p>Le plan de la ligne Circle illustre son parcours \u00e9tendu depuis Hammersmith jusqu&rsquo;au centre de Londres, formant une boucle en spirale qui facilite l&rsquo;acc\u00e8s \u00e0 divers points d&rsquo;int\u00e9r\u00eat et zones cl\u00e9s de la ville. Cette configuration unique permet aux passagers de voyager facilement \u00e0 travers les zones les plus fr\u00e9quent\u00e9es de Londres, en connectant plusieurs lignes de m\u00e9tro et principales stations.<\/p>\n<figure id=\"attachment_149\" aria-describedby=\"caption-attachment-149\" style=\"width: 625px\" class=\"wp-caption aligncenter\"><a href=\"https:\/\/www.metrolondres.es\/wp-content\/uploads\/2014\/06\/linea-circle-metro-londres-1024x211.png\"><img decoding=\"async\" class=\"size-large wp-image-149 lazyload\" data-src=\"https:\/\/www.metrolondres.es\/wp-content\/uploads\/2014\/06\/linea-circle-metro-londres-1024x211.png\" alt=\"Plan et itin\u00e9raire de la ligne Circle du m\u00e9tro de Londres\" width=\"625\" height=\"128\" data-srcset=\"https:\/\/www.metrolondres.es\/wp-content\/uploads\/2014\/06\/linea-circle-metro-londres-1024x211.png 1024w, https:\/\/www.metrolondres.es\/wp-content\/uploads\/2014\/06\/linea-circle-metro-londres-300x61.png 300w, https:\/\/www.metrolondres.es\/wp-content\/uploads\/2014\/06\/linea-circle-metro-londres-624x128.png 624w, https:\/\/www.metrolondres.es\/wp-content\/uploads\/2014\/06\/linea-circle-metro-londres.png 1080w\" data-sizes=\"(max-width: 625px) 100vw, 625px\" src=\"data:image\/svg+xml;base64,PHN2ZyB3aWR0aD0iMSIgaGVpZ2h0PSIxIiB4bWxucz0iaHR0cDovL3d3dy53My5vcmcvMjAwMC9zdmciPjwvc3ZnPg==\" style=\"--smush-placeholder-width: 625px; --smush-placeholder-aspect-ratio: 625\/128;\" \/><\/a><figcaption id=\"caption-attachment-149\" class=\"wp-caption-text\">Plan et itin\u00e9raire de la ligne Circle<\/figcaption><\/figure>\n<h3>Horaires de la ligne Circle<\/h3>\n<p>La ligne Circle offre un service r\u00e9gulier qui facilite le transport tout au long de la semaine.<\/p><div id=\"metro-2319108501\" class=\"metro-contenido_2-2 metro-entity-placement\"><script async src=\"\/\/pagead2.googlesyndication.com\/pagead\/js\/adsbygoogle.js?client=ca-pub-3426171902310072\" crossorigin=\"anonymous\"><\/script><ins class=\"adsbygoogle\" style=\"display:block;\" data-ad-client=\"ca-pub-3426171902310072\" \ndata-ad-slot=\"8483748498\" \ndata-ad-format=\"auto\" data-full-width-responsive=\"true\"><\/ins>\n<script> \n(adsbygoogle = window.adsbygoogle || []).push({}); \n<\/script>\n<\/div>\n<p>Du lundi au samedi, les trains commencent \u00e0 circuler autour de <strong>4h30<\/strong> et continuent jusqu&rsquo;\u00e0 environ <strong>1h00<\/strong>, selon la station. Le dimanche, l&rsquo;horaire est l\u00e9g\u00e8rement r\u00e9duit, avec des trains fonctionnant de <strong>7h00<\/strong> \u00e0 <strong>00h30<\/strong>.<\/p>\n<p>Pour obtenir des informations plus d\u00e9taill\u00e9es et mises \u00e0 jour sur les premiers et derniers horaires de train \u00e0 chaque station, vous pouvez consulter les <a title=\"Horaires mis \u00e0 jour de la ligne Circle\" href=\"https:\/\/www.tfl.gov.uk\/cdn\/static\/cms\/documents\/fandl-circle-wtt-31.pdf\" target=\"_blank\" rel=\"noopener\">horaires mis \u00e0 jour ici<\/a>.<\/p>\n<h3>Anecdotes sur la ligne Circle<\/h3>\n<p>La ligne Circle a \u00e9t\u00e9 l&rsquo;une des lignes touch\u00e9es par les attentats terroristes du 7 juillet 2005, un \u00e9v\u00e9nement tragique qui a eu un impact profond sur Londres et sur le syst\u00e8me de transport de la ville. Depuis lors, de <a href=\"https:\/\/www.metrolondres.es\/seguridad-en-el-metro-de-londres\/\">nombreuses am\u00e9liorations de la s\u00e9curit\u00e9<\/a> ont \u00e9t\u00e9 mises en \u0153uvre dans tout le r\u00e9seau du m\u00e9tro de Londres pour garantir la s\u00e9curit\u00e9 des passagers.<\/p>\n<p>De plus, en raison de sa structure unique et de son parcours majoritairement en surface, la ligne Circle offre une exp\u00e9rience de voyage diff\u00e9rente de celle des autres lignes plus profondes du m\u00e9tro de Londres. Cela permet aux passagers de profiter de vues sur la ville tout en voyageant, ce qui fait de la ligne un choix populaire tant pour les touristes que pour les r\u00e9sidents.<\/p>\n<p>Avec sa combinaison d&rsquo;histoire, de connectivit\u00e9 \u00e9tendue et de r\u00f4le crucial dans les transports quotidiens de Londres, la ligne Circle reste une partie vitale du r\u00e9seau de m\u00e9tro de Londres.<\/p>\n","protected":false},"excerpt":{"rendered":"<p>La ligne Circle est la ligne jaune du m\u00e9tro de Londres, c\u00e9l\u00e8bre pour sa route circulaire qui relie certains des points les plus embl\u00e9matiques et touristiques de la ville. Description de la ligne Circle Inaugur\u00e9e en 1884, la ligne Circle est l&rsquo;une des plus anciennes du syst\u00e8me de m\u00e9tro de Londres. Initialement con\u00e7ue pour avoir [&hellip;]<\/p>\n","protected":false},"author":1,"featured_media":1635,"parent":825,"menu_order":3,"comment_status":"open","ping_status":"open","template":"","meta":{"footnotes":""},"class_list":["post-918","page","type-page","status-publish","has-post-thumbnail","hentry"],"yoast_head":"<!-- This site is optimized with the Yoast SEO plugin v24.6 - https:\/\/yoast.com\/wordpress\/plugins\/seo\/ -->\n<title>Ligne Circle - M\u00e9tro de Londres<\/title>\n<meta name=\"description\" content=\"Explorez la ligne Circle, la ligne jaune du m\u00e9tro de Londres. D\u00e9couvrez ses 36 stations partag\u00e9es, son parcours circulaire et des faits int\u00e9ressants\" \/>\n<meta name=\"robots\" content=\"index, follow, max-snippet:-1, max-image-preview:large, max-video-preview:-1\" \/>\n<link rel=\"canonical\" href=\"https:\/\/www.metrolondres.es\/fr\/lignes\/ligne-circle\/\" \/>\n<meta property=\"og:locale\" content=\"fr_FR\" \/>\n<meta property=\"og:type\" content=\"article\" \/>\n<meta property=\"og:title\" content=\"Ligne Circle - M\u00e9tro de Londres\" \/>\n<meta property=\"og:description\" content=\"Explorez la ligne Circle, la ligne jaune du m\u00e9tro de Londres. D\u00e9couvrez ses 36 stations partag\u00e9es, son parcours circulaire et des faits int\u00e9ressants\" \/>\n<meta property=\"og:url\" content=\"https:\/\/www.metrolondres.es\/fr\/lignes\/ligne-circle\/\" \/>\n<meta property=\"og:site_name\" content=\"M\u00e9tro de Londres\" \/>\n<meta property=\"article:publisher\" content=\"https:\/\/www.facebook.com\/metrodelondres\/\" \/>\n<meta property=\"article:modified_time\" content=\"2024-08-31T07:06:37+00:00\" \/>\n<meta property=\"og:image\" content=\"https:\/\/www.metrolondres.es\/wp-content\/uploads\/2024\/08\/circle_line_logo.png\" \/>\n\t<meta property=\"og:image:width\" content=\"1200\" \/>\n\t<meta property=\"og:image:height\" content=\"675\" \/>\n\t<meta property=\"og:image:type\" content=\"image\/png\" \/>\n<meta name=\"twitter:card\" content=\"summary_large_image\" \/>\n<meta name=\"twitter:site\" content=\"@metrolondres\" \/>\n<script type=\"application\/ld+json\" class=\"yoast-schema-graph\">{\"@context\":\"https:\/\/schema.org\",\"@graph\":[{\"@type\":\"WebPage\",\"@id\":\"https:\/\/www.metrolondres.es\/fr\/lignes\/ligne-circle\/\",\"url\":\"https:\/\/www.metrolondres.es\/fr\/lignes\/ligne-circle\/\",\"name\":\"Ligne Circle - M\u00e9tro de Londres\",\"isPartOf\":{\"@id\":\"https:\/\/www.metrolondres.es\/#website\"},\"primaryImageOfPage\":{\"@id\":\"https:\/\/www.metrolondres.es\/fr\/lignes\/ligne-circle\/#primaryimage\"},\"image\":{\"@id\":\"https:\/\/www.metrolondres.es\/fr\/lignes\/ligne-circle\/#primaryimage\"},\"thumbnailUrl\":\"https:\/\/www.metrolondres.es\/wp-content\/uploads\/2024\/08\/circle_line_logo.png\",\"datePublished\":\"2024-07-15T15:05:05+00:00\",\"dateModified\":\"2024-08-31T07:06:37+00:00\",\"description\":\"Explorez la ligne Circle, la ligne jaune du m\u00e9tro de Londres. D\u00e9couvrez ses 36 stations partag\u00e9es, son parcours circulaire et des faits int\u00e9ressants\",\"breadcrumb\":{\"@id\":\"https:\/\/www.metrolondres.es\/fr\/lignes\/ligne-circle\/#breadcrumb\"},\"inLanguage\":\"fr-FR\",\"potentialAction\":[{\"@type\":\"ReadAction\",\"target\":[\"https:\/\/www.metrolondres.es\/fr\/lignes\/ligne-circle\/\"]}]},{\"@type\":\"ImageObject\",\"inLanguage\":\"fr-FR\",\"@id\":\"https:\/\/www.metrolondres.es\/fr\/lignes\/ligne-circle\/#primaryimage\",\"url\":\"https:\/\/www.metrolondres.es\/wp-content\/uploads\/2024\/08\/circle_line_logo.png\",\"contentUrl\":\"https:\/\/www.metrolondres.es\/wp-content\/uploads\/2024\/08\/circle_line_logo.png\",\"width\":1200,\"height\":675,\"caption\":\"Circle Line\"},{\"@type\":\"BreadcrumbList\",\"@id\":\"https:\/\/www.metrolondres.es\/fr\/lignes\/ligne-circle\/#breadcrumb\",\"itemListElement\":[{\"@type\":\"ListItem\",\"position\":1,\"name\":\"Home\",\"item\":\"https:\/\/www.metrolondres.es\/fr\/\"},{\"@type\":\"ListItem\",\"position\":2,\"name\":\"Lignes de m\u00e9tro\",\"item\":\"https:\/\/www.metrolondres.es\/fr\/lignes\/\"},{\"@type\":\"ListItem\",\"position\":3,\"name\":\"Ligne Circle\"}]},{\"@type\":\"WebSite\",\"@id\":\"https:\/\/www.metrolondres.es\/#website\",\"url\":\"https:\/\/www.metrolondres.es\/\",\"name\":\"M\u00e9tro de Londres\",\"description\":\"mapa, horario, im\u00e1genes, tarifas, estaciones y zonas, historia y todo la informaci\u00f3n del metro de Londres\",\"publisher\":{\"@id\":\"https:\/\/www.metrolondres.es\/#organization\"},\"potentialAction\":[{\"@type\":\"SearchAction\",\"target\":{\"@type\":\"EntryPoint\",\"urlTemplate\":\"https:\/\/www.metrolondres.es\/?s={search_term_string}\"},\"query-input\":{\"@type\":\"PropertyValueSpecification\",\"valueRequired\":true,\"valueName\":\"search_term_string\"}}],\"inLanguage\":\"fr-FR\"},{\"@type\":\"Organization\",\"@id\":\"https:\/\/www.metrolondres.es\/#organization\",\"name\":\"MetroLondresEs\",\"url\":\"https:\/\/www.metrolondres.es\/\",\"logo\":{\"@type\":\"ImageObject\",\"inLanguage\":\"fr-FR\",\"@id\":\"https:\/\/www.metrolondres.es\/#\/schema\/logo\/image\/\",\"url\":\"https:\/\/www.metrolondres.es\/wp-content\/uploads\/2024\/07\/cropped-android-chrome-512x512-1.jpg\",\"contentUrl\":\"https:\/\/www.metrolondres.es\/wp-content\/uploads\/2024\/07\/cropped-android-chrome-512x512-1.jpg\",\"width\":512,\"height\":512,\"caption\":\"MetroLondresEs\"},\"image\":{\"@id\":\"https:\/\/www.metrolondres.es\/#\/schema\/logo\/image\/\"},\"sameAs\":[\"https:\/\/www.facebook.com\/metrodelondres\/\",\"https:\/\/x.com\/metrolondres\"]}]}<\/script>\n<!-- \/ Yoast SEO plugin. -->","yoast_head_json":{"title":"Ligne Circle - M\u00e9tro de Londres","description":"Explorez la ligne Circle, la ligne jaune du m\u00e9tro de Londres. D\u00e9couvrez ses 36 stations partag\u00e9es, son parcours circulaire et des faits int\u00e9ressants","robots":{"index":"index","follow":"follow","max-snippet":"max-snippet:-1","max-image-preview":"max-image-preview:large","max-video-preview":"max-video-preview:-1"},"canonical":"https:\/\/www.metrolondres.es\/fr\/lignes\/ligne-circle\/","og_locale":"fr_FR","og_type":"article","og_title":"Ligne Circle - M\u00e9tro de Londres","og_description":"Explorez la ligne Circle, la ligne jaune du m\u00e9tro de Londres. D\u00e9couvrez ses 36 stations partag\u00e9es, son parcours circulaire et des faits int\u00e9ressants","og_url":"https:\/\/www.metrolondres.es\/fr\/lignes\/ligne-circle\/","og_site_name":"M\u00e9tro de Londres","article_publisher":"https:\/\/www.facebook.com\/metrodelondres\/","article_modified_time":"2024-08-31T07:06:37+00:00","og_image":[{"width":1200,"height":675,"url":"https:\/\/www.metrolondres.es\/wp-content\/uploads\/2024\/08\/circle_line_logo.png","type":"image\/png"}],"twitter_card":"summary_large_image","twitter_site":"@metrolondres","schema":{"@context":"https:\/\/schema.org","@graph":[{"@type":"WebPage","@id":"https:\/\/www.metrolondres.es\/fr\/lignes\/ligne-circle\/","url":"https:\/\/www.metrolondres.es\/fr\/lignes\/ligne-circle\/","name":"Ligne Circle - M\u00e9tro de Londres","isPartOf":{"@id":"https:\/\/www.metrolondres.es\/#website"},"primaryImageOfPage":{"@id":"https:\/\/www.metrolondres.es\/fr\/lignes\/ligne-circle\/#primaryimage"},"image":{"@id":"https:\/\/www.metrolondres.es\/fr\/lignes\/ligne-circle\/#primaryimage"},"thumbnailUrl":"https:\/\/www.metrolondres.es\/wp-content\/uploads\/2024\/08\/circle_line_logo.png","datePublished":"2024-07-15T15:05:05+00:00","dateModified":"2024-08-31T07:06:37+00:00","description":"Explorez la ligne Circle, la ligne jaune du m\u00e9tro de Londres. D\u00e9couvrez ses 36 stations partag\u00e9es, son parcours circulaire et des faits int\u00e9ressants","breadcrumb":{"@id":"https:\/\/www.metrolondres.es\/fr\/lignes\/ligne-circle\/#breadcrumb"},"inLanguage":"fr-FR","potentialAction":[{"@type":"ReadAction","target":["https:\/\/www.metrolondres.es\/fr\/lignes\/ligne-circle\/"]}]},{"@type":"ImageObject","inLanguage":"fr-FR","@id":"https:\/\/www.metrolondres.es\/fr\/lignes\/ligne-circle\/#primaryimage","url":"https:\/\/www.metrolondres.es\/wp-content\/uploads\/2024\/08\/circle_line_logo.png","contentUrl":"https:\/\/www.metrolondres.es\/wp-content\/uploads\/2024\/08\/circle_line_logo.png","width":1200,"height":675,"caption":"Circle Line"},{"@type":"BreadcrumbList","@id":"https:\/\/www.metrolondres.es\/fr\/lignes\/ligne-circle\/#breadcrumb","itemListElement":[{"@type":"ListItem","position":1,"name":"Home","item":"https:\/\/www.metrolondres.es\/fr\/"},{"@type":"ListItem","position":2,"name":"Lignes de m\u00e9tro","item":"https:\/\/www.metrolondres.es\/fr\/lignes\/"},{"@type":"ListItem","position":3,"name":"Ligne Circle"}]},{"@type":"WebSite","@id":"https:\/\/www.metrolondres.es\/#website","url":"https:\/\/www.metrolondres.es\/","name":"M\u00e9tro de Londres","description":"mapa, horario, im\u00e1genes, tarifas, estaciones y zonas, historia y todo la informaci\u00f3n del metro de Londres","publisher":{"@id":"https:\/\/www.metrolondres.es\/#organization"},"potentialAction":[{"@type":"SearchAction","target":{"@type":"EntryPoint","urlTemplate":"https:\/\/www.metrolondres.es\/?s={search_term_string}"},"query-input":{"@type":"PropertyValueSpecification","valueRequired":true,"valueName":"search_term_string"}}],"inLanguage":"fr-FR"},{"@type":"Organization","@id":"https:\/\/www.metrolondres.es\/#organization","name":"MetroLondresEs","url":"https:\/\/www.metrolondres.es\/","logo":{"@type":"ImageObject","inLanguage":"fr-FR","@id":"https:\/\/www.metrolondres.es\/#\/schema\/logo\/image\/","url":"https:\/\/www.metrolondres.es\/wp-content\/uploads\/2024\/07\/cropped-android-chrome-512x512-1.jpg","contentUrl":"https:\/\/www.metrolondres.es\/wp-content\/uploads\/2024\/07\/cropped-android-chrome-512x512-1.jpg","width":512,"height":512,"caption":"MetroLondresEs"},"image":{"@id":"https:\/\/www.metrolondres.es\/#\/schema\/logo\/image\/"},"sameAs":["https:\/\/www.facebook.com\/metrodelondres\/","https:\/\/x.com\/metrolondres"]}]}},"_links":{"self":[{"href":"https:\/\/www.metrolondres.es\/fr\/wp-json\/wp\/v2\/pages\/918","targetHints":{"allow":["GET"]}}],"collection":[{"href":"https:\/\/www.metrolondres.es\/fr\/wp-json\/wp\/v2\/pages"}],"about":[{"href":"https:\/\/www.metrolondres.es\/fr\/wp-json\/wp\/v2\/types\/page"}],"author":[{"embeddable":true,"href":"https:\/\/www.metrolondres.es\/fr\/wp-json\/wp\/v2\/users\/1"}],"replies":[{"embeddable":true,"href":"https:\/\/www.metrolondres.es\/fr\/wp-json\/wp\/v2\/comments?post=918"}],"version-history":[{"count":4,"href":"https:\/\/www.metrolondres.es\/fr\/wp-json\/wp\/v2\/pages\/918\/revisions"}],"predecessor-version":[{"id":1655,"href":"https:\/\/www.metrolondres.es\/fr\/wp-json\/wp\/v2\/pages\/918\/revisions\/1655"}],"up":[{"embeddable":true,"href":"https:\/\/www.metrolondres.es\/fr\/wp-json\/wp\/v2\/pages\/825"}],"wp:featuredmedia":[{"embeddable":true,"href":"https:\/\/www.metrolondres.es\/fr\/wp-json\/wp\/v2\/media\/1635"}],"wp:attachment":[{"href":"https:\/\/www.metrolondres.es\/fr\/wp-json\/wp\/v2\/media?parent=918"}],"curies":[{"name":"wp","href":"https:\/\/api.w.org\/{rel}","templated":true}]}}