{"id":887,"date":"2024-07-15T14:47:27","date_gmt":"2024-07-15T14:47:27","guid":{"rendered":"https:\/\/www.metrolondres.es\/?page_id=887"},"modified":"2024-08-29T18:21:50","modified_gmt":"2024-08-29T18:21:50","slug":"ligne-central","status":"publish","type":"page","link":"https:\/\/www.metrolondres.es\/fr\/lignes\/ligne-central\/","title":{"rendered":"Ligne Central"},"content":{"rendered":"<p><strong>La ligne Central<\/strong> est la ligne rouge du <strong>m\u00e9tro de Londres<\/strong>, c\u00e9l\u00e8bre pour \u00eatre la plus longue de tout le r\u00e9seau.<\/p><div id=\"metro-3167023493\" class=\"metro-contenido metro-entity-placement\"><script async src=\"\/\/pagead2.googlesyndication.com\/pagead\/js\/adsbygoogle.js?client=ca-pub-3426171902310072\" crossorigin=\"anonymous\"><\/script><ins class=\"adsbygoogle\" style=\"display:block;\" data-ad-client=\"ca-pub-3426171902310072\" \ndata-ad-slot=\"2301483529\" \ndata-ad-format=\"auto\" data-full-width-responsive=\"true\"><\/ins>\n<script> \n(adsbygoogle = window.adsbygoogle || []).push({}); \n<\/script>\n<\/div>\n<p><figure id=\"attachment_114\" aria-describedby=\"caption-attachment-114\" style=\"width: 700px\" class=\"wp-caption aligncenter\"><img decoding=\"async\" class=\"wp-image-114 size-full lazyload\" data-src=\"https:\/\/www.metrolondres.es\/wp-content\/uploads\/2014\/06\/linea-central-metro-londres.jpg\" alt=\"Ligne Central du m\u00e9tro de Londres\" width=\"700\" height=\"125\" data-srcset=\"https:\/\/www.metrolondres.es\/wp-content\/uploads\/2014\/06\/linea-central-metro-londres.jpg 700w, https:\/\/www.metrolondres.es\/wp-content\/uploads\/2014\/06\/linea-central-metro-londres-300x53.jpg 300w, https:\/\/www.metrolondres.es\/wp-content\/uploads\/2014\/06\/linea-central-metro-londres-624x111.jpg 624w\" data-sizes=\"(max-width: 700px) 100vw, 700px\" src=\"data:image\/svg+xml;base64,PHN2ZyB3aWR0aD0iMSIgaGVpZ2h0PSIxIiB4bWxucz0iaHR0cDovL3d3dy53My5vcmcvMjAwMC9zdmciPjwvc3ZnPg==\" style=\"--smush-placeholder-width: 700px; --smush-placeholder-aspect-ratio: 700\/125;\" \/><figcaption id=\"caption-attachment-114\" class=\"wp-caption-text\">Panneau de la ligne Central du m\u00e9tro de Londres<\/figcaption><\/figure><br \/>\n<\/p>\n<h3>Description de la ligne Central<\/h3>\n<p>La <strong>ligne Central<\/strong>, avec une longueur totale de 74 km, est la plus longue ligne du m\u00e9tro de Londres. Elle relie Epping, dans le nord-est, \u00e0 Ealing Broadway et West Ruislip, \u00e0 l&rsquo;ouest, offrant une connexion essentielle \u00e0 travers la ville. La premi\u00e8re section de la ligne a \u00e9t\u00e9 autoris\u00e9e en 1891 et a \u00e9t\u00e9 ouverte au public le 30 juillet 1900, reliant Shepherd\u2019s Bush \u00e0 Cornhill (aujourd&rsquo;hui connue sous le nom de Bank) et couvrant 11 stations interm\u00e9diaires dans son tron\u00e7on initial.<\/p>\n<p>Initialement appel\u00e9e <strong>Central London Railway<\/strong>, la ligne Central \u00e9tait \u00e9galement connue sous le nom de <strong>The Tuppenny Tube<\/strong> en raison du tarif de deux pence qu\u2019elle facturait pour un trajet \u00e0 ses d\u00e9buts. Cette ligne est un exemple classique de <strong>ligne de m\u00e9tro profond<\/strong> avec des tunnels circulaires situ\u00e9s loin sous la ville. Aujourd&rsquo;hui, la ligne Central compte 49 stations et est utilis\u00e9e par plus de 260 millions de personnes par an, ce qui en fait l&rsquo;une des lignes les plus fr\u00e9quent\u00e9es du r\u00e9seau.<\/p><div id=\"metro-1216372431\" class=\"metro-contenido_2 metro-entity-placement\"><script async src=\"\/\/pagead2.googlesyndication.com\/pagead\/js\/adsbygoogle.js?client=ca-pub-3426171902310072\" crossorigin=\"anonymous\"><\/script><ins class=\"adsbygoogle\" style=\"display:block;\" data-ad-client=\"ca-pub-3426171902310072\" \ndata-ad-slot=\"8483748498\" \ndata-ad-format=\"auto\" data-full-width-responsive=\"true\"><\/ins>\n<script> \n(adsbygoogle = window.adsbygoogle || []).push({}); \n<\/script>\n<\/div>\n<h3>Stations de la ligne Central<\/h3>\n<p>La <strong>ligne Central<\/strong> du m\u00e9tro de Londres comprend 49 stations r\u00e9parties sur ses quatre branches principales. Voici les stations list\u00e9es par branche :<\/p>\n<ul>\n<li><strong>Branche West Ruislip :<\/strong> West Ruislip, Ruislip Gardens, South Ruislip, Northolt, Greenford, Perivale, Hanger Lane<\/li>\n<li><strong>Branche Ealing Broadway :<\/strong> Ealing Broadway, West Acton, North Acton, East Acton, White City, Wood Lane, Shepherd&rsquo;s Bush, Holland Park, Notting Hill Gate, Queensway, Lancaster Gate, Marble Arch, Bond Street, Oxford Circus, Tottenham Court Road, British Museum, Holborn, Chancery Lane, St. Paul&rsquo;s, Bank, Liverpool Street, Bethnal Green, Mile End, Stratford, Leyton, Leytonstone<\/li>\n<li><strong>Branche Woodford :<\/strong> Wanstead, Redbridge, Gants Hill, Newbury Park, Barkingside, Fairlop, Hainault, Grange Hill, Chigwell, Roding Valley<\/li>\n<li><strong>Branche Epping :<\/strong> Snaresbrook, South Woodford, Woodford, Buckhurst Hill, Loughton, Debden, Theydon Bois, Epping<\/li>\n<\/ul>\n<h3>Plan et itin\u00e9raire de la ligne Central<\/h3>\n<p>Le plan de la ligne Central met en \u00e9vidence son itin\u00e9raire \u00e9tendu du nord-est de Londres aux banlieues occidentales, en passant par le c\u0153ur de la ville. Cette ligne ne facilite pas seulement les trajets quotidiens, mais est \u00e9galement essentielle pour acc\u00e9der \u00e0 divers points d&rsquo;int\u00e9r\u00eat culturel, commercial et financier de Londres.<\/p>\n<figure id=\"attachment_120\" aria-describedby=\"caption-attachment-120\" style=\"width: 625px\" class=\"wp-caption aligncenter\"><a href=\"https:\/\/www.metrolondres.es\/wp-content\/uploads\/2014\/06\/mapa-linea-central-tube-1024x190.gif\"><img decoding=\"async\" class=\"size-large wp-image-120 lazyload\" data-src=\"https:\/\/www.metrolondres.es\/wp-content\/uploads\/2014\/06\/mapa-linea-central-tube-1024x190.gif\" alt=\"Plan de la ligne Central du m\u00e9tro de Londres\" width=\"625\" height=\"115\" data-srcset=\"https:\/\/www.metrolondres.es\/wp-content\/uploads\/2014\/06\/mapa-linea-central-tube-1024x190.gif 1024w, https:\/\/www.metrolondres.es\/wp-content\/uploads\/2014\/06\/mapa-linea-central-tube-300x55.gif 300w, https:\/\/www.metrolondres.es\/wp-content\/uploads\/2014\/06\/mapa-linea-central-tube-624x115.gif 624w\" data-sizes=\"(max-width: 625px) 100vw, 625px\" src=\"data:image\/svg+xml;base64,PHN2ZyB3aWR0aD0iMSIgaGVpZ2h0PSIxIiB4bWxucz0iaHR0cDovL3d3dy53My5vcmcvMjAwMC9zdmciPjwvc3ZnPg==\" style=\"--smush-placeholder-width: 625px; --smush-placeholder-aspect-ratio: 625\/115;\" \/><\/a><figcaption id=\"caption-attachment-120\" class=\"wp-caption-text\">Itin\u00e9raire de la ligne Central<\/figcaption><\/figure>\n<h3>Horaires de la ligne Central<\/h3>\n<p>La ligne Central a des horaires \u00e9tendus pour accueillir \u00e0 la fois les r\u00e9sidents et les touristes. Du lundi au samedi, les trains circulent de <strong>5h00 \u00e0 1h30<\/strong>, selon la station. Le dimanche, le service commence un peu plus tard, autour de <strong>6h30<\/strong>, et se termine \u00e0 <strong>00h30<\/strong>. Pour obtenir des informations d\u00e9taill\u00e9es sur les horaires du premier et dernier train \u00e0 chaque station, vous pouvez consulter les <a title=\"Horaires des premiers et derniers trains de la ligne Central\" href=\"https:\/\/www.tfl.gov.uk\/cdn\/static\/cms\/documents\/fandl-central-wtt67.pdf\" target=\"_blank\" rel=\"noopener\">horaires actualis\u00e9s<\/a>.<\/p>\n<h3>Anecdotes sur la ligne Central<\/h3>\n<p>La ligne Central est connue pour avoir le trajet le plus long entre deux stations de tout le syst\u00e8me du m\u00e9tro de Londres : le trajet entre <strong>West Ruislip<\/strong> et <strong>Epping<\/strong> s&rsquo;\u00e9tend sur une impressionnante distance de 54 kilom\u00e8tres. Ce long trajet souterrain et a\u00e9rien permet aux passagers de d\u00e9couvrir une vari\u00e9t\u00e9 de paysages urbains et suburbains.<\/p><div id=\"metro-2067789804\" class=\"metro-contenido_2-2 metro-entity-placement\"><script async src=\"\/\/pagead2.googlesyndication.com\/pagead\/js\/adsbygoogle.js?client=ca-pub-3426171902310072\" crossorigin=\"anonymous\"><\/script><ins class=\"adsbygoogle\" style=\"display:block;\" data-ad-client=\"ca-pub-3426171902310072\" \ndata-ad-slot=\"8483748498\" \ndata-ad-format=\"auto\" data-full-width-responsive=\"true\"><\/ins>\n<script> \n(adsbygoogle = window.adsbygoogle || []).push({}); \n<\/script>\n<\/div>\n<p>Une autre anecdote int\u00e9ressante est que la ligne Central, en raison de son anciennet\u00e9 et de la vari\u00e9t\u00e9 des architectures de ses stations, offre un aper\u00e7u fascinant de l&rsquo;\u00e9volution du design du m\u00e9tro de Londres. Des stations avec des plateformes traditionnelles aux plus modernes avec des acc\u00e8s et services mis \u00e0 jour, cette ligne refl\u00e8te la riche histoire et le d\u00e9veloppement continu des transports publics \u00e0 Londres.<\/p>\n<p>Avec sa longue histoire, son itin\u00e9raire \u00e9tendu et son importance strat\u00e9gique dans le r\u00e9seau du m\u00e9tro de Londres, la ligne Central reste une composante cruciale pour le transport urbain, reliant les extr\u00e9mit\u00e9s de la ville et servant des millions de passagers chaque ann\u00e9e.<\/p>\n","protected":false},"excerpt":{"rendered":"<p>La ligne Central est la ligne rouge du m\u00e9tro de Londres, c\u00e9l\u00e8bre pour \u00eatre la plus longue de tout le r\u00e9seau. Description de la ligne Central La ligne Central, avec une longueur totale de 74 km, est la plus longue ligne du m\u00e9tro de Londres. Elle relie Epping, dans le nord-est, \u00e0 Ealing Broadway et [&hellip;]<\/p>\n","protected":false},"author":1,"featured_media":1581,"parent":825,"menu_order":2,"comment_status":"open","ping_status":"open","template":"","meta":{"footnotes":""},"class_list":["post-887","page","type-page","status-publish","has-post-thumbnail","hentry"],"yoast_head":"<!-- This site is optimized with the Yoast SEO plugin v24.6 - https:\/\/yoast.com\/wordpress\/plugins\/seo\/ -->\n<title>Ligne Central - M\u00e9tro de Londres<\/title>\n<meta name=\"description\" content=\"La ligne rouge du m\u00e9tro de Londres. Explorez ses 49 stations, ses longs trajets et son histoire.\" \/>\n<meta name=\"robots\" content=\"index, follow, max-snippet:-1, max-image-preview:large, max-video-preview:-1\" \/>\n<link rel=\"canonical\" href=\"https:\/\/www.metrolondres.es\/fr\/lignes\/ligne-central\/\" \/>\n<meta property=\"og:locale\" content=\"fr_FR\" \/>\n<meta property=\"og:type\" content=\"article\" \/>\n<meta property=\"og:title\" content=\"Ligne Central - M\u00e9tro de Londres\" \/>\n<meta property=\"og:description\" content=\"La ligne rouge du m\u00e9tro de Londres. Explorez ses 49 stations, ses longs trajets et son histoire.\" \/>\n<meta property=\"og:url\" content=\"https:\/\/www.metrolondres.es\/fr\/lignes\/ligne-central\/\" \/>\n<meta property=\"og:site_name\" content=\"M\u00e9tro de Londres\" \/>\n<meta property=\"article:publisher\" content=\"https:\/\/www.facebook.com\/metrodelondres\/\" \/>\n<meta property=\"article:modified_time\" content=\"2024-08-29T18:21:50+00:00\" \/>\n<meta property=\"og:image\" content=\"https:\/\/www.metrolondres.es\/wp-content\/uploads\/2024\/08\/central_line_logo.png\" \/>\n\t<meta property=\"og:image:width\" content=\"1200\" \/>\n\t<meta property=\"og:image:height\" content=\"675\" \/>\n\t<meta property=\"og:image:type\" content=\"image\/png\" \/>\n<meta name=\"twitter:card\" content=\"summary_large_image\" \/>\n<meta name=\"twitter:site\" content=\"@metrolondres\" \/>\n<script type=\"application\/ld+json\" class=\"yoast-schema-graph\">{\"@context\":\"https:\/\/schema.org\",\"@graph\":[{\"@type\":\"WebPage\",\"@id\":\"https:\/\/www.metrolondres.es\/fr\/lignes\/ligne-central\/\",\"url\":\"https:\/\/www.metrolondres.es\/fr\/lignes\/ligne-central\/\",\"name\":\"Ligne Central - M\u00e9tro de Londres\",\"isPartOf\":{\"@id\":\"https:\/\/www.metrolondres.es\/#website\"},\"primaryImageOfPage\":{\"@id\":\"https:\/\/www.metrolondres.es\/fr\/lignes\/ligne-central\/#primaryimage\"},\"image\":{\"@id\":\"https:\/\/www.metrolondres.es\/fr\/lignes\/ligne-central\/#primaryimage\"},\"thumbnailUrl\":\"https:\/\/www.metrolondres.es\/wp-content\/uploads\/2024\/08\/central_line_logo.png\",\"datePublished\":\"2024-07-15T14:47:27+00:00\",\"dateModified\":\"2024-08-29T18:21:50+00:00\",\"description\":\"La ligne rouge du m\u00e9tro de Londres. Explorez ses 49 stations, ses longs trajets et son histoire.\",\"breadcrumb\":{\"@id\":\"https:\/\/www.metrolondres.es\/fr\/lignes\/ligne-central\/#breadcrumb\"},\"inLanguage\":\"fr-FR\",\"potentialAction\":[{\"@type\":\"ReadAction\",\"target\":[\"https:\/\/www.metrolondres.es\/fr\/lignes\/ligne-central\/\"]}]},{\"@type\":\"ImageObject\",\"inLanguage\":\"fr-FR\",\"@id\":\"https:\/\/www.metrolondres.es\/fr\/lignes\/ligne-central\/#primaryimage\",\"url\":\"https:\/\/www.metrolondres.es\/wp-content\/uploads\/2024\/08\/central_line_logo.png\",\"contentUrl\":\"https:\/\/www.metrolondres.es\/wp-content\/uploads\/2024\/08\/central_line_logo.png\",\"width\":1200,\"height\":675,\"caption\":\"London Underground Central Line\"},{\"@type\":\"BreadcrumbList\",\"@id\":\"https:\/\/www.metrolondres.es\/fr\/lignes\/ligne-central\/#breadcrumb\",\"itemListElement\":[{\"@type\":\"ListItem\",\"position\":1,\"name\":\"Home\",\"item\":\"https:\/\/www.metrolondres.es\/fr\/\"},{\"@type\":\"ListItem\",\"position\":2,\"name\":\"Lignes de m\u00e9tro\",\"item\":\"https:\/\/www.metrolondres.es\/fr\/lignes\/\"},{\"@type\":\"ListItem\",\"position\":3,\"name\":\"Ligne Central\"}]},{\"@type\":\"WebSite\",\"@id\":\"https:\/\/www.metrolondres.es\/#website\",\"url\":\"https:\/\/www.metrolondres.es\/\",\"name\":\"M\u00e9tro de Londres\",\"description\":\"mapa, horario, im\u00e1genes, tarifas, estaciones y zonas, historia y todo la informaci\u00f3n del metro de Londres\",\"publisher\":{\"@id\":\"https:\/\/www.metrolondres.es\/#organization\"},\"potentialAction\":[{\"@type\":\"SearchAction\",\"target\":{\"@type\":\"EntryPoint\",\"urlTemplate\":\"https:\/\/www.metrolondres.es\/?s={search_term_string}\"},\"query-input\":{\"@type\":\"PropertyValueSpecification\",\"valueRequired\":true,\"valueName\":\"search_term_string\"}}],\"inLanguage\":\"fr-FR\"},{\"@type\":\"Organization\",\"@id\":\"https:\/\/www.metrolondres.es\/#organization\",\"name\":\"MetroLondresEs\",\"url\":\"https:\/\/www.metrolondres.es\/\",\"logo\":{\"@type\":\"ImageObject\",\"inLanguage\":\"fr-FR\",\"@id\":\"https:\/\/www.metrolondres.es\/#\/schema\/logo\/image\/\",\"url\":\"https:\/\/www.metrolondres.es\/wp-content\/uploads\/2024\/07\/cropped-android-chrome-512x512-1.jpg\",\"contentUrl\":\"https:\/\/www.metrolondres.es\/wp-content\/uploads\/2024\/07\/cropped-android-chrome-512x512-1.jpg\",\"width\":512,\"height\":512,\"caption\":\"MetroLondresEs\"},\"image\":{\"@id\":\"https:\/\/www.metrolondres.es\/#\/schema\/logo\/image\/\"},\"sameAs\":[\"https:\/\/www.facebook.com\/metrodelondres\/\",\"https:\/\/x.com\/metrolondres\"]}]}<\/script>\n<!-- \/ Yoast SEO plugin. -->","yoast_head_json":{"title":"Ligne Central - M\u00e9tro de Londres","description":"La ligne rouge du m\u00e9tro de Londres. Explorez ses 49 stations, ses longs trajets et son histoire.","robots":{"index":"index","follow":"follow","max-snippet":"max-snippet:-1","max-image-preview":"max-image-preview:large","max-video-preview":"max-video-preview:-1"},"canonical":"https:\/\/www.metrolondres.es\/fr\/lignes\/ligne-central\/","og_locale":"fr_FR","og_type":"article","og_title":"Ligne Central - M\u00e9tro de Londres","og_description":"La ligne rouge du m\u00e9tro de Londres. Explorez ses 49 stations, ses longs trajets et son histoire.","og_url":"https:\/\/www.metrolondres.es\/fr\/lignes\/ligne-central\/","og_site_name":"M\u00e9tro de Londres","article_publisher":"https:\/\/www.facebook.com\/metrodelondres\/","article_modified_time":"2024-08-29T18:21:50+00:00","og_image":[{"width":1200,"height":675,"url":"https:\/\/www.metrolondres.es\/wp-content\/uploads\/2024\/08\/central_line_logo.png","type":"image\/png"}],"twitter_card":"summary_large_image","twitter_site":"@metrolondres","schema":{"@context":"https:\/\/schema.org","@graph":[{"@type":"WebPage","@id":"https:\/\/www.metrolondres.es\/fr\/lignes\/ligne-central\/","url":"https:\/\/www.metrolondres.es\/fr\/lignes\/ligne-central\/","name":"Ligne Central - M\u00e9tro de Londres","isPartOf":{"@id":"https:\/\/www.metrolondres.es\/#website"},"primaryImageOfPage":{"@id":"https:\/\/www.metrolondres.es\/fr\/lignes\/ligne-central\/#primaryimage"},"image":{"@id":"https:\/\/www.metrolondres.es\/fr\/lignes\/ligne-central\/#primaryimage"},"thumbnailUrl":"https:\/\/www.metrolondres.es\/wp-content\/uploads\/2024\/08\/central_line_logo.png","datePublished":"2024-07-15T14:47:27+00:00","dateModified":"2024-08-29T18:21:50+00:00","description":"La ligne rouge du m\u00e9tro de Londres. Explorez ses 49 stations, ses longs trajets et son histoire.","breadcrumb":{"@id":"https:\/\/www.metrolondres.es\/fr\/lignes\/ligne-central\/#breadcrumb"},"inLanguage":"fr-FR","potentialAction":[{"@type":"ReadAction","target":["https:\/\/www.metrolondres.es\/fr\/lignes\/ligne-central\/"]}]},{"@type":"ImageObject","inLanguage":"fr-FR","@id":"https:\/\/www.metrolondres.es\/fr\/lignes\/ligne-central\/#primaryimage","url":"https:\/\/www.metrolondres.es\/wp-content\/uploads\/2024\/08\/central_line_logo.png","contentUrl":"https:\/\/www.metrolondres.es\/wp-content\/uploads\/2024\/08\/central_line_logo.png","width":1200,"height":675,"caption":"London Underground Central Line"},{"@type":"BreadcrumbList","@id":"https:\/\/www.metrolondres.es\/fr\/lignes\/ligne-central\/#breadcrumb","itemListElement":[{"@type":"ListItem","position":1,"name":"Home","item":"https:\/\/www.metrolondres.es\/fr\/"},{"@type":"ListItem","position":2,"name":"Lignes de m\u00e9tro","item":"https:\/\/www.metrolondres.es\/fr\/lignes\/"},{"@type":"ListItem","position":3,"name":"Ligne Central"}]},{"@type":"WebSite","@id":"https:\/\/www.metrolondres.es\/#website","url":"https:\/\/www.metrolondres.es\/","name":"M\u00e9tro de Londres","description":"mapa, horario, im\u00e1genes, tarifas, estaciones y zonas, historia y todo la informaci\u00f3n del metro de Londres","publisher":{"@id":"https:\/\/www.metrolondres.es\/#organization"},"potentialAction":[{"@type":"SearchAction","target":{"@type":"EntryPoint","urlTemplate":"https:\/\/www.metrolondres.es\/?s={search_term_string}"},"query-input":{"@type":"PropertyValueSpecification","valueRequired":true,"valueName":"search_term_string"}}],"inLanguage":"fr-FR"},{"@type":"Organization","@id":"https:\/\/www.metrolondres.es\/#organization","name":"MetroLondresEs","url":"https:\/\/www.metrolondres.es\/","logo":{"@type":"ImageObject","inLanguage":"fr-FR","@id":"https:\/\/www.metrolondres.es\/#\/schema\/logo\/image\/","url":"https:\/\/www.metrolondres.es\/wp-content\/uploads\/2024\/07\/cropped-android-chrome-512x512-1.jpg","contentUrl":"https:\/\/www.metrolondres.es\/wp-content\/uploads\/2024\/07\/cropped-android-chrome-512x512-1.jpg","width":512,"height":512,"caption":"MetroLondresEs"},"image":{"@id":"https:\/\/www.metrolondres.es\/#\/schema\/logo\/image\/"},"sameAs":["https:\/\/www.facebook.com\/metrodelondres\/","https:\/\/x.com\/metrolondres"]}]}},"_links":{"self":[{"href":"https:\/\/www.metrolondres.es\/fr\/wp-json\/wp\/v2\/pages\/887","targetHints":{"allow":["GET"]}}],"collection":[{"href":"https:\/\/www.metrolondres.es\/fr\/wp-json\/wp\/v2\/pages"}],"about":[{"href":"https:\/\/www.metrolondres.es\/fr\/wp-json\/wp\/v2\/types\/page"}],"author":[{"embeddable":true,"href":"https:\/\/www.metrolondres.es\/fr\/wp-json\/wp\/v2\/users\/1"}],"replies":[{"embeddable":true,"href":"https:\/\/www.metrolondres.es\/fr\/wp-json\/wp\/v2\/comments?post=887"}],"version-history":[{"count":4,"href":"https:\/\/www.metrolondres.es\/fr\/wp-json\/wp\/v2\/pages\/887\/revisions"}],"predecessor-version":[{"id":1583,"href":"https:\/\/www.metrolondres.es\/fr\/wp-json\/wp\/v2\/pages\/887\/revisions\/1583"}],"up":[{"embeddable":true,"href":"https:\/\/www.metrolondres.es\/fr\/wp-json\/wp\/v2\/pages\/825"}],"wp:featuredmedia":[{"embeddable":true,"href":"https:\/\/www.metrolondres.es\/fr\/wp-json\/wp\/v2\/media\/1581"}],"wp:attachment":[{"href":"https:\/\/www.metrolondres.es\/fr\/wp-json\/wp\/v2\/media?parent=887"}],"curies":[{"name":"wp","href":"https:\/\/api.w.org\/{rel}","templated":true}]}}