{"id":884,"date":"2024-07-15T14:42:09","date_gmt":"2024-07-15T14:42:09","guid":{"rendered":"https:\/\/www.metrolondres.es\/?page_id=884"},"modified":"2024-08-29T16:53:04","modified_gmt":"2024-08-29T16:53:04","slug":"ligne-bakerloo","status":"publish","type":"page","link":"https:\/\/www.metrolondres.es\/fr\/lignes\/ligne-bakerloo\/","title":{"rendered":"Ligne Bakerloo"},"content":{"rendered":"<p><strong>La ligne Bakerloo<\/strong> est la ligne marron du <strong>m\u00e9tro de Londres<\/strong>, connue pour sa longue histoire et son trajet qui relie le sud-est au nord-ouest de la ville.<\/p><div id=\"metro-4032475155\" class=\"metro-contenido metro-entity-placement\"><script async src=\"\/\/pagead2.googlesyndication.com\/pagead\/js\/adsbygoogle.js?client=ca-pub-3426171902310072\" crossorigin=\"anonymous\"><\/script><ins class=\"adsbygoogle\" style=\"display:block;\" data-ad-client=\"ca-pub-3426171902310072\" \ndata-ad-slot=\"2301483529\" \ndata-ad-format=\"auto\" data-full-width-responsive=\"true\"><\/ins>\n<script> \n(adsbygoogle = window.adsbygoogle || []).push({}); \n<\/script>\n<\/div>\n<p><figure id=\"attachment_99\" aria-describedby=\"caption-attachment-99\" style=\"width: 532px\" class=\"wp-caption aligncenter\"><img decoding=\"async\" class=\"wp-image-99 size-full lazyload\" data-src=\"https:\/\/www.metrolondres.es\/wp-content\/uploads\/2014\/06\/linea-bakerloo-metro-londres.jpg\" alt=\"Ligne Bakerloo m\u00e9tro de Londres\" width=\"532\" height=\"95\" data-srcset=\"https:\/\/www.metrolondres.es\/wp-content\/uploads\/2014\/06\/linea-bakerloo-metro-londres.jpg 532w, https:\/\/www.metrolondres.es\/wp-content\/uploads\/2014\/06\/linea-bakerloo-metro-londres-300x53.jpg 300w\" data-sizes=\"(max-width: 532px) 100vw, 532px\" src=\"data:image\/svg+xml;base64,PHN2ZyB3aWR0aD0iMSIgaGVpZ2h0PSIxIiB4bWxucz0iaHR0cDovL3d3dy53My5vcmcvMjAwMC9zdmciPjwvc3ZnPg==\" style=\"--smush-placeholder-width: 532px; --smush-placeholder-aspect-ratio: 532\/95;\" \/><figcaption id=\"caption-attachment-99\" class=\"wp-caption-text\">Bakerloo (Ligne marron)<\/figcaption><\/figure><br \/>\n<\/p>\n<h3>Description de la ligne Bakerloo<\/h3>\n<p>Ouverte en 1906, la <strong>ligne Bakerloo<\/strong> est l&rsquo;une des plus anciennes lignes du m\u00e9tro de Londres. Son trajet commence \u00e0 la station Elephant &amp; Castle, situ\u00e9e au sud-est de Londres, et s&rsquo;\u00e9tend jusqu&rsquo;\u00e0 Harrow &amp; Wealdstone au nord-ouest, couvrant une distance totale de 23,5 kilom\u00e8tres. La ligne comprend 25 stations, dont 10 sont en surface et 15 sont profond\u00e9ment souterraines, offrant aux passagers un m\u00e9lange de trajets souterrains et de vues en plein air.<\/p>\n<p>Tout au long de son parcours, la ligne Bakerloo relie d&rsquo;importants quartiers commerciaux et r\u00e9sidentiels ainsi que des centres culturels cl\u00e9s, ce qui en fait une partie essentielle du syst\u00e8me de transport de la capitale britannique.<\/p><div id=\"metro-75391434\" class=\"metro-contenido_2 metro-entity-placement\"><script async src=\"\/\/pagead2.googlesyndication.com\/pagead\/js\/adsbygoogle.js?client=ca-pub-3426171902310072\" crossorigin=\"anonymous\"><\/script><ins class=\"adsbygoogle\" style=\"display:block;\" data-ad-client=\"ca-pub-3426171902310072\" \ndata-ad-slot=\"8483748498\" \ndata-ad-format=\"auto\" data-full-width-responsive=\"true\"><\/ins>\n<script> \n(adsbygoogle = window.adsbygoogle || []).push({}); \n<\/script>\n<\/div>\n<h3>Stations de la ligne Bakerloo<\/h3>\n<p>La ligne Bakerloo est divis\u00e9e en deux sections principales : les stations en surface et les stations souterraines \u00e0 grande profondeur. Voici la liste des stations pour chaque section :<\/p>\n<ul>\n<li><strong>Stations en surface :<\/strong> Harrow &amp; Wealdstone, Kenton, South Kenton, North Wembley, Stonebridge Park, Harlesden, Willesden Junction, Kensal Green, Queen&rsquo;s Park<\/li>\n<li><strong>Stations souterraines \u00e0 grande profondeur :<\/strong> Kilburn Park, Maida Vale, Warwick Avenue, Paddington, Edgware Road, Marylebone, Baker Street, Regent&rsquo;s Park, Oxford Circus, Piccadilly Circus, Charing Cross, Embankment, Waterloo, Lambeth North, Elephant &amp; Castle<\/li>\n<\/ul>\n<h3>Plan et itin\u00e9raire de la ligne Bakerloo<\/h3>\n<p>Le plan de la ligne Bakerloo montre son trajet depuis le centre de Londres jusqu&rsquo;aux faubourgs du nord-ouest, passant par des zones cl\u00e9s comme Oxford Circus et Baker Street avant de sortir \u00e0 Queen&rsquo;s Park et de continuer jusqu&rsquo;\u00e0 Harrow &amp; Wealdstone. Cet itin\u00e9raire fait de la ligne un choix populaire tant pour les navetteurs quotidiens que pour les touristes souhaitant explorer diff\u00e9rentes parties de Londres.<\/p>\n<figure id=\"attachment_102\" aria-describedby=\"caption-attachment-102\" style=\"width: 625px\" class=\"wp-caption aligncenter\"><a href=\"https:\/\/www.metrolondres.es\/wp-content\/uploads\/2014\/06\/Linea-Bakerloo-Metro-de-Londres-1024x334.png\"><img decoding=\"async\" class=\"wp-image-102 size-large lazyload\" data-src=\"https:\/\/www.metrolondres.es\/wp-content\/uploads\/2014\/06\/Linea-Bakerloo-Metro-de-Londres-1024x334.png\" alt=\"Plan de la ligne Bakerloo\" width=\"625\" height=\"203\" data-srcset=\"https:\/\/www.metrolondres.es\/wp-content\/uploads\/2014\/06\/Linea-Bakerloo-Metro-de-Londres-1024x334.png 1024w, https:\/\/www.metrolondres.es\/wp-content\/uploads\/2014\/06\/Linea-Bakerloo-Metro-de-Londres-300x97.png 300w, https:\/\/www.metrolondres.es\/wp-content\/uploads\/2014\/06\/Linea-Bakerloo-Metro-de-Londres-624x203.png 624w\" data-sizes=\"(max-width: 625px) 100vw, 625px\" src=\"data:image\/svg+xml;base64,PHN2ZyB3aWR0aD0iMSIgaGVpZ2h0PSIxIiB4bWxucz0iaHR0cDovL3d3dy53My5vcmcvMjAwMC9zdmciPjwvc3ZnPg==\" style=\"--smush-placeholder-width: 625px; --smush-placeholder-aspect-ratio: 625\/203;\" \/><\/a><figcaption id=\"caption-attachment-102\" class=\"wp-caption-text\">Plan et itin\u00e9raire de la ligne Bakerloo<\/figcaption><\/figure>\n<h3>Horaires de la ligne Bakerloo<\/h3>\n<p>La ligne Bakerloo fonctionne avec des horaires \u00e9tendus qui varient selon les stations. Du lundi au samedi, les trains commencent \u00e0 circuler \u00e0 partir de <strong>5h00<\/strong> et le dernier service est vers <strong>1h00<\/strong>. Les dimanches, les horaires sont l\u00e9g\u00e8rement plus courts, commen\u00e7ant \u00e0 <strong>7h00<\/strong> et se terminant vers <strong>0h30<\/strong>. Pour des informations actualis\u00e9es sur les horaires du premier et du dernier train \u00e0 chaque station, vous pouvez consulter les <a title=\"Horaires actualis\u00e9s de la ligne Bakerloo\" href=\"https:\/\/www.tfl.gov.uk\/cdn\/static\/cms\/documents\/first-and-last-bakerloo.pdf\" target=\"_blank\" rel=\"noopener\">horaires actualis\u00e9s<\/a>.<\/p>\n<h3>Anecdotes sur la ligne Bakerloo<\/h3>\n<p>Le nom de la <strong>ligne Bakerloo<\/strong> vient d&rsquo;une contraction de son nom d&rsquo;origine, \u00ab\u00a0Baker Street &amp; Waterloo Railway\u00a0\u00bb. Au fil du temps, les Londoniens ont commenc\u00e9 \u00e0 raccourcir le nom, et en raison de sa popularit\u00e9, le nom officiel a \u00e9t\u00e9 chang\u00e9 en Bakerloo.<\/p><div id=\"metro-290831591\" class=\"metro-contenido_2-2 metro-entity-placement\"><script async src=\"\/\/pagead2.googlesyndication.com\/pagead\/js\/adsbygoogle.js?client=ca-pub-3426171902310072\" crossorigin=\"anonymous\"><\/script><ins class=\"adsbygoogle\" style=\"display:block;\" data-ad-client=\"ca-pub-3426171902310072\" \ndata-ad-slot=\"8483748498\" \ndata-ad-format=\"auto\" data-full-width-responsive=\"true\"><\/ins>\n<script> \n(adsbygoogle = window.adsbygoogle || []).push({}); \n<\/script>\n<\/div>\n<p>Depuis son ouverture en 1906, la ligne Bakerloo a \u00e9t\u00e9 t\u00e9moin de nombreux \u00e9v\u00e9nements historiques, y compris la naissance d&rsquo;une fille nomm\u00e9e Ursula Beatrice Thelma Eleanor dans un train de cette ligne en 1924, pr\u00e8s de la station <strong>Elephant &amp; Castle<\/strong>.<\/p>\n<p>Fait int\u00e9ressant, la ligne Bakerloo est \u00e9galement connue pour le grand nombre de rongeurs que l&rsquo;on peut voir sur les voies, en particulier \u00e0 la station de <strong>Waterloo<\/strong>, qui est c\u00e9l\u00e8bre pour sa population de souris. Cela en fait l&rsquo;une des lignes les plus c\u00e9l\u00e8bres pour la \u00ab\u00a0faune\u00a0\u00bb urbaine de Londres.<\/p>\n<p>Avec sa riche histoire, ses connexions strat\u00e9giques et un parcours qui combine \u00e0 la fois des tunnels profonds et des sections en surface, la ligne Bakerloo reste une partie int\u00e9grante du m\u00e9tro de Londres, s&rsquo;adaptant continuellement aux besoins d&rsquo;une ville en constante \u00e9volution.<\/p>\n","protected":false},"excerpt":{"rendered":"<p>La ligne Bakerloo est la ligne marron du m\u00e9tro de Londres, connue pour sa longue histoire et son trajet qui relie le sud-est au nord-ouest de la ville. Description de la ligne Bakerloo Ouverte en 1906, la ligne Bakerloo est l&rsquo;une des plus anciennes lignes du m\u00e9tro de Londres. Son trajet commence \u00e0 la station [&hellip;]<\/p>\n","protected":false},"author":1,"featured_media":1569,"parent":825,"menu_order":1,"comment_status":"open","ping_status":"open","template":"","meta":{"footnotes":""},"class_list":["post-884","page","type-page","status-publish","has-post-thumbnail","hentry"],"yoast_head":"<!-- This site is optimized with the Yoast SEO plugin v24.6 - https:\/\/yoast.com\/wordpress\/plugins\/seo\/ -->\n<title>Ligne Bakerloo - M\u00e9tro de Londres<\/title>\n<meta name=\"description\" content=\"D\u00e9couvrez la ligne Bakerloo, la ligne marron du m\u00e9tro de Londres. Explorez ses 25 stations, son histoire et ses horaires.\" \/>\n<meta name=\"robots\" content=\"index, follow, max-snippet:-1, max-image-preview:large, max-video-preview:-1\" \/>\n<link rel=\"canonical\" href=\"https:\/\/www.metrolondres.es\/fr\/lignes\/ligne-bakerloo\/\" \/>\n<meta property=\"og:locale\" content=\"fr_FR\" \/>\n<meta property=\"og:type\" content=\"article\" \/>\n<meta property=\"og:title\" content=\"Ligne Bakerloo - M\u00e9tro de Londres\" \/>\n<meta property=\"og:description\" content=\"D\u00e9couvrez la ligne Bakerloo, la ligne marron du m\u00e9tro de Londres. Explorez ses 25 stations, son histoire et ses horaires.\" \/>\n<meta property=\"og:url\" content=\"https:\/\/www.metrolondres.es\/fr\/lignes\/ligne-bakerloo\/\" \/>\n<meta property=\"og:site_name\" content=\"M\u00e9tro de Londres\" \/>\n<meta property=\"article:publisher\" content=\"https:\/\/www.facebook.com\/metrodelondres\/\" \/>\n<meta property=\"article:modified_time\" content=\"2024-08-29T16:53:04+00:00\" \/>\n<meta property=\"og:image\" content=\"https:\/\/www.metrolondres.es\/wp-content\/uploads\/2024\/08\/bakerloo_line_logo.webp\" \/>\n\t<meta property=\"og:image:width\" content=\"1200\" \/>\n\t<meta property=\"og:image:height\" content=\"675\" \/>\n\t<meta property=\"og:image:type\" content=\"image\/webp\" \/>\n<meta name=\"twitter:card\" content=\"summary_large_image\" \/>\n<meta name=\"twitter:site\" content=\"@metrolondres\" \/>\n<script type=\"application\/ld+json\" class=\"yoast-schema-graph\">{\"@context\":\"https:\/\/schema.org\",\"@graph\":[{\"@type\":\"WebPage\",\"@id\":\"https:\/\/www.metrolondres.es\/fr\/lignes\/ligne-bakerloo\/\",\"url\":\"https:\/\/www.metrolondres.es\/fr\/lignes\/ligne-bakerloo\/\",\"name\":\"Ligne Bakerloo - M\u00e9tro de Londres\",\"isPartOf\":{\"@id\":\"https:\/\/www.metrolondres.es\/#website\"},\"primaryImageOfPage\":{\"@id\":\"https:\/\/www.metrolondres.es\/fr\/lignes\/ligne-bakerloo\/#primaryimage\"},\"image\":{\"@id\":\"https:\/\/www.metrolondres.es\/fr\/lignes\/ligne-bakerloo\/#primaryimage\"},\"thumbnailUrl\":\"https:\/\/www.metrolondres.es\/wp-content\/uploads\/2024\/08\/bakerloo_line_logo.webp\",\"datePublished\":\"2024-07-15T14:42:09+00:00\",\"dateModified\":\"2024-08-29T16:53:04+00:00\",\"description\":\"D\u00e9couvrez la ligne Bakerloo, la ligne marron du m\u00e9tro de Londres. Explorez ses 25 stations, son histoire et ses horaires.\",\"breadcrumb\":{\"@id\":\"https:\/\/www.metrolondres.es\/fr\/lignes\/ligne-bakerloo\/#breadcrumb\"},\"inLanguage\":\"fr-FR\",\"potentialAction\":[{\"@type\":\"ReadAction\",\"target\":[\"https:\/\/www.metrolondres.es\/fr\/lignes\/ligne-bakerloo\/\"]}]},{\"@type\":\"ImageObject\",\"inLanguage\":\"fr-FR\",\"@id\":\"https:\/\/www.metrolondres.es\/fr\/lignes\/ligne-bakerloo\/#primaryimage\",\"url\":\"https:\/\/www.metrolondres.es\/wp-content\/uploads\/2024\/08\/bakerloo_line_logo.webp\",\"contentUrl\":\"https:\/\/www.metrolondres.es\/wp-content\/uploads\/2024\/08\/bakerloo_line_logo.webp\",\"width\":1200,\"height\":675,\"caption\":\"Bakerloo line\"},{\"@type\":\"BreadcrumbList\",\"@id\":\"https:\/\/www.metrolondres.es\/fr\/lignes\/ligne-bakerloo\/#breadcrumb\",\"itemListElement\":[{\"@type\":\"ListItem\",\"position\":1,\"name\":\"Home\",\"item\":\"https:\/\/www.metrolondres.es\/fr\/\"},{\"@type\":\"ListItem\",\"position\":2,\"name\":\"Lignes de m\u00e9tro\",\"item\":\"https:\/\/www.metrolondres.es\/fr\/lignes\/\"},{\"@type\":\"ListItem\",\"position\":3,\"name\":\"Ligne Bakerloo\"}]},{\"@type\":\"WebSite\",\"@id\":\"https:\/\/www.metrolondres.es\/#website\",\"url\":\"https:\/\/www.metrolondres.es\/\",\"name\":\"M\u00e9tro de Londres\",\"description\":\"mapa, horario, im\u00e1genes, tarifas, estaciones y zonas, historia y todo la informaci\u00f3n del metro de Londres\",\"publisher\":{\"@id\":\"https:\/\/www.metrolondres.es\/#organization\"},\"potentialAction\":[{\"@type\":\"SearchAction\",\"target\":{\"@type\":\"EntryPoint\",\"urlTemplate\":\"https:\/\/www.metrolondres.es\/?s={search_term_string}\"},\"query-input\":{\"@type\":\"PropertyValueSpecification\",\"valueRequired\":true,\"valueName\":\"search_term_string\"}}],\"inLanguage\":\"fr-FR\"},{\"@type\":\"Organization\",\"@id\":\"https:\/\/www.metrolondres.es\/#organization\",\"name\":\"MetroLondresEs\",\"url\":\"https:\/\/www.metrolondres.es\/\",\"logo\":{\"@type\":\"ImageObject\",\"inLanguage\":\"fr-FR\",\"@id\":\"https:\/\/www.metrolondres.es\/#\/schema\/logo\/image\/\",\"url\":\"https:\/\/www.metrolondres.es\/wp-content\/uploads\/2024\/07\/cropped-android-chrome-512x512-1.jpg\",\"contentUrl\":\"https:\/\/www.metrolondres.es\/wp-content\/uploads\/2024\/07\/cropped-android-chrome-512x512-1.jpg\",\"width\":512,\"height\":512,\"caption\":\"MetroLondresEs\"},\"image\":{\"@id\":\"https:\/\/www.metrolondres.es\/#\/schema\/logo\/image\/\"},\"sameAs\":[\"https:\/\/www.facebook.com\/metrodelondres\/\",\"https:\/\/x.com\/metrolondres\"]}]}<\/script>\n<!-- \/ Yoast SEO plugin. -->","yoast_head_json":{"title":"Ligne Bakerloo - M\u00e9tro de Londres","description":"D\u00e9couvrez la ligne Bakerloo, la ligne marron du m\u00e9tro de Londres. Explorez ses 25 stations, son histoire et ses horaires.","robots":{"index":"index","follow":"follow","max-snippet":"max-snippet:-1","max-image-preview":"max-image-preview:large","max-video-preview":"max-video-preview:-1"},"canonical":"https:\/\/www.metrolondres.es\/fr\/lignes\/ligne-bakerloo\/","og_locale":"fr_FR","og_type":"article","og_title":"Ligne Bakerloo - M\u00e9tro de Londres","og_description":"D\u00e9couvrez la ligne Bakerloo, la ligne marron du m\u00e9tro de Londres. Explorez ses 25 stations, son histoire et ses horaires.","og_url":"https:\/\/www.metrolondres.es\/fr\/lignes\/ligne-bakerloo\/","og_site_name":"M\u00e9tro de Londres","article_publisher":"https:\/\/www.facebook.com\/metrodelondres\/","article_modified_time":"2024-08-29T16:53:04+00:00","og_image":[{"width":1200,"height":675,"url":"https:\/\/www.metrolondres.es\/wp-content\/uploads\/2024\/08\/bakerloo_line_logo.webp","type":"image\/webp"}],"twitter_card":"summary_large_image","twitter_site":"@metrolondres","schema":{"@context":"https:\/\/schema.org","@graph":[{"@type":"WebPage","@id":"https:\/\/www.metrolondres.es\/fr\/lignes\/ligne-bakerloo\/","url":"https:\/\/www.metrolondres.es\/fr\/lignes\/ligne-bakerloo\/","name":"Ligne Bakerloo - M\u00e9tro de Londres","isPartOf":{"@id":"https:\/\/www.metrolondres.es\/#website"},"primaryImageOfPage":{"@id":"https:\/\/www.metrolondres.es\/fr\/lignes\/ligne-bakerloo\/#primaryimage"},"image":{"@id":"https:\/\/www.metrolondres.es\/fr\/lignes\/ligne-bakerloo\/#primaryimage"},"thumbnailUrl":"https:\/\/www.metrolondres.es\/wp-content\/uploads\/2024\/08\/bakerloo_line_logo.webp","datePublished":"2024-07-15T14:42:09+00:00","dateModified":"2024-08-29T16:53:04+00:00","description":"D\u00e9couvrez la ligne Bakerloo, la ligne marron du m\u00e9tro de Londres. Explorez ses 25 stations, son histoire et ses horaires.","breadcrumb":{"@id":"https:\/\/www.metrolondres.es\/fr\/lignes\/ligne-bakerloo\/#breadcrumb"},"inLanguage":"fr-FR","potentialAction":[{"@type":"ReadAction","target":["https:\/\/www.metrolondres.es\/fr\/lignes\/ligne-bakerloo\/"]}]},{"@type":"ImageObject","inLanguage":"fr-FR","@id":"https:\/\/www.metrolondres.es\/fr\/lignes\/ligne-bakerloo\/#primaryimage","url":"https:\/\/www.metrolondres.es\/wp-content\/uploads\/2024\/08\/bakerloo_line_logo.webp","contentUrl":"https:\/\/www.metrolondres.es\/wp-content\/uploads\/2024\/08\/bakerloo_line_logo.webp","width":1200,"height":675,"caption":"Bakerloo line"},{"@type":"BreadcrumbList","@id":"https:\/\/www.metrolondres.es\/fr\/lignes\/ligne-bakerloo\/#breadcrumb","itemListElement":[{"@type":"ListItem","position":1,"name":"Home","item":"https:\/\/www.metrolondres.es\/fr\/"},{"@type":"ListItem","position":2,"name":"Lignes de m\u00e9tro","item":"https:\/\/www.metrolondres.es\/fr\/lignes\/"},{"@type":"ListItem","position":3,"name":"Ligne Bakerloo"}]},{"@type":"WebSite","@id":"https:\/\/www.metrolondres.es\/#website","url":"https:\/\/www.metrolondres.es\/","name":"M\u00e9tro de Londres","description":"mapa, horario, im\u00e1genes, tarifas, estaciones y zonas, historia y todo la informaci\u00f3n del metro de Londres","publisher":{"@id":"https:\/\/www.metrolondres.es\/#organization"},"potentialAction":[{"@type":"SearchAction","target":{"@type":"EntryPoint","urlTemplate":"https:\/\/www.metrolondres.es\/?s={search_term_string}"},"query-input":{"@type":"PropertyValueSpecification","valueRequired":true,"valueName":"search_term_string"}}],"inLanguage":"fr-FR"},{"@type":"Organization","@id":"https:\/\/www.metrolondres.es\/#organization","name":"MetroLondresEs","url":"https:\/\/www.metrolondres.es\/","logo":{"@type":"ImageObject","inLanguage":"fr-FR","@id":"https:\/\/www.metrolondres.es\/#\/schema\/logo\/image\/","url":"https:\/\/www.metrolondres.es\/wp-content\/uploads\/2024\/07\/cropped-android-chrome-512x512-1.jpg","contentUrl":"https:\/\/www.metrolondres.es\/wp-content\/uploads\/2024\/07\/cropped-android-chrome-512x512-1.jpg","width":512,"height":512,"caption":"MetroLondresEs"},"image":{"@id":"https:\/\/www.metrolondres.es\/#\/schema\/logo\/image\/"},"sameAs":["https:\/\/www.facebook.com\/metrodelondres\/","https:\/\/x.com\/metrolondres"]}]}},"_links":{"self":[{"href":"https:\/\/www.metrolondres.es\/fr\/wp-json\/wp\/v2\/pages\/884","targetHints":{"allow":["GET"]}}],"collection":[{"href":"https:\/\/www.metrolondres.es\/fr\/wp-json\/wp\/v2\/pages"}],"about":[{"href":"https:\/\/www.metrolondres.es\/fr\/wp-json\/wp\/v2\/types\/page"}],"author":[{"embeddable":true,"href":"https:\/\/www.metrolondres.es\/fr\/wp-json\/wp\/v2\/users\/1"}],"replies":[{"embeddable":true,"href":"https:\/\/www.metrolondres.es\/fr\/wp-json\/wp\/v2\/comments?post=884"}],"version-history":[{"count":5,"href":"https:\/\/www.metrolondres.es\/fr\/wp-json\/wp\/v2\/pages\/884\/revisions"}],"predecessor-version":[{"id":1575,"href":"https:\/\/www.metrolondres.es\/fr\/wp-json\/wp\/v2\/pages\/884\/revisions\/1575"}],"up":[{"embeddable":true,"href":"https:\/\/www.metrolondres.es\/fr\/wp-json\/wp\/v2\/pages\/825"}],"wp:featuredmedia":[{"embeddable":true,"href":"https:\/\/www.metrolondres.es\/fr\/wp-json\/wp\/v2\/media\/1569"}],"wp:attachment":[{"href":"https:\/\/www.metrolondres.es\/fr\/wp-json\/wp\/v2\/media?parent=884"}],"curies":[{"name":"wp","href":"https:\/\/api.w.org\/{rel}","templated":true}]}}