{"id":796,"date":"2023-10-28T18:17:35","date_gmt":"2023-10-28T18:17:35","guid":{"rendered":"https:\/\/www.metrolondres.es\/?page_id=796"},"modified":"2024-10-14T19:48:44","modified_gmt":"2024-10-14T19:48:44","slug":"politique-sur-les-cookies","status":"publish","type":"page","link":"https:\/\/www.metrolondres.es\/fr\/politique-sur-les-cookies\/","title":{"rendered":"Politique sur les cookies"},"content":{"rendered":"<p>Conform\u00e9ment \u00e0 l&rsquo;article 22.2 de la Loi 34\/2002 du 11 juillet, relative aux Services de la Soci\u00e9t\u00e9 de l&rsquo;Information et du Commerce \u00c9lectronique, ce site web vous fournit, dans cette section, des informations d\u00e9taill\u00e9es sur la politique de collecte et de traitement des cookies.<\/p><div id=\"metro-2806559431\" class=\"metro-contenido metro-entity-placement\"><script async src=\"\/\/pagead2.googlesyndication.com\/pagead\/js\/adsbygoogle.js?client=ca-pub-3426171902310072\" crossorigin=\"anonymous\"><\/script><ins class=\"adsbygoogle\" style=\"display:block;\" data-ad-client=\"ca-pub-3426171902310072\" \ndata-ad-slot=\"2301483529\" \ndata-ad-format=\"auto\" data-full-width-responsive=\"true\"><\/ins>\n<script> \n(adsbygoogle = window.adsbygoogle || []).push({}); \n<\/script>\n<\/div>\n<p>Selon le r\u00e8glement <a href=\"https:\/\/www.boe.es\/buscar\/doc.php?id=BOE-A-2002-13758\" target=\"_blank\" rel=\"noopener noreferrer\">LSSI-CE<\/a>, il existe une section qui fait r\u00e9f\u00e9rence aux cookies, obligeant les propri\u00e9taires d&rsquo;un site web ou d&rsquo;un blog, qui t\u00e9l\u00e9chargent des cookies tiers sur leur navigateur, \u00e0 informer l&rsquo;utilisateur sur le type, la dur\u00e9e et le but de chacun d&rsquo;eux.<\/p>\n<p>Ce site utilise des cookies propres et de tiers dans le but d&rsquo;offrir une meilleure exp\u00e9rience de navigation \u00e0 l&rsquo;utilisateur, de permettre le partage de contenu sur les r\u00e9seaux sociaux et d&rsquo;obtenir des statistiques et des habitudes de navigation des utilisateurs de ce blog.<\/p>\n<p>En tant qu&rsquo;utilisateur, vous avez la possibilit\u00e9 de refuser le traitement des donn\u00e9es ou des informations en bloquant ces cookies via les param\u00e8tres de votre navigateur.<\/p><div id=\"metro-1687167095\" class=\"metro-contenido_2 metro-entity-placement\"><script async src=\"\/\/pagead2.googlesyndication.com\/pagead\/js\/adsbygoogle.js?client=ca-pub-3426171902310072\" crossorigin=\"anonymous\"><\/script><ins class=\"adsbygoogle\" style=\"display:block;\" data-ad-client=\"ca-pub-3426171902310072\" \ndata-ad-slot=\"8483748498\" \ndata-ad-format=\"auto\" data-full-width-responsive=\"true\"><\/ins>\n<script> \n(adsbygoogle = window.adsbygoogle || []).push({}); \n<\/script>\n<\/div>\n<p>Conform\u00e9ment \u00e0 l&rsquo;article 22.2 de la Loi 34\/2002 sur les Services de la Soci\u00e9t\u00e9 de l&rsquo;Information et du Commerce \u00c9lectronique, si vous d\u00e9cidez de continuer \u00e0 naviguer, vous donnez votre consentement \u00e0 l&rsquo;utilisation de ces cookies.<\/p>\n<p>Vous avez la possibilit\u00e9 de modifier les param\u00e8tres de votre navigateur pour \u00eatre inform\u00e9 de la r\u00e9ception de cookies sur votre disque dur ou, si vous pr\u00e9f\u00e9rez, de d\u00e9sactiver la capacit\u00e9 \u00e0 stocker ces cookies sur votre disque dur (cela sera expliqu\u00e9 plus loin).<\/p>\n<p>Pour plus d&rsquo;informations sur les cookies, nous vous invitons \u00e0 visiter le lien suivant : <a href=\"http:\/\/www.iabspain.net\/privacidadeninternet\/usuario\" target=\"_blank\" rel=\"noopener noreferrer\">http:\/\/www.iabspain.net\/privacidadeninternet\/usuario<\/a><\/p>\n<h2>D\u00e9finition des cookies<\/h2>\n<p>Un cookie est un fichier t\u00e9l\u00e9charg\u00e9 sur votre ordinateur lorsque vous acc\u00e9dez \u00e0 certains sites web. Les cookies permettent \u00e0 un site web, entre autres, de stocker et de r\u00e9cup\u00e9rer des informations sur les habitudes de navigation d&rsquo;un utilisateur ou de son ordinateur et, selon les informations qu&rsquo;ils contiennent et l&rsquo;utilisation que vous en faites, ils peuvent \u00eatre utilis\u00e9s pour reconna\u00eetre l&rsquo;utilisateur.<\/p><div id=\"metro-2872768896\" class=\"metro-contenido_2-2 metro-entity-placement\"><script async src=\"\/\/pagead2.googlesyndication.com\/pagead\/js\/adsbygoogle.js?client=ca-pub-3426171902310072\" crossorigin=\"anonymous\"><\/script><ins class=\"adsbygoogle\" style=\"display:block;\" data-ad-client=\"ca-pub-3426171902310072\" \ndata-ad-slot=\"8483748498\" \ndata-ad-format=\"auto\" data-full-width-responsive=\"true\"><\/ins>\n<script> \n(adsbygoogle = window.adsbygoogle || []).push({}); \n<\/script>\n<\/div>\n<h2>Types de cookies utilis\u00e9s par ce site<\/h2>\n<p>Ce site web utilise les cat\u00e9gories de cookies suivantes :<br \/>\n<strong>Cookies analytiques<\/strong> : Ces cookies, trait\u00e9s par nous ou des tiers, nous permettent de quantifier le nombre d&rsquo;utilisateurs et d&rsquo;effectuer l&rsquo;analyse statistique de l&rsquo;utilisation qu&rsquo;ils font du service offert. Pour ce faire, nous analysons votre navigation sur notre site web dans le but d&rsquo;am\u00e9liorer les produits ou services que nous vous offrons.<br \/>\n<strong>Cookies techniques<\/strong> : Ce sont ceux qui facilitent la navigation de l&rsquo;utilisateur \u00e0 travers la zone restreinte et l&rsquo;utilisation de ses diff\u00e9rentes fonctions, comme, par exemple, compl\u00e9ter le processus d&rsquo;achat d&rsquo;un article.<br \/>\n<strong>Cookies de personnalisation<\/strong> : Ils permettent \u00e0 l&rsquo;utilisateur d&rsquo;acc\u00e9der au service avec certaines caract\u00e9ristiques g\u00e9n\u00e9rales pr\u00e9d\u00e9finies en fonction d&rsquo;une s\u00e9rie de crit\u00e8res sur le terminal de l&rsquo;utilisateur, tels que la langue ou le type de navigateur utilis\u00e9 pour se connecter au service.<\/p>\n<p><strong>Cookies publicitaires<\/strong> : Ces cookies, g\u00e9r\u00e9s par ce site ou par des tiers, nous permettent de g\u00e9rer de la mani\u00e8re la plus efficace possible l&rsquo;offre d&rsquo;espaces publicitaires sur le site web, en adaptant le contenu de l&rsquo;annonce au contenu du service demand\u00e9 ou \u00e0 l&rsquo;utilisation que vous faites de notre site web. Ainsi, nous pouvons analyser vos habitudes de navigation sur Internet et vous montrer de la publicit\u00e9 li\u00e9e \u00e0 votre profil de navigation.<\/p>\n<p><strong>Cookies de publicit\u00e9 comportementale<\/strong> : Ils permettent une gestion efficace des espaces publicitaires que, le cas \u00e9ch\u00e9ant, l&rsquo;\u00e9diteur a inclus sur un site web, une application ou une plateforme depuis laquelle il fournit le service demand\u00e9. Ces cookies stockent des informations sur le comportement des visiteurs obtenues gr\u00e2ce \u00e0 l&rsquo;observation continue de leurs habitudes de navigation, ce qui permet de d\u00e9velopper un profil sp\u00e9cifique pour afficher des annonces publicitaires en fonction de celui-ci.<\/p>\n<h2>D\u00e9sactivation des cookies<\/h2>\n<p>Vous avez la possibilit\u00e9 d&rsquo;autoriser, de bloquer ou de supprimer les cookies install\u00e9s sur votre ordinateur en configurant les options du navigateur install\u00e9 sur votre ordinateur. Dans la plupart des navigateurs web, il est possible d&rsquo;autoriser, de bloquer ou de supprimer les cookies install\u00e9s sur votre ordinateur.<br \/>\nVous pouvez acc\u00e9der aux param\u00e8tres des navigateurs web les plus courants pour accepter, installer ou d\u00e9sactiver les cookies :<br \/>\n<a href=\"https:\/\/support.google.com\/chrome\/answer\/95647?hl=fr\" target=\"_blank\" rel=\"noopener noreferrer\">Configurer les cookies dans Google Chrome<\/a><br \/>\n<a href=\"http:\/\/windows.microsoft.com\/fr-fr\/windows7\/how-to-manage-cookies-in-internet-explorer-9\" target=\"_blank\" rel=\"noopener noreferrer\">Configurer les cookies dans Microsoft Internet Explorer<\/a><\/p>\n<p><a href=\"https:\/\/support.mozilla.org\/fr\/kb\/activer-desactiver-cookies-preferences\" target=\"_blank\" rel=\"noopener noreferrer\">Configurer les cookies dans Mozilla Firefox<\/a><\/p>\n<p><a href=\"https:\/\/support.apple.com\/fr-fr\/HT201265\" target=\"_blank\" rel=\"noopener noreferrer\">Configurer les cookies dans Safari (Apple)<\/a><\/p>\n<h2>Cookies de tiers<\/h2>\n<p>Ce site web utilise des services tiers pour collecter des informations \u00e0 des fins statistiques et d&rsquo;utilisation du site. Des cookies de DoubleClick sont utilis\u00e9s pour am\u00e9liorer la publicit\u00e9 incluse sur le site web. Ils sont utilis\u00e9s pour cibler la publicit\u00e9 en fonction du contenu pertinent pour un utilisateur, am\u00e9liorant ainsi la qualit\u00e9 de l&rsquo;exp\u00e9rience d&rsquo;utilisation.<\/p>\n<p>Plus pr\u00e9cis\u00e9ment, nous utilisons les services de Google Adsense et Google Analytics pour nos statistiques et notre publicit\u00e9. Certains cookies sont essentiels au fonctionnement du site, comme le moteur de recherche int\u00e9gr\u00e9.<\/p>\n<p>Notre site comprend d&rsquo;autres fonctionnalit\u00e9s fournies par des tiers. Vous pouvez facilement partager du contenu sur des r\u00e9seaux sociaux tels que Facebook, Twitter ou Google+, en utilisant les boutons pr\u00e9vus \u00e0 cet effet.<\/p>\n<p>Pour consulter les cookies des services utilis\u00e9s et leurs politiques de confidentialit\u00e9, vous pouvez visiter la <a href=\"https:\/\/metrolondres.es\/politica-de-privacidad\/\" target=\"_blank\" rel=\"noopener noreferrer\">section suivante<\/a>.<\/p>\n<p>En aucun cas, les cookies ne seront utilis\u00e9s pour compromettre votre vie priv\u00e9e.<\/p>\n<p><a href=\"https:\/\/policies.google.com\/privacy\">Politique de confidentialit\u00e9 de Google<\/a><\/p>\n<p><a href=\"https:\/\/www.google.es\/adsense\/\" target=\"_blank\" rel=\"noopener noreferrer\">Google AdSense<\/a> : Profiter du contenu de notre site web gratuitement est possible gr\u00e2ce au syst\u00e8me publicitaire de Google Adsense. Nous utilisons l&rsquo;option de SERVIR UNIQUEMENT DES ANNONCES CONTEXTUELLES, NON PERSONNALIS\u00c9ES. Ce type de publicit\u00e9 utilise toujours des cookies n\u00e9cessaires pour d\u00e9terminer la fr\u00e9quence et lutter contre la fraude.<\/p>\n<p>Sur ce site web, metrolondres.es est associ\u00e9 \u00e0 Google AdSense (Google) pour afficher des publicit\u00e9s aux utilisateurs qui acc\u00e8dent \u00e0 ce site web. En collaboration avec Google, des cookies sont utilis\u00e9s pour vous montrer des publicit\u00e9s li\u00e9es aux recherches r\u00e9centes de l&rsquo;utilisateur et pour vous montrer des publicit\u00e9s plus pertinentes.<\/p>\n<p>Ce type de cookie comprend des services tiers tels que : AdSense, AdWords et Google Analytics, ainsi qu&rsquo;une s\u00e9rie de services de la marque DoubleClick. Lors de la visite de cette page, des cookies de ces services sont envoy\u00e9s \u00e0 votre navigateur. D\u00e9couvrez-en plus sur les <a href=\"https:\/\/www.google.es\/intl\/es\/policies\/technologies\/types\/\" target=\"_blank\" rel=\"noopener noreferrer\">types de cookies utilis\u00e9s par Google<\/a> et acc\u00e9dez \u00e0 des informations sur <a href=\"https:\/\/www.google.es\/intl\/es\/policies\/technologies\/cookies\/\" target=\"_blank\" rel=\"noopener noreferrer\">la fa\u00e7on dont Google utilise ces cookies<\/a>.<\/p>\n<p>N&rsquo;oubliez pas que vous pouvez utiliser les <a href=\"https:\/\/adssettings.google.com\/authenticated?hl=fr\" target=\"_blank\" rel=\"noopener noreferrer\">param\u00e8tres de publicit\u00e9<\/a> pour g\u00e9rer les annonces Google que vous souhaitez voir et celles que vous ne souhaitez pas, en fonction de vos int\u00e9r\u00eats. M\u00eame si vous choisissez de ne pas recevoir ces annonces, elles peuvent toujours appara\u00eetre en fonction de facteurs tels que votre emplacement g\u00e9n\u00e9ral d\u00e9duit de votre adresse IP, le type de navigateur, et les recherches r\u00e9centes et ant\u00e9rieures li\u00e9es \u00e0 votre recherche actuelle.<\/p>\n<p>\u00c0 propos de <a href=\"https:\/\/support.google.com\/adsense\/answer\/7549925?hl=fr\">Google Adsense<\/a><\/p>\n<p><a href=\"https:\/\/policies.google.com\/technologies\/ads\">Politique de confidentialit\u00e9 de Google Adsense<\/a><\/p>\n<p><a href=\"https:\/\/support.google.com\/adsense\/answer\/9012903\">Tiers avec lesquels Google partage vos donn\u00e9es en cas d&rsquo;utilisation d&rsquo;annonces personnalis\u00e9es<\/a><\/p>\n<p><a href=\"https:\/\/policies.google.com\/technologies\/partner-sites\">Gestion des donn\u00e9es dans les produits publicitaires de Google<\/a><\/p>\n<p><a href=\"https:\/\/adssettings.google.com\/\">Contr\u00f4lez les informations que Google utilise pour vous montrer des publicit\u00e9s<\/a><\/p>\n<p><a href=\"https:\/\/www.doubleclickbygoogle.com\/\" target=\"_blank\" rel=\"noopener noreferrer\">Doubleclick (Google, Inc.)<\/a> : Ils fournissent des informations sur les annonces qui ont \u00e9t\u00e9 montr\u00e9es \u00e0 un utilisateur, celles qui l&rsquo;int\u00e9ressent et s&rsquo;il visite le site de l&rsquo;annonceur. Son but est d&rsquo;am\u00e9liorer et de g\u00e9rer l&rsquo;exposition des annonces \u00e0 l&rsquo;utilisateur, en \u00e9vitant de lui montrer des annonces qu&rsquo;il a d\u00e9j\u00e0 vues. <a href=\"https:\/\/adssettings.google.com\/authenticated?hl=fr\" target=\"_blank\" rel=\"noopener noreferrer\">Vous pouvez les voir ici<\/a>.<\/p>\n<p>Google Analytics est un service d&rsquo;analyse web fourni par Google, Inc., une soci\u00e9t\u00e9 du Delaware dont le si\u00e8ge principal est situ\u00e9 au 1600 Amphitheatre Parkway, Mountain View (Californie), CA 94043, \u00c9tats-Unis (\u00ab\u00a0Google\u00a0\u00bb). Il aide metrolondres.es \u00e0 analyser comment les utilisateurs utilisent le site et \u00e0 am\u00e9liorer son utilit\u00e9, mais en aucun cas il n&rsquo;est associ\u00e9 \u00e0 des donn\u00e9es qui pourraient identifier l&rsquo;utilisateur. <a href=\"https:\/\/tools.google.com\/dlpage\/gaoptout?hl=fr\" target=\"_blank\" rel=\"noopener noreferrer\">Vous pouvez d\u00e9sactiver l&rsquo;utilisation de Google Analytics ici<\/a>.<\/p>\n<p><strong>Cookies des r\u00e9seaux sociaux :<\/strong><\/p>\n<p>Les cookies des r\u00e9seaux sociaux peuvent \u00eatre stock\u00e9s dans votre navigateur lorsque vous naviguez sur notre site, par exemple, lorsque vous utilisez le bouton pour partager un article sur un r\u00e9seau social.<\/p>\n<p>Les entreprises qui g\u00e9n\u00e8rent ces cookies correspondant aux r\u00e9seaux sociaux que metrolondres.es utilise ont leurs propres politiques de cookies :<\/p>\n<ul>\n<li>Cookie Facebook, comme indiqu\u00e9 dans sa <a href=\"https:\/\/www.facebook.com\/help\/cookies?ref_type=sitefooter\" target=\"_blank\" rel=\"noopener noreferrer\">Politique de cookies<\/a><\/li>\n<li>Cookie Instagram, comme indiqu\u00e9 dans sa <a href=\"https:\/\/www.instagram.com\/legal\/cookies\/\" target=\"_blank\" rel=\"noopener noreferrer\">Politique de cookies<\/a><\/li>\n<li>Cookie Twitter, comme indiqu\u00e9 dans sa <a href=\"https:\/\/twitter.com\/privacy\" target=\"_blank\" rel=\"noopener noreferrer\">Politique de confidentialit\u00e9 et d&rsquo;utilisation des cookies<\/a><\/li>\n<li>Cookie YouTube, comme indiqu\u00e9 dans sa <a href=\"https:\/\/www.google.es\/intl\/fr\/policies\/technologies\/cookies\/\" target=\"_blank\" rel=\"noopener noreferrer\">Politique de cookies<\/a><\/li>\n<\/ul>\n<h2>Avertissement sur la suppression des cookies<\/h2>\n<p>Vous pouvez supprimer et bloquer tous les cookies de ce site, mais certaines parties du site peuvent ne pas fonctionner ou la qualit\u00e9 du site web peut \u00eatre affect\u00e9e. Si vous avez des questions sur notre politique en mati\u00e8re de cookies, vous pouvez contacter ce site web par l&rsquo;interm\u00e9diaire de nos canaux de contact.<\/p>\n<p><strong>Informations suppl\u00e9mentaires sur les cookies<\/strong><\/p>\n<p>Vous pouvez consulter la r\u00e9glementation sur les cookies \u00e9mise par l&rsquo;Agence Espagnole de Protection des Donn\u00e9es dans son <a href=\"http:\/\/www.agpd.es\/portalwebAGPD\/canaldocumentacion\/publicaciones\/common\/Guias\/Guia_Cookies.pdf\" target=\"_blank\" rel=\"noopener noreferrer\">\u00ab\u00a0Guide sur l&rsquo;utilisation des cookies\u00a0\u00bb<\/a> et obtenir plus d&rsquo;informations sur les cookies sur Internet \u00e0 : <a href=\"http:\/\/www.aboutcookies.org\/\" target=\"_blank\" rel=\"noopener noreferrer\">http:\/\/www.aboutcookies.org\/<\/a>. Si vous souhaitez un contr\u00f4le plus strict sur l&rsquo;installation des cookies, vous pouvez installer des programmes ou des extensions dans votre navigateur, connus sous le nom d&rsquo;outils \u00ab\u00a0Ne pas suivre\u00a0\u00bb, qui vous permettront de choisir les cookies que vous souhaitez autoriser.<\/p>\n","protected":false},"excerpt":{"rendered":"<p>Conform\u00e9ment \u00e0 l&rsquo;article 22.2 de la Loi 34\/2002 du 11 juillet, relative aux Services de la Soci\u00e9t\u00e9 de l&rsquo;Information et du Commerce \u00c9lectronique, ce site web vous fournit, dans cette section, des informations d\u00e9taill\u00e9es sur la politique de collecte et de traitement des cookies. Selon le r\u00e8glement LSSI-CE, il existe une section qui fait r\u00e9f\u00e9rence [&hellip;]<\/p>\n","protected":false},"author":1,"featured_media":0,"parent":0,"menu_order":0,"comment_status":"closed","ping_status":"closed","template":"","meta":{"footnotes":""},"class_list":["post-796","page","type-page","status-publish","hentry"],"yoast_head":"<!-- This site is optimized with the Yoast SEO plugin v24.6 - https:\/\/yoast.com\/wordpress\/plugins\/seo\/ -->\n<title>Politique sur les cookies - M\u00e9tro de Londres<\/title>\n<meta name=\"robots\" content=\"noindex, nofollow\" \/>\n<meta property=\"og:locale\" content=\"fr_FR\" \/>\n<meta property=\"og:type\" content=\"article\" \/>\n<meta property=\"og:title\" content=\"Politique sur les cookies - M\u00e9tro de Londres\" \/>\n<meta property=\"og:description\" content=\"Conform\u00e9ment \u00e0 l&rsquo;article 22.2 de la Loi 34\/2002 du 11 juillet, relative aux Services de la Soci\u00e9t\u00e9 de l&rsquo;Information et du Commerce \u00c9lectronique, ce site web vous fournit, dans cette section, des informations d\u00e9taill\u00e9es sur la politique de collecte et de traitement des cookies. Selon le r\u00e8glement LSSI-CE, il existe une section qui fait r\u00e9f\u00e9rence [&hellip;]\" \/>\n<meta property=\"og:url\" content=\"https:\/\/www.metrolondres.es\/fr\/politique-sur-les-cookies\/\" \/>\n<meta property=\"og:site_name\" content=\"M\u00e9tro de Londres\" \/>\n<meta property=\"article:publisher\" content=\"https:\/\/www.facebook.com\/metrodelondres\/\" \/>\n<meta property=\"article:modified_time\" content=\"2024-10-14T19:48:44+00:00\" \/>\n<meta name=\"twitter:card\" content=\"summary_large_image\" \/>\n<meta name=\"twitter:site\" content=\"@metrolondres\" \/>\n<script type=\"application\/ld+json\" class=\"yoast-schema-graph\">{\"@context\":\"https:\/\/schema.org\",\"@graph\":[{\"@type\":\"WebPage\",\"@id\":\"https:\/\/www.metrolondres.es\/fr\/politique-sur-les-cookies\/\",\"url\":\"https:\/\/www.metrolondres.es\/fr\/politique-sur-les-cookies\/\",\"name\":\"Politique sur les cookies - M\u00e9tro de Londres\",\"isPartOf\":{\"@id\":\"https:\/\/www.metrolondres.es\/#website\"},\"datePublished\":\"2023-10-28T18:17:35+00:00\",\"dateModified\":\"2024-10-14T19:48:44+00:00\",\"breadcrumb\":{\"@id\":\"https:\/\/www.metrolondres.es\/fr\/politique-sur-les-cookies\/#breadcrumb\"},\"inLanguage\":\"fr-FR\",\"potentialAction\":[{\"@type\":\"ReadAction\",\"target\":[\"https:\/\/www.metrolondres.es\/fr\/politique-sur-les-cookies\/\"]}]},{\"@type\":\"BreadcrumbList\",\"@id\":\"https:\/\/www.metrolondres.es\/fr\/politique-sur-les-cookies\/#breadcrumb\",\"itemListElement\":[{\"@type\":\"ListItem\",\"position\":1,\"name\":\"Home\",\"item\":\"https:\/\/www.metrolondres.es\/fr\/\"},{\"@type\":\"ListItem\",\"position\":2,\"name\":\"Politique sur les cookies\"}]},{\"@type\":\"WebSite\",\"@id\":\"https:\/\/www.metrolondres.es\/#website\",\"url\":\"https:\/\/www.metrolondres.es\/\",\"name\":\"M\u00e9tro de Londres\",\"description\":\"mapa, horario, im\u00e1genes, tarifas, estaciones y zonas, historia y todo la informaci\u00f3n del metro de Londres\",\"publisher\":{\"@id\":\"https:\/\/www.metrolondres.es\/#organization\"},\"potentialAction\":[{\"@type\":\"SearchAction\",\"target\":{\"@type\":\"EntryPoint\",\"urlTemplate\":\"https:\/\/www.metrolondres.es\/?s={search_term_string}\"},\"query-input\":{\"@type\":\"PropertyValueSpecification\",\"valueRequired\":true,\"valueName\":\"search_term_string\"}}],\"inLanguage\":\"fr-FR\"},{\"@type\":\"Organization\",\"@id\":\"https:\/\/www.metrolondres.es\/#organization\",\"name\":\"MetroLondresEs\",\"url\":\"https:\/\/www.metrolondres.es\/\",\"logo\":{\"@type\":\"ImageObject\",\"inLanguage\":\"fr-FR\",\"@id\":\"https:\/\/www.metrolondres.es\/#\/schema\/logo\/image\/\",\"url\":\"https:\/\/www.metrolondres.es\/wp-content\/uploads\/2024\/07\/cropped-android-chrome-512x512-1.jpg\",\"contentUrl\":\"https:\/\/www.metrolondres.es\/wp-content\/uploads\/2024\/07\/cropped-android-chrome-512x512-1.jpg\",\"width\":512,\"height\":512,\"caption\":\"MetroLondresEs\"},\"image\":{\"@id\":\"https:\/\/www.metrolondres.es\/#\/schema\/logo\/image\/\"},\"sameAs\":[\"https:\/\/www.facebook.com\/metrodelondres\/\",\"https:\/\/x.com\/metrolondres\"]}]}<\/script>\n<!-- \/ Yoast SEO plugin. -->","yoast_head_json":{"title":"Politique sur les cookies - M\u00e9tro de Londres","robots":{"index":"noindex","follow":"nofollow"},"og_locale":"fr_FR","og_type":"article","og_title":"Politique sur les cookies - M\u00e9tro de Londres","og_description":"Conform\u00e9ment \u00e0 l&rsquo;article 22.2 de la Loi 34\/2002 du 11 juillet, relative aux Services de la Soci\u00e9t\u00e9 de l&rsquo;Information et du Commerce \u00c9lectronique, ce site web vous fournit, dans cette section, des informations d\u00e9taill\u00e9es sur la politique de collecte et de traitement des cookies. Selon le r\u00e8glement LSSI-CE, il existe une section qui fait r\u00e9f\u00e9rence [&hellip;]","og_url":"https:\/\/www.metrolondres.es\/fr\/politique-sur-les-cookies\/","og_site_name":"M\u00e9tro de Londres","article_publisher":"https:\/\/www.facebook.com\/metrodelondres\/","article_modified_time":"2024-10-14T19:48:44+00:00","twitter_card":"summary_large_image","twitter_site":"@metrolondres","schema":{"@context":"https:\/\/schema.org","@graph":[{"@type":"WebPage","@id":"https:\/\/www.metrolondres.es\/fr\/politique-sur-les-cookies\/","url":"https:\/\/www.metrolondres.es\/fr\/politique-sur-les-cookies\/","name":"Politique sur les cookies - M\u00e9tro de Londres","isPartOf":{"@id":"https:\/\/www.metrolondres.es\/#website"},"datePublished":"2023-10-28T18:17:35+00:00","dateModified":"2024-10-14T19:48:44+00:00","breadcrumb":{"@id":"https:\/\/www.metrolondres.es\/fr\/politique-sur-les-cookies\/#breadcrumb"},"inLanguage":"fr-FR","potentialAction":[{"@type":"ReadAction","target":["https:\/\/www.metrolondres.es\/fr\/politique-sur-les-cookies\/"]}]},{"@type":"BreadcrumbList","@id":"https:\/\/www.metrolondres.es\/fr\/politique-sur-les-cookies\/#breadcrumb","itemListElement":[{"@type":"ListItem","position":1,"name":"Home","item":"https:\/\/www.metrolondres.es\/fr\/"},{"@type":"ListItem","position":2,"name":"Politique sur les cookies"}]},{"@type":"WebSite","@id":"https:\/\/www.metrolondres.es\/#website","url":"https:\/\/www.metrolondres.es\/","name":"M\u00e9tro de Londres","description":"mapa, horario, im\u00e1genes, tarifas, estaciones y zonas, historia y todo la informaci\u00f3n del metro de Londres","publisher":{"@id":"https:\/\/www.metrolondres.es\/#organization"},"potentialAction":[{"@type":"SearchAction","target":{"@type":"EntryPoint","urlTemplate":"https:\/\/www.metrolondres.es\/?s={search_term_string}"},"query-input":{"@type":"PropertyValueSpecification","valueRequired":true,"valueName":"search_term_string"}}],"inLanguage":"fr-FR"},{"@type":"Organization","@id":"https:\/\/www.metrolondres.es\/#organization","name":"MetroLondresEs","url":"https:\/\/www.metrolondres.es\/","logo":{"@type":"ImageObject","inLanguage":"fr-FR","@id":"https:\/\/www.metrolondres.es\/#\/schema\/logo\/image\/","url":"https:\/\/www.metrolondres.es\/wp-content\/uploads\/2024\/07\/cropped-android-chrome-512x512-1.jpg","contentUrl":"https:\/\/www.metrolondres.es\/wp-content\/uploads\/2024\/07\/cropped-android-chrome-512x512-1.jpg","width":512,"height":512,"caption":"MetroLondresEs"},"image":{"@id":"https:\/\/www.metrolondres.es\/#\/schema\/logo\/image\/"},"sameAs":["https:\/\/www.facebook.com\/metrodelondres\/","https:\/\/x.com\/metrolondres"]}]}},"_links":{"self":[{"href":"https:\/\/www.metrolondres.es\/fr\/wp-json\/wp\/v2\/pages\/796","targetHints":{"allow":["GET"]}}],"collection":[{"href":"https:\/\/www.metrolondres.es\/fr\/wp-json\/wp\/v2\/pages"}],"about":[{"href":"https:\/\/www.metrolondres.es\/fr\/wp-json\/wp\/v2\/types\/page"}],"author":[{"embeddable":true,"href":"https:\/\/www.metrolondres.es\/fr\/wp-json\/wp\/v2\/users\/1"}],"replies":[{"embeddable":true,"href":"https:\/\/www.metrolondres.es\/fr\/wp-json\/wp\/v2\/comments?post=796"}],"version-history":[{"count":3,"href":"https:\/\/www.metrolondres.es\/fr\/wp-json\/wp\/v2\/pages\/796\/revisions"}],"predecessor-version":[{"id":799,"href":"https:\/\/www.metrolondres.es\/fr\/wp-json\/wp\/v2\/pages\/796\/revisions\/799"}],"wp:attachment":[{"href":"https:\/\/www.metrolondres.es\/fr\/wp-json\/wp\/v2\/media?parent=796"}],"curies":[{"name":"wp","href":"https:\/\/api.w.org\/{rel}","templated":true}]}}