{"id":1964,"date":"2024-10-14T19:43:26","date_gmt":"2024-10-14T19:43:26","guid":{"rendered":"https:\/\/www.metrolondres.es\/?page_id=1964"},"modified":"2024-10-14T19:43:41","modified_gmt":"2024-10-14T19:43:41","slug":"notice-legale","status":"publish","type":"page","link":"https:\/\/www.metrolondres.es\/fr\/notice-legale\/","title":{"rendered":"Notice l\u00e9gale"},"content":{"rendered":"<div class=\"legal-notice\">\n<h3>Exactitude des informations<\/h3>\n<p>Chez <strong>metrolondres.es<\/strong>, nous nous effor\u00e7ons de fournir les informations les plus r\u00e9centes et les plus pr\u00e9cises sur le syst\u00e8me de m\u00e9tro de Londres.<\/p><div id=\"metro-3539931867\" class=\"metro-contenido metro-entity-placement\"><script async src=\"\/\/pagead2.googlesyndication.com\/pagead\/js\/adsbygoogle.js?client=ca-pub-3426171902310072\" crossorigin=\"anonymous\"><\/script><ins class=\"adsbygoogle\" style=\"display:block;\" data-ad-client=\"ca-pub-3426171902310072\" \ndata-ad-slot=\"2301483529\" \ndata-ad-format=\"auto\" data-full-width-responsive=\"true\"><\/ins>\n<script> \n(adsbygoogle = window.adsbygoogle || []).push({}); \n<\/script>\n<\/div>\n<p>Cependant, nous ne garantissons pas que tout le contenu soit enti\u00e8rement exempt d&rsquo;erreurs ou \u00e0 jour en permanence.<\/p>\n<p>Les horaires, les tarifs, les itin\u00e9raires et d&rsquo;autres informations pertinentes peuvent changer sans pr\u00e9avis. Par cons\u00e9quent, nous recommandons \u00e0 nos utilisateurs de v\u00e9rifier les d\u00e9tails directement aupr\u00e8s de sources officielles, telles que Transport for London (TfL) ou d&rsquo;autres organismes officiels, avant de prendre des d\u00e9cisions bas\u00e9es sur les informations fournies ici.<\/p>\n<h3>Limitation de responsabilit\u00e9<\/h3>\n<p><strong>metrolondres.es<\/strong> n&rsquo;est pas responsable de toute perte, dommage ou inconv\u00e9nient pouvant r\u00e9sulter de l&rsquo;utilisation des informations fournies sur ce site. Les informations sont offertes \u00ab\u00a0telles quelles\u00a0\u00bb et ne garantissent ni leur exactitude, ni leur exhaustivit\u00e9, ni leur actualit\u00e9. L&rsquo;utilisation de ce site est aux risques et p\u00e9rils de l&rsquo;utilisateur.<\/p><div id=\"metro-553776074\" class=\"metro-contenido_2 metro-entity-placement\"><script async src=\"\/\/pagead2.googlesyndication.com\/pagead\/js\/adsbygoogle.js?client=ca-pub-3426171902310072\" crossorigin=\"anonymous\"><\/script><ins class=\"adsbygoogle\" style=\"display:block;\" data-ad-client=\"ca-pub-3426171902310072\" \ndata-ad-slot=\"8483748498\" \ndata-ad-format=\"auto\" data-full-width-responsive=\"true\"><\/ins>\n<script> \n(adsbygoogle = window.adsbygoogle || []).push({}); \n<\/script>\n<\/div>\n<h3>Liens vers des sites tiers<\/h3>\n<p>Ce site peut contenir des liens vers des sites Web tiers pour votre commodit\u00e9. Nous ne sommes pas responsables du contenu, de l&rsquo;exactitude ou des pratiques de confidentialit\u00e9 de ces sites externes. Nous recommandons aux utilisateurs de consulter les politiques de confidentialit\u00e9 et les conditions d&rsquo;utilisation de tout site Web li\u00e9.<\/p>\n<h3>Modifications de la notice l\u00e9gale<\/h3>\n<p>Nous nous r\u00e9servons le droit de modifier ou de mettre \u00e0 jour cette notice l\u00e9gale \u00e0 tout moment. Il est de la responsabilit\u00e9 des utilisateurs de consulter p\u00e9riodiquement cette page pour rester inform\u00e9s de tout changement.<\/p>\n<h3>Comp\u00e9tence et loi applicable<\/h3>\n<p>Ce site Web est r\u00e9gi par les lois de <strong>[indiquer la juridiction applicable]<\/strong>, et tout litige li\u00e9 \u00e0 son utilisation sera soumis \u00e0 la juridiction exclusive des tribunaux de <strong>Malaga<\/strong>.\n<\/div>\n","protected":false},"excerpt":{"rendered":"<p>Exactitude des informations Chez metrolondres.es, nous nous effor\u00e7ons de fournir les informations les plus r\u00e9centes et les plus pr\u00e9cises sur le syst\u00e8me de m\u00e9tro de Londres. Cependant, nous ne garantissons pas que tout le contenu soit enti\u00e8rement exempt d&rsquo;erreurs ou \u00e0 jour en permanence. Les horaires, les tarifs, les itin\u00e9raires et d&rsquo;autres informations pertinentes peuvent [&hellip;]<\/p>\n","protected":false},"author":1,"featured_media":0,"parent":0,"menu_order":0,"comment_status":"closed","ping_status":"closed","template":"","meta":{"footnotes":""},"class_list":["post-1964","page","type-page","status-publish","hentry"],"yoast_head":"<!-- This site is optimized with the Yoast SEO plugin v24.6 - https:\/\/yoast.com\/wordpress\/plugins\/seo\/ -->\n<title>Notice l\u00e9gale - M\u00e9tro de Londres<\/title>\n<meta name=\"description\" content=\"Notice l\u00e9gale\" \/>\n<meta name=\"robots\" content=\"noindex, nofollow\" \/>\n<meta property=\"og:locale\" content=\"fr_FR\" \/>\n<meta property=\"og:type\" content=\"article\" \/>\n<meta property=\"og:title\" content=\"Notice l\u00e9gale - M\u00e9tro de Londres\" \/>\n<meta property=\"og:description\" content=\"Notice l\u00e9gale\" \/>\n<meta property=\"og:url\" content=\"https:\/\/www.metrolondres.es\/fr\/notice-legale\/\" \/>\n<meta property=\"og:site_name\" content=\"M\u00e9tro de Londres\" \/>\n<meta property=\"article:publisher\" content=\"https:\/\/www.facebook.com\/metrodelondres\/\" \/>\n<meta property=\"article:modified_time\" content=\"2024-10-14T19:43:41+00:00\" \/>\n<meta name=\"twitter:card\" content=\"summary_large_image\" \/>\n<meta name=\"twitter:site\" content=\"@metrolondres\" \/>\n<script type=\"application\/ld+json\" class=\"yoast-schema-graph\">{\"@context\":\"https:\/\/schema.org\",\"@graph\":[{\"@type\":\"WebPage\",\"@id\":\"https:\/\/www.metrolondres.es\/fr\/notice-legale\/\",\"url\":\"https:\/\/www.metrolondres.es\/fr\/notice-legale\/\",\"name\":\"Notice l\u00e9gale - M\u00e9tro de Londres\",\"isPartOf\":{\"@id\":\"https:\/\/www.metrolondres.es\/#website\"},\"datePublished\":\"2024-10-14T19:43:26+00:00\",\"dateModified\":\"2024-10-14T19:43:41+00:00\",\"description\":\"Notice l\u00e9gale\",\"breadcrumb\":{\"@id\":\"https:\/\/www.metrolondres.es\/fr\/notice-legale\/#breadcrumb\"},\"inLanguage\":\"fr-FR\",\"potentialAction\":[{\"@type\":\"ReadAction\",\"target\":[\"https:\/\/www.metrolondres.es\/fr\/notice-legale\/\"]}]},{\"@type\":\"BreadcrumbList\",\"@id\":\"https:\/\/www.metrolondres.es\/fr\/notice-legale\/#breadcrumb\",\"itemListElement\":[{\"@type\":\"ListItem\",\"position\":1,\"name\":\"Home\",\"item\":\"https:\/\/www.metrolondres.es\/fr\/\"},{\"@type\":\"ListItem\",\"position\":2,\"name\":\"Notice l\u00e9gale\"}]},{\"@type\":\"WebSite\",\"@id\":\"https:\/\/www.metrolondres.es\/#website\",\"url\":\"https:\/\/www.metrolondres.es\/\",\"name\":\"M\u00e9tro de Londres\",\"description\":\"mapa, horario, im\u00e1genes, tarifas, estaciones y zonas, historia y todo la informaci\u00f3n del metro de Londres\",\"publisher\":{\"@id\":\"https:\/\/www.metrolondres.es\/#organization\"},\"potentialAction\":[{\"@type\":\"SearchAction\",\"target\":{\"@type\":\"EntryPoint\",\"urlTemplate\":\"https:\/\/www.metrolondres.es\/?s={search_term_string}\"},\"query-input\":{\"@type\":\"PropertyValueSpecification\",\"valueRequired\":true,\"valueName\":\"search_term_string\"}}],\"inLanguage\":\"fr-FR\"},{\"@type\":\"Organization\",\"@id\":\"https:\/\/www.metrolondres.es\/#organization\",\"name\":\"MetroLondresEs\",\"url\":\"https:\/\/www.metrolondres.es\/\",\"logo\":{\"@type\":\"ImageObject\",\"inLanguage\":\"fr-FR\",\"@id\":\"https:\/\/www.metrolondres.es\/#\/schema\/logo\/image\/\",\"url\":\"https:\/\/www.metrolondres.es\/wp-content\/uploads\/2024\/07\/cropped-android-chrome-512x512-1.jpg\",\"contentUrl\":\"https:\/\/www.metrolondres.es\/wp-content\/uploads\/2024\/07\/cropped-android-chrome-512x512-1.jpg\",\"width\":512,\"height\":512,\"caption\":\"MetroLondresEs\"},\"image\":{\"@id\":\"https:\/\/www.metrolondres.es\/#\/schema\/logo\/image\/\"},\"sameAs\":[\"https:\/\/www.facebook.com\/metrodelondres\/\",\"https:\/\/x.com\/metrolondres\"]}]}<\/script>\n<!-- \/ Yoast SEO plugin. -->","yoast_head_json":{"title":"Notice l\u00e9gale - M\u00e9tro de Londres","description":"Notice l\u00e9gale","robots":{"index":"noindex","follow":"nofollow"},"og_locale":"fr_FR","og_type":"article","og_title":"Notice l\u00e9gale - M\u00e9tro de Londres","og_description":"Notice l\u00e9gale","og_url":"https:\/\/www.metrolondres.es\/fr\/notice-legale\/","og_site_name":"M\u00e9tro de Londres","article_publisher":"https:\/\/www.facebook.com\/metrodelondres\/","article_modified_time":"2024-10-14T19:43:41+00:00","twitter_card":"summary_large_image","twitter_site":"@metrolondres","schema":{"@context":"https:\/\/schema.org","@graph":[{"@type":"WebPage","@id":"https:\/\/www.metrolondres.es\/fr\/notice-legale\/","url":"https:\/\/www.metrolondres.es\/fr\/notice-legale\/","name":"Notice l\u00e9gale - M\u00e9tro de Londres","isPartOf":{"@id":"https:\/\/www.metrolondres.es\/#website"},"datePublished":"2024-10-14T19:43:26+00:00","dateModified":"2024-10-14T19:43:41+00:00","description":"Notice l\u00e9gale","breadcrumb":{"@id":"https:\/\/www.metrolondres.es\/fr\/notice-legale\/#breadcrumb"},"inLanguage":"fr-FR","potentialAction":[{"@type":"ReadAction","target":["https:\/\/www.metrolondres.es\/fr\/notice-legale\/"]}]},{"@type":"BreadcrumbList","@id":"https:\/\/www.metrolondres.es\/fr\/notice-legale\/#breadcrumb","itemListElement":[{"@type":"ListItem","position":1,"name":"Home","item":"https:\/\/www.metrolondres.es\/fr\/"},{"@type":"ListItem","position":2,"name":"Notice l\u00e9gale"}]},{"@type":"WebSite","@id":"https:\/\/www.metrolondres.es\/#website","url":"https:\/\/www.metrolondres.es\/","name":"M\u00e9tro de Londres","description":"mapa, horario, im\u00e1genes, tarifas, estaciones y zonas, historia y todo la informaci\u00f3n del metro de Londres","publisher":{"@id":"https:\/\/www.metrolondres.es\/#organization"},"potentialAction":[{"@type":"SearchAction","target":{"@type":"EntryPoint","urlTemplate":"https:\/\/www.metrolondres.es\/?s={search_term_string}"},"query-input":{"@type":"PropertyValueSpecification","valueRequired":true,"valueName":"search_term_string"}}],"inLanguage":"fr-FR"},{"@type":"Organization","@id":"https:\/\/www.metrolondres.es\/#organization","name":"MetroLondresEs","url":"https:\/\/www.metrolondres.es\/","logo":{"@type":"ImageObject","inLanguage":"fr-FR","@id":"https:\/\/www.metrolondres.es\/#\/schema\/logo\/image\/","url":"https:\/\/www.metrolondres.es\/wp-content\/uploads\/2024\/07\/cropped-android-chrome-512x512-1.jpg","contentUrl":"https:\/\/www.metrolondres.es\/wp-content\/uploads\/2024\/07\/cropped-android-chrome-512x512-1.jpg","width":512,"height":512,"caption":"MetroLondresEs"},"image":{"@id":"https:\/\/www.metrolondres.es\/#\/schema\/logo\/image\/"},"sameAs":["https:\/\/www.facebook.com\/metrodelondres\/","https:\/\/x.com\/metrolondres"]}]}},"_links":{"self":[{"href":"https:\/\/www.metrolondres.es\/fr\/wp-json\/wp\/v2\/pages\/1964","targetHints":{"allow":["GET"]}}],"collection":[{"href":"https:\/\/www.metrolondres.es\/fr\/wp-json\/wp\/v2\/pages"}],"about":[{"href":"https:\/\/www.metrolondres.es\/fr\/wp-json\/wp\/v2\/types\/page"}],"author":[{"embeddable":true,"href":"https:\/\/www.metrolondres.es\/fr\/wp-json\/wp\/v2\/users\/1"}],"replies":[{"embeddable":true,"href":"https:\/\/www.metrolondres.es\/fr\/wp-json\/wp\/v2\/comments?post=1964"}],"version-history":[{"count":1,"href":"https:\/\/www.metrolondres.es\/fr\/wp-json\/wp\/v2\/pages\/1964\/revisions"}],"predecessor-version":[{"id":1965,"href":"https:\/\/www.metrolondres.es\/fr\/wp-json\/wp\/v2\/pages\/1964\/revisions\/1965"}],"wp:attachment":[{"href":"https:\/\/www.metrolondres.es\/fr\/wp-json\/wp\/v2\/media?parent=1964"}],"curies":[{"name":"wp","href":"https:\/\/api.w.org\/{rel}","templated":true}]}}