{"id":1201,"date":"2024-08-08T14:41:25","date_gmt":"2024-08-08T14:41:25","guid":{"rendered":"https:\/\/www.metrolondres.es\/?page_id=1201"},"modified":"2024-10-14T19:48:58","modified_gmt":"2024-10-14T19:48:58","slug":"a-propos-de-nous","status":"publish","type":"page","link":"https:\/\/www.metrolondres.es\/fr\/a-propos-de-nous\/","title":{"rendered":"\u00c0 propos de nous"},"content":{"rendered":"<div class=\"about-us\">\n<p>Bienvenue sur <a href=\"https:\/\/metrolondres.es\"><strong>Metro de Londres<\/strong><\/a>, votre guide ultime pour naviguer dans le plus ancien syst\u00e8me de m\u00e9tro du monde.<\/p><div id=\"metro-1228593581\" class=\"metro-contenido metro-entity-placement\"><script async src=\"\/\/pagead2.googlesyndication.com\/pagead\/js\/adsbygoogle.js?client=ca-pub-3426171902310072\" crossorigin=\"anonymous\"><\/script><ins class=\"adsbygoogle\" style=\"display:block;\" data-ad-client=\"ca-pub-3426171902310072\" \ndata-ad-slot=\"2301483529\" \ndata-ad-format=\"auto\" data-full-width-responsive=\"true\"><\/ins>\n<script> \n(adsbygoogle = window.adsbygoogle || []).push({}); \n<\/script>\n<\/div>\n<p>Notre mission est de fournir des informations compl\u00e8tes, pr\u00e9cises et \u00e0 jour sur ce fascinant syst\u00e8me de m\u00e9tro, rendant votre voyage \u00e0 Londres simple et sans stress.<\/p>\n<p><a href=\"https:\/\/www.metrolondres.es\/wp-content\/uploads\/2014\/06\/london-undergrond-logotipo.png\"><img decoding=\"async\" class=\"size-medium wp-image-288 aligncenter lazyload\" data-src=\"https:\/\/www.metrolondres.es\/wp-content\/uploads\/2014\/06\/london-undergrond-logotipo-300x242.png\" alt=\"Tube logo\" width=\"300\" height=\"242\" data-srcset=\"https:\/\/www.metrolondres.es\/wp-content\/uploads\/2014\/06\/london-undergrond-logotipo-300x242.png 300w, https:\/\/www.metrolondres.es\/wp-content\/uploads\/2014\/06\/london-undergrond-logotipo.png 450w\" data-sizes=\"(max-width: 300px) 100vw, 300px\" src=\"data:image\/svg+xml;base64,PHN2ZyB3aWR0aD0iMSIgaGVpZ2h0PSIxIiB4bWxucz0iaHR0cDovL3d3dy53My5vcmcvMjAwMC9zdmciPjwvc3ZnPg==\" style=\"--smush-placeholder-width: 300px; --smush-placeholder-aspect-ratio: 300\/242;\" \/><\/a><\/p>\n<p>Que vous soyez un voyageur local ou un touriste, nous offrons des cartes d\u00e9taill\u00e9es, des horaires, des informations tarifaires et des conseils sur l&rsquo;utilisation de diverses cartes de voyage. Notre \u00e9quipe est d\u00e9di\u00e9e \u00e0 vous aider \u00e0 explorer Londres avec facilit\u00e9 et confiance.<\/p>\n<p>Vous pouvez nous trouver sur les r\u00e9seaux sociaux : <a href=\"https:\/\/www.facebook.com\/metrodelondres\/\">Facebook<\/a> et <a href=\"https:\/\/www.facebook.com\/metrodelondres\/\">X<\/a>. Pour toute question, veuillez visiter notre section <a href=\"https:\/\/www.metrolondres.es\/contacto\/\">Contact<\/a>.<\/p><div id=\"metro-1931275567\" class=\"metro-contenido_2 metro-entity-placement\"><script async src=\"\/\/pagead2.googlesyndication.com\/pagead\/js\/adsbygoogle.js?client=ca-pub-3426171902310072\" crossorigin=\"anonymous\"><\/script><ins class=\"adsbygoogle\" style=\"display:block;\" data-ad-client=\"ca-pub-3426171902310072\" \ndata-ad-slot=\"8483748498\" \ndata-ad-format=\"auto\" data-full-width-responsive=\"true\"><\/ins>\n<script> \n(adsbygoogle = window.adsbygoogle || []).push({}); \n<\/script>\n<\/div>\n<p>Dans notre section blog, nous partageons \u00e9galement des curiosit\u00e9s et des sujets d&rsquo;int\u00e9r\u00eat pour les visiteurs de Londres. Bien que nous ne soyons pas des professionnels, nous prenons notre travail au s\u00e9rieux et nous nous effor\u00e7ons de garantir que toutes les informations que nous fournissons soient v\u00e9ridiques et enti\u00e8rement \u00e0 jour.<\/p>\n<p>Vous \u00eates invit\u00e9s \u00e0 collaborer avec nous, soit en \u00e9crivant des articles, soit en nous proposant des sujets d&rsquo;int\u00e9r\u00eat.<\/p>\n<p>Notre \u00e9quipe se compose de passionn\u00e9s de Londres ayant une connaissance approfondie des transports publics et des ann\u00e9es d&rsquo;exp\u00e9rience dans l&rsquo;\u00e9laboration de guides et de contenus informatifs.<\/p>\n<p>Merci d&rsquo;avoir choisi Metro de Londres comme votre ressource de confiance pour tout ce qui concerne le m\u00e9tro de Londres.<\/p><div id=\"metro-2398241162\" class=\"metro-contenido_2-2 metro-entity-placement\"><script async src=\"\/\/pagead2.googlesyndication.com\/pagead\/js\/adsbygoogle.js?client=ca-pub-3426171902310072\" crossorigin=\"anonymous\"><\/script><ins class=\"adsbygoogle\" style=\"display:block;\" data-ad-client=\"ca-pub-3426171902310072\" \ndata-ad-slot=\"8483748498\" \ndata-ad-format=\"auto\" data-full-width-responsive=\"true\"><\/ins>\n<script> \n(adsbygoogle = window.adsbygoogle || []).push({}); \n<\/script>\n<\/div>\n<\/div>\n","protected":false},"excerpt":{"rendered":"<p>Bienvenue sur Metro de Londres, votre guide ultime pour naviguer dans le plus ancien syst\u00e8me de m\u00e9tro du monde. Notre mission est de fournir des informations compl\u00e8tes, pr\u00e9cises et \u00e0 jour sur ce fascinant syst\u00e8me de m\u00e9tro, rendant votre voyage \u00e0 Londres simple et sans stress. Que vous soyez un voyageur local ou un touriste, [&hellip;]<\/p>\n","protected":false},"author":1,"featured_media":0,"parent":0,"menu_order":0,"comment_status":"closed","ping_status":"closed","template":"","meta":{"footnotes":""},"class_list":["post-1201","page","type-page","status-publish","hentry"],"yoast_head":"<!-- This site is optimized with the Yoast SEO plugin v24.6 - https:\/\/yoast.com\/wordpress\/plugins\/seo\/ -->\n<title>\u00c0 propos de nous - M\u00e9tro de Londres<\/title>\n<meta name=\"description\" content=\"Rejoignez-nous sur Facebook et X, ou contactez-nous pour toute question.\" \/>\n<meta name=\"robots\" content=\"index, follow, max-snippet:-1, max-image-preview:large, max-video-preview:-1\" \/>\n<link rel=\"canonical\" href=\"https:\/\/www.metrolondres.es\/fr\/a-propos-de-nous\/\" \/>\n<meta property=\"og:locale\" content=\"fr_FR\" \/>\n<meta property=\"og:type\" content=\"article\" \/>\n<meta property=\"og:title\" content=\"\u00c0 propos de nous - M\u00e9tro de Londres\" \/>\n<meta property=\"og:description\" content=\"Rejoignez-nous sur Facebook et X, ou contactez-nous pour toute question.\" \/>\n<meta property=\"og:url\" content=\"https:\/\/www.metrolondres.es\/fr\/a-propos-de-nous\/\" \/>\n<meta property=\"og:site_name\" content=\"M\u00e9tro de Londres\" \/>\n<meta property=\"article:publisher\" content=\"https:\/\/www.facebook.com\/metrodelondres\/\" \/>\n<meta property=\"article:modified_time\" content=\"2024-10-14T19:48:58+00:00\" \/>\n<meta property=\"og:image\" content=\"https:\/\/www.metrolondres.es\/wp-content\/uploads\/2014\/06\/london-undergrond-logotipo.png\" \/>\n\t<meta property=\"og:image:width\" content=\"450\" \/>\n\t<meta property=\"og:image:height\" content=\"364\" \/>\n\t<meta property=\"og:image:type\" content=\"image\/png\" \/>\n<meta name=\"twitter:card\" content=\"summary_large_image\" \/>\n<meta name=\"twitter:site\" content=\"@metrolondres\" \/>\n<script type=\"application\/ld+json\" class=\"yoast-schema-graph\">{\"@context\":\"https:\/\/schema.org\",\"@graph\":[{\"@type\":\"WebPage\",\"@id\":\"https:\/\/www.metrolondres.es\/fr\/a-propos-de-nous\/\",\"url\":\"https:\/\/www.metrolondres.es\/fr\/a-propos-de-nous\/\",\"name\":\"\u00c0 propos de nous - M\u00e9tro de Londres\",\"isPartOf\":{\"@id\":\"https:\/\/www.metrolondres.es\/#website\"},\"primaryImageOfPage\":{\"@id\":\"https:\/\/www.metrolondres.es\/fr\/a-propos-de-nous\/#primaryimage\"},\"image\":{\"@id\":\"https:\/\/www.metrolondres.es\/fr\/a-propos-de-nous\/#primaryimage\"},\"thumbnailUrl\":\"https:\/\/www.metrolondres.es\/wp-content\/uploads\/2014\/06\/london-undergrond-logotipo-300x242.png\",\"datePublished\":\"2024-08-08T14:41:25+00:00\",\"dateModified\":\"2024-10-14T19:48:58+00:00\",\"description\":\"Rejoignez-nous sur Facebook et X, ou contactez-nous pour toute question.\",\"breadcrumb\":{\"@id\":\"https:\/\/www.metrolondres.es\/fr\/a-propos-de-nous\/#breadcrumb\"},\"inLanguage\":\"fr-FR\",\"potentialAction\":[{\"@type\":\"ReadAction\",\"target\":[\"https:\/\/www.metrolondres.es\/fr\/a-propos-de-nous\/\"]}]},{\"@type\":\"ImageObject\",\"inLanguage\":\"fr-FR\",\"@id\":\"https:\/\/www.metrolondres.es\/fr\/a-propos-de-nous\/#primaryimage\",\"url\":\"https:\/\/www.metrolondres.es\/wp-content\/uploads\/2014\/06\/london-undergrond-logotipo-300x242.png\",\"contentUrl\":\"https:\/\/www.metrolondres.es\/wp-content\/uploads\/2014\/06\/london-undergrond-logotipo-300x242.png\"},{\"@type\":\"BreadcrumbList\",\"@id\":\"https:\/\/www.metrolondres.es\/fr\/a-propos-de-nous\/#breadcrumb\",\"itemListElement\":[{\"@type\":\"ListItem\",\"position\":1,\"name\":\"Home\",\"item\":\"https:\/\/www.metrolondres.es\/fr\/\"},{\"@type\":\"ListItem\",\"position\":2,\"name\":\"\u00c0 propos de nous\"}]},{\"@type\":\"WebSite\",\"@id\":\"https:\/\/www.metrolondres.es\/#website\",\"url\":\"https:\/\/www.metrolondres.es\/\",\"name\":\"M\u00e9tro de Londres\",\"description\":\"mapa, horario, im\u00e1genes, tarifas, estaciones y zonas, historia y todo la informaci\u00f3n del metro de Londres\",\"publisher\":{\"@id\":\"https:\/\/www.metrolondres.es\/#organization\"},\"potentialAction\":[{\"@type\":\"SearchAction\",\"target\":{\"@type\":\"EntryPoint\",\"urlTemplate\":\"https:\/\/www.metrolondres.es\/?s={search_term_string}\"},\"query-input\":{\"@type\":\"PropertyValueSpecification\",\"valueRequired\":true,\"valueName\":\"search_term_string\"}}],\"inLanguage\":\"fr-FR\"},{\"@type\":\"Organization\",\"@id\":\"https:\/\/www.metrolondres.es\/#organization\",\"name\":\"MetroLondresEs\",\"url\":\"https:\/\/www.metrolondres.es\/\",\"logo\":{\"@type\":\"ImageObject\",\"inLanguage\":\"fr-FR\",\"@id\":\"https:\/\/www.metrolondres.es\/#\/schema\/logo\/image\/\",\"url\":\"https:\/\/www.metrolondres.es\/wp-content\/uploads\/2024\/07\/cropped-android-chrome-512x512-1.jpg\",\"contentUrl\":\"https:\/\/www.metrolondres.es\/wp-content\/uploads\/2024\/07\/cropped-android-chrome-512x512-1.jpg\",\"width\":512,\"height\":512,\"caption\":\"MetroLondresEs\"},\"image\":{\"@id\":\"https:\/\/www.metrolondres.es\/#\/schema\/logo\/image\/\"},\"sameAs\":[\"https:\/\/www.facebook.com\/metrodelondres\/\",\"https:\/\/x.com\/metrolondres\"]}]}<\/script>\n<!-- \/ Yoast SEO plugin. -->","yoast_head_json":{"title":"\u00c0 propos de nous - M\u00e9tro de Londres","description":"Rejoignez-nous sur Facebook et X, ou contactez-nous pour toute question.","robots":{"index":"index","follow":"follow","max-snippet":"max-snippet:-1","max-image-preview":"max-image-preview:large","max-video-preview":"max-video-preview:-1"},"canonical":"https:\/\/www.metrolondres.es\/fr\/a-propos-de-nous\/","og_locale":"fr_FR","og_type":"article","og_title":"\u00c0 propos de nous - M\u00e9tro de Londres","og_description":"Rejoignez-nous sur Facebook et X, ou contactez-nous pour toute question.","og_url":"https:\/\/www.metrolondres.es\/fr\/a-propos-de-nous\/","og_site_name":"M\u00e9tro de Londres","article_publisher":"https:\/\/www.facebook.com\/metrodelondres\/","article_modified_time":"2024-10-14T19:48:58+00:00","og_image":[{"width":450,"height":364,"url":"https:\/\/www.metrolondres.es\/wp-content\/uploads\/2014\/06\/london-undergrond-logotipo.png","type":"image\/png"}],"twitter_card":"summary_large_image","twitter_site":"@metrolondres","schema":{"@context":"https:\/\/schema.org","@graph":[{"@type":"WebPage","@id":"https:\/\/www.metrolondres.es\/fr\/a-propos-de-nous\/","url":"https:\/\/www.metrolondres.es\/fr\/a-propos-de-nous\/","name":"\u00c0 propos de nous - M\u00e9tro de Londres","isPartOf":{"@id":"https:\/\/www.metrolondres.es\/#website"},"primaryImageOfPage":{"@id":"https:\/\/www.metrolondres.es\/fr\/a-propos-de-nous\/#primaryimage"},"image":{"@id":"https:\/\/www.metrolondres.es\/fr\/a-propos-de-nous\/#primaryimage"},"thumbnailUrl":"https:\/\/www.metrolondres.es\/wp-content\/uploads\/2014\/06\/london-undergrond-logotipo-300x242.png","datePublished":"2024-08-08T14:41:25+00:00","dateModified":"2024-10-14T19:48:58+00:00","description":"Rejoignez-nous sur Facebook et X, ou contactez-nous pour toute question.","breadcrumb":{"@id":"https:\/\/www.metrolondres.es\/fr\/a-propos-de-nous\/#breadcrumb"},"inLanguage":"fr-FR","potentialAction":[{"@type":"ReadAction","target":["https:\/\/www.metrolondres.es\/fr\/a-propos-de-nous\/"]}]},{"@type":"ImageObject","inLanguage":"fr-FR","@id":"https:\/\/www.metrolondres.es\/fr\/a-propos-de-nous\/#primaryimage","url":"https:\/\/www.metrolondres.es\/wp-content\/uploads\/2014\/06\/london-undergrond-logotipo-300x242.png","contentUrl":"https:\/\/www.metrolondres.es\/wp-content\/uploads\/2014\/06\/london-undergrond-logotipo-300x242.png"},{"@type":"BreadcrumbList","@id":"https:\/\/www.metrolondres.es\/fr\/a-propos-de-nous\/#breadcrumb","itemListElement":[{"@type":"ListItem","position":1,"name":"Home","item":"https:\/\/www.metrolondres.es\/fr\/"},{"@type":"ListItem","position":2,"name":"\u00c0 propos de nous"}]},{"@type":"WebSite","@id":"https:\/\/www.metrolondres.es\/#website","url":"https:\/\/www.metrolondres.es\/","name":"M\u00e9tro de Londres","description":"mapa, horario, im\u00e1genes, tarifas, estaciones y zonas, historia y todo la informaci\u00f3n del metro de Londres","publisher":{"@id":"https:\/\/www.metrolondres.es\/#organization"},"potentialAction":[{"@type":"SearchAction","target":{"@type":"EntryPoint","urlTemplate":"https:\/\/www.metrolondres.es\/?s={search_term_string}"},"query-input":{"@type":"PropertyValueSpecification","valueRequired":true,"valueName":"search_term_string"}}],"inLanguage":"fr-FR"},{"@type":"Organization","@id":"https:\/\/www.metrolondres.es\/#organization","name":"MetroLondresEs","url":"https:\/\/www.metrolondres.es\/","logo":{"@type":"ImageObject","inLanguage":"fr-FR","@id":"https:\/\/www.metrolondres.es\/#\/schema\/logo\/image\/","url":"https:\/\/www.metrolondres.es\/wp-content\/uploads\/2024\/07\/cropped-android-chrome-512x512-1.jpg","contentUrl":"https:\/\/www.metrolondres.es\/wp-content\/uploads\/2024\/07\/cropped-android-chrome-512x512-1.jpg","width":512,"height":512,"caption":"MetroLondresEs"},"image":{"@id":"https:\/\/www.metrolondres.es\/#\/schema\/logo\/image\/"},"sameAs":["https:\/\/www.facebook.com\/metrodelondres\/","https:\/\/x.com\/metrolondres"]}]}},"_links":{"self":[{"href":"https:\/\/www.metrolondres.es\/fr\/wp-json\/wp\/v2\/pages\/1201","targetHints":{"allow":["GET"]}}],"collection":[{"href":"https:\/\/www.metrolondres.es\/fr\/wp-json\/wp\/v2\/pages"}],"about":[{"href":"https:\/\/www.metrolondres.es\/fr\/wp-json\/wp\/v2\/types\/page"}],"author":[{"embeddable":true,"href":"https:\/\/www.metrolondres.es\/fr\/wp-json\/wp\/v2\/users\/1"}],"replies":[{"embeddable":true,"href":"https:\/\/www.metrolondres.es\/fr\/wp-json\/wp\/v2\/comments?post=1201"}],"version-history":[{"count":1,"href":"https:\/\/www.metrolondres.es\/fr\/wp-json\/wp\/v2\/pages\/1201\/revisions"}],"predecessor-version":[{"id":1202,"href":"https:\/\/www.metrolondres.es\/fr\/wp-json\/wp\/v2\/pages\/1201\/revisions\/1202"}],"wp:attachment":[{"href":"https:\/\/www.metrolondres.es\/fr\/wp-json\/wp\/v2\/media?parent=1201"}],"curies":[{"name":"wp","href":"https:\/\/api.w.org\/{rel}","templated":true}]}}